{"id":90495,"date":"2026-02-14T15:38:13","date_gmt":"2026-02-14T19:38:13","guid":{"rendered":"https:\/\/www.baca.ca\/exhibitions\/to-move-across-the-land\/musee-rimouski\/"},"modified":"2026-03-31T10:05:34","modified_gmt":"2026-03-31T14:05:34","slug":"musee-rimouski","status":"publish","type":"page","link":"https:\/\/www.baca.ca\/en\/exhibitions\/to-move-across-the-land\/musee-rimouski\/","title":{"rendered":"Mus\u00e9e de Rimouski"},"content":{"rendered":"<div class=\"wpb-content-wrapper\"><p>[vc_row][vc_column width=&#8221;1\/2&#8243;][vc_column_text uncode_shortcode_id=&#8221;808081&#8243;]<em>To Move Across the Land<\/em><br class=\"\" \/>Curators : Armando Perla &amp; Michael Patten<br class=\"\" \/>La Biennale d&#8217;art contemporain autochtone (BACA), 8th edition<\/p>\n<p>September 17, 2026 to February 1, 2027<br \/>\n<a href=\"https:\/\/museerimouski.qc.ca\/\">Mus\u00e9e de Rimouski<\/a><br \/>\nRimouski, QC<\/p>\n<p>The Biennale d\u2019art contemporain autochtone (BACA) would like to thank its partners the Canada Council for the Arts, the Conseil des arts et des lettres du Qu\u00e9bec, the Secr\u00e9tariat des affaires Autochtones, the Conseil des arts de Montr\u00e9al, Tourisme Montr\u00e9al, and Collection Desjardins.<\/p>\n<p>Launched in 2012, the Contemporary Native Art Biennial (BACA) is a Montreal-based non-profit organization (registered in 2016) that promotes the work of Indigenous artists. The biennial is held every two years, in multiple venues, with each iteration focusing on a specific theme. The event is aimed at an ever-growing audience\u2014Indigenous and non-Indigenous alike\u2014and features both emerging and established artists. Our mission is to promote Indigenous art and to sensitize and educate the public on the cultural issues of the First Nations.[\/vc_column_text][\/vc_column][vc_column width=&#8221;1\/2&#8243;][\/vc_column][\/vc_row]<\/p>\n<\/div>","protected":false},"excerpt":{"rendered":"<p>[vc_row][vc_column width=&#8221;1\/2&#8243;][vc_column_text uncode_shortcode_id=&#8221;808081&#8243;]To Move Across the LandCurators : Armando Perla &amp; Michael PattenLa Biennale d&#8217;art contemporain autochtone (BACA), 8th edition [&hellip;]<\/p>\n","protected":false},"author":1,"featured_media":0,"parent":90463,"menu_order":0,"comment_status":"closed","ping_status":"closed","template":"","meta":{"footnotes":""},"class_list":["post-90495","page","type-page","status-publish","hentry"],"yoast_head":"<!-- This site is optimized with the Yoast SEO plugin v27.6 - https:\/\/yoast.com\/product\/yoast-seo-wordpress\/ -->\n<title>Mus\u00e9e de Rimouski | La Biennale d\u2019art contemporain autochtone<\/title>\n<meta name=\"robots\" content=\"index, follow, max-snippet:-1, max-image-preview:large, max-video-preview:-1\" \/>\n<link rel=\"canonical\" href=\"https:\/\/www.baca.ca\/en\/exhibitions\/to-move-across-the-land\/musee-rimouski\/\" \/>\n<meta property=\"og:locale\" content=\"en_US\" \/>\n<meta property=\"og:type\" content=\"article\" \/>\n<meta property=\"og:title\" content=\"Mus\u00e9e de Rimouski | La Biennale d\u2019art contemporain autochtone\" \/>\n<meta property=\"og:description\" content=\"[vc_row][vc_column width=&#8221;1\/2&#8243;][vc_column_text uncode_shortcode_id=&#8221;808081&#8243;]To Move Across the LandCurators : Armando Perla &amp; Michael PattenLa Biennale d&#8217;art contemporain autochtone (BACA), 8th edition [&hellip;]\" \/>\n<meta property=\"og:url\" content=\"https:\/\/www.baca.ca\/en\/exhibitions\/to-move-across-the-land\/musee-rimouski\/\" \/>\n<meta property=\"og:site_name\" content=\"La Biennale d\u2019art contemporain autochtone\" \/>\n<meta property=\"article:publisher\" content=\"https:\/\/www.facebook.com\/bacabiennale\/\" \/>\n<meta property=\"article:modified_time\" content=\"2026-03-31T14:05:34+00:00\" \/>\n<meta name=\"twitter:card\" content=\"summary_large_image\" \/>\n<meta name=\"twitter:label1\" content=\"Est. reading time\" \/>\n\t<meta name=\"twitter:data1\" content=\"1 minute\" \/>\n<script type=\"application\/ld+json\" class=\"yoast-schema-graph\">{\"@context\":\"https:\\\/\\\/schema.org\",\"@graph\":[{\"@type\":\"WebPage\",\"@id\":\"https:\\\/\\\/www.baca.ca\\\/en\\\/exhibitions\\\/to-move-across-the-land\\\/musee-rimouski\\\/\",\"url\":\"https:\\\/\\\/www.baca.ca\\\/en\\\/exhibitions\\\/to-move-across-the-land\\\/musee-rimouski\\\/\",\"name\":\"Mus\u00e9e de Rimouski | La Biennale d\u2019art contemporain autochtone\",\"isPartOf\":{\"@id\":\"https:\\\/\\\/www.baca.ca\\\/en\\\/#website\"},\"datePublished\":\"2026-02-14T19:38:13+00:00\",\"dateModified\":\"2026-03-31T14:05:34+00:00\",\"breadcrumb\":{\"@id\":\"https:\\\/\\\/www.baca.ca\\\/en\\\/exhibitions\\\/to-move-across-the-land\\\/musee-rimouski\\\/#breadcrumb\"},\"inLanguage\":\"en-US\",\"potentialAction\":[{\"@type\":\"ReadAction\",\"target\":[\"https:\\\/\\\/www.baca.ca\\\/en\\\/exhibitions\\\/to-move-across-the-land\\\/musee-rimouski\\\/\"]}]},{\"@type\":\"BreadcrumbList\",\"@id\":\"https:\\\/\\\/www.baca.ca\\\/en\\\/exhibitions\\\/to-move-across-the-land\\\/musee-rimouski\\\/#breadcrumb\",\"itemListElement\":[{\"@type\":\"ListItem\",\"position\":1,\"name\":\"Home\",\"item\":\"https:\\\/\\\/www.baca.ca\\\/en\\\/\"},{\"@type\":\"ListItem\",\"position\":2,\"name\":\"Exhibitions\",\"item\":\"https:\\\/\\\/www.baca.ca\\\/en\\\/exhibitions\\\/\"},{\"@type\":\"ListItem\",\"position\":3,\"name\":\"To Move Across the Land\",\"item\":\"https:\\\/\\\/www.baca.ca\\\/en\\\/exhibitions\\\/to-move-across-the-land\\\/\"},{\"@type\":\"ListItem\",\"position\":4,\"name\":\"Mus\u00e9e de Rimouski\"}]},{\"@type\":\"WebSite\",\"@id\":\"https:\\\/\\\/www.baca.ca\\\/en\\\/#website\",\"url\":\"https:\\\/\\\/www.baca.ca\\\/en\\\/\",\"name\":\"La Biennale d\u2019art contemporain autochtone\",\"description\":\"Contemporary Native Art Biennial (BACA)\",\"publisher\":{\"@id\":\"https:\\\/\\\/www.baca.ca\\\/en\\\/#organization\"},\"potentialAction\":[{\"@type\":\"SearchAction\",\"target\":{\"@type\":\"EntryPoint\",\"urlTemplate\":\"https:\\\/\\\/www.baca.ca\\\/en\\\/?s={search_term_string}\"},\"query-input\":{\"@type\":\"PropertyValueSpecification\",\"valueRequired\":true,\"valueName\":\"search_term_string\"}}],\"inLanguage\":\"en-US\"},{\"@type\":\"Organization\",\"@id\":\"https:\\\/\\\/www.baca.ca\\\/en\\\/#organization\",\"name\":\"BACA\",\"url\":\"https:\\\/\\\/www.baca.ca\\\/en\\\/\",\"logo\":{\"@type\":\"ImageObject\",\"inLanguage\":\"en-US\",\"@id\":\"https:\\\/\\\/www.baca.ca\\\/en\\\/#\\\/schema\\\/logo\\\/image\\\/\",\"url\":\"https:\\\/\\\/www.baca.ca\\\/wp-content\\\/uploads\\\/2018\\\/03\\\/BACA.png\",\"contentUrl\":\"https:\\\/\\\/www.baca.ca\\\/wp-content\\\/uploads\\\/2018\\\/03\\\/BACA.png\",\"width\":220,\"height\":50,\"caption\":\"BACA\"},\"image\":{\"@id\":\"https:\\\/\\\/www.baca.ca\\\/en\\\/#\\\/schema\\\/logo\\\/image\\\/\"},\"sameAs\":[\"https:\\\/\\\/www.facebook.com\\\/bacabiennale\\\/\",\"https:\\\/\\\/www.instagram.com\\\/bacabiennale\",\"https:\\\/\\\/bsky.app\\\/profile\\\/bacabiennale.bsky.social\"]}]}<\/script>\n<!-- \/ Yoast SEO plugin. -->","yoast_head_json":{"title":"Mus\u00e9e de Rimouski | La Biennale d\u2019art contemporain autochtone","robots":{"index":"index","follow":"follow","max-snippet":"max-snippet:-1","max-image-preview":"max-image-preview:large","max-video-preview":"max-video-preview:-1"},"canonical":"https:\/\/www.baca.ca\/en\/exhibitions\/to-move-across-the-land\/musee-rimouski\/","og_locale":"en_US","og_type":"article","og_title":"Mus\u00e9e de Rimouski | La Biennale d\u2019art contemporain autochtone","og_description":"[vc_row][vc_column width=&#8221;1\/2&#8243;][vc_column_text uncode_shortcode_id=&#8221;808081&#8243;]To Move Across the LandCurators : Armando Perla &amp; Michael PattenLa Biennale d&#8217;art contemporain autochtone (BACA), 8th edition [&hellip;]","og_url":"https:\/\/www.baca.ca\/en\/exhibitions\/to-move-across-the-land\/musee-rimouski\/","og_site_name":"La Biennale d\u2019art contemporain autochtone","article_publisher":"https:\/\/www.facebook.com\/bacabiennale\/","article_modified_time":"2026-03-31T14:05:34+00:00","twitter_card":"summary_large_image","twitter_misc":{"Est. reading time":"1 minute"},"schema":{"@context":"https:\/\/schema.org","@graph":[{"@type":"WebPage","@id":"https:\/\/www.baca.ca\/en\/exhibitions\/to-move-across-the-land\/musee-rimouski\/","url":"https:\/\/www.baca.ca\/en\/exhibitions\/to-move-across-the-land\/musee-rimouski\/","name":"Mus\u00e9e de Rimouski | La Biennale d\u2019art contemporain autochtone","isPartOf":{"@id":"https:\/\/www.baca.ca\/en\/#website"},"datePublished":"2026-02-14T19:38:13+00:00","dateModified":"2026-03-31T14:05:34+00:00","breadcrumb":{"@id":"https:\/\/www.baca.ca\/en\/exhibitions\/to-move-across-the-land\/musee-rimouski\/#breadcrumb"},"inLanguage":"en-US","potentialAction":[{"@type":"ReadAction","target":["https:\/\/www.baca.ca\/en\/exhibitions\/to-move-across-the-land\/musee-rimouski\/"]}]},{"@type":"BreadcrumbList","@id":"https:\/\/www.baca.ca\/en\/exhibitions\/to-move-across-the-land\/musee-rimouski\/#breadcrumb","itemListElement":[{"@type":"ListItem","position":1,"name":"Home","item":"https:\/\/www.baca.ca\/en\/"},{"@type":"ListItem","position":2,"name":"Exhibitions","item":"https:\/\/www.baca.ca\/en\/exhibitions\/"},{"@type":"ListItem","position":3,"name":"To Move Across the Land","item":"https:\/\/www.baca.ca\/en\/exhibitions\/to-move-across-the-land\/"},{"@type":"ListItem","position":4,"name":"Mus\u00e9e de Rimouski"}]},{"@type":"WebSite","@id":"https:\/\/www.baca.ca\/en\/#website","url":"https:\/\/www.baca.ca\/en\/","name":"La Biennale d\u2019art contemporain autochtone","description":"Contemporary Native Art Biennial (BACA)","publisher":{"@id":"https:\/\/www.baca.ca\/en\/#organization"},"potentialAction":[{"@type":"SearchAction","target":{"@type":"EntryPoint","urlTemplate":"https:\/\/www.baca.ca\/en\/?s={search_term_string}"},"query-input":{"@type":"PropertyValueSpecification","valueRequired":true,"valueName":"search_term_string"}}],"inLanguage":"en-US"},{"@type":"Organization","@id":"https:\/\/www.baca.ca\/en\/#organization","name":"BACA","url":"https:\/\/www.baca.ca\/en\/","logo":{"@type":"ImageObject","inLanguage":"en-US","@id":"https:\/\/www.baca.ca\/en\/#\/schema\/logo\/image\/","url":"https:\/\/www.baca.ca\/wp-content\/uploads\/2018\/03\/BACA.png","contentUrl":"https:\/\/www.baca.ca\/wp-content\/uploads\/2018\/03\/BACA.png","width":220,"height":50,"caption":"BACA"},"image":{"@id":"https:\/\/www.baca.ca\/en\/#\/schema\/logo\/image\/"},"sameAs":["https:\/\/www.facebook.com\/bacabiennale\/","https:\/\/www.instagram.com\/bacabiennale","https:\/\/bsky.app\/profile\/bacabiennale.bsky.social"]}]}},"_links":{"self":[{"href":"https:\/\/www.baca.ca\/en\/wp-json\/wp\/v2\/pages\/90495","targetHints":{"allow":["GET"]}}],"collection":[{"href":"https:\/\/www.baca.ca\/en\/wp-json\/wp\/v2\/pages"}],"about":[{"href":"https:\/\/www.baca.ca\/en\/wp-json\/wp\/v2\/types\/page"}],"author":[{"embeddable":true,"href":"https:\/\/www.baca.ca\/en\/wp-json\/wp\/v2\/users\/1"}],"replies":[{"embeddable":true,"href":"https:\/\/www.baca.ca\/en\/wp-json\/wp\/v2\/comments?post=90495"}],"version-history":[{"count":3,"href":"https:\/\/www.baca.ca\/en\/wp-json\/wp\/v2\/pages\/90495\/revisions"}],"predecessor-version":[{"id":90550,"href":"https:\/\/www.baca.ca\/en\/wp-json\/wp\/v2\/pages\/90495\/revisions\/90550"}],"up":[{"embeddable":true,"href":"https:\/\/www.baca.ca\/en\/wp-json\/wp\/v2\/pages\/90463"}],"wp:attachment":[{"href":"https:\/\/www.baca.ca\/en\/wp-json\/wp\/v2\/media?parent=90495"}],"curies":[{"name":"wp","href":"https:\/\/api.w.org\/{rel}","templated":true}]}}