{"id":90480,"date":"2026-02-14T14:32:54","date_gmt":"2026-02-14T18:32:54","guid":{"rendered":"https:\/\/www.baca.ca\/exhibitions\/to-move-across-the-land\/art-mur\/"},"modified":"2026-05-07T14:58:01","modified_gmt":"2026-05-07T18:58:01","slug":"art-mur","status":"publish","type":"page","link":"https:\/\/www.baca.ca\/en\/exhibitions\/to-move-across-the-land\/art-mur\/","title":{"rendered":"Art M\u00fbr"},"content":{"rendered":"<div class=\"wpb-content-wrapper\"><p>[vc_row][vc_column width=&#8221;1\/2&#8243;][vc_column_text uncode_shortcode_id=&#8221;910125&#8243;]May 2 \u2013 June 20, 2026<br \/>\nOpening reception: Saturday, May 2, 2026, from 3 p.m. to 5 p.m.<br \/>\n<em>Iaohontso\u2019kt\u00e1:tie \/ To Move Across the Land: Colour Is Not Neutral<\/em><br \/>\nCurators: Armando Perla &amp; Michael Patten<br \/>\nLa Biennale d&#8217;art contemporain autochtone (BACA), 8th edition<br \/>\n<a href=\"http:\/\/artmur.com\/\">Art M\u00fbr<\/a><br \/>\n5826 rue St-Hubert, Montreal, QC, H2S 2L7<\/p>\n<p>Performances : Manitou Singers, Porfirio Guti\u00e9rrez.<\/p>\n<p>Isaac Te Awa, Jamie Berry, Marilyn Boror Bor, Cholita Chic, Diego Ventura Puac Coyoy, Angela DeMontigny, Porfirio Guti\u00e9rrez, Tayla Hartemink, Stevei Houk\u0101mau, Jos\u00e9 Luis Fernando Morales, Adetona Omokanye, Ernesto Ovalle, Antonio Pichilla, Juan Carlos Recinos, Hugo Rivas, Lissy and Rudi Robinson-Cole, Anders Sunna, Telly Tuita, Mario L\u00f3pez Vega, Volcancitto, Renati Waaka, Wabanoonkwe, Silvia Canil Xir\u00fam, ARIA XYX.<\/p>\n<p>Across many Indigenous and diasporic communities, colour has been regulated through systems of shame and aesthetic discipline. Throughout different colonial contexts around the world, Indigenous people have been marked through local slurs that cast them as excessive, vulgar, dirty, or unrefined whenever they sustain their own colour systems and refuse assimilation into whiteness. This exhibition names that refusal as a sovereign knowledge system and as continuity. Bringing together twenty-three artists working across Indigenous territories and diasporic networks spanning Abya Yala, Turtle Island, Te Moana-nui-a-Kiwa, S\u00e1pmi, and Yorubaland, the exhibition traces how colour operates as a living system of knowledge across distinct lineages, materials, and relations.<\/p>\n<p>This reframing becomes visible through practices such as making and adornment, where knowledge is produced and passed down across generations. In the work of K\u2019iche\u2019 Maya artist Jos\u00e9 Luis Fernando Morales, multicoloured jades and stones, alongside carved forms, connect matrilineal ancestral knowledge to contemporary Indigenous design. Through moving image, colour, and the sound of cicadas, M\u0101ori artist Jamie Berry creates an immersive environment that envelops a curated constellation of transnational adornment, shaped through material exchange and collaborative making across the Pacific.<\/p>\n<p>Across the Pacific, Tongan artist Telly Tuita\u2019s Diaspora\u2019s Children holds memory and longing through saturated palettes. This richness finds resonance in Yoruba artist Adetona Omokanye\u2019s Spiritually Fashionable series, where fashion becomes a site of spiritual and aesthetic presence. M\u0101ori artists Lissy and Rudi Robinson-Cole bring this use of colour into immersive environments grounded in lineage and spirituality.<\/p>\n<p>In Abya Yala, Aymara-Quechua artist Cholita Chic mobilizes colour as queer self-fashioning and visibility. Kaqchikel Maya artist Marilyn Boror Bor threads dyed fibre through cement, holding together land, contamination, and resistance. In Kuskatan\/El Salvador, Nahua-Mestizo artist Hugo Rivas works through camp and intensity to confront histories of military violence, genocide and art world complicity, while Maya-Mestizo artist Volcancitto (Juan Jos\u00e9 Guill\u00e9n) builds multicoloured collages that assert the territorial memory of the Guatemalan Pacific.<\/p>\n<p>Colour remains a language we continue to speak and refuse to let disappear.<\/p>\n<p>The Biennale d\u2019art contemporain autochtone (BACA) would like to thank its partners the Canada Council for the Arts, the Government of Quebec, Conseil des arts et des lettres du Qu\u00e9bec, the Secr\u00e9tariat aux relations avec les Premi\u00e8res Nations et les Inuit, the Conseil des arts de Montr\u00e9al, Tourisme Montr\u00e9al, Collection Desjardins and Creative New Zealand.[\/vc_column_text][\/vc_column][vc_column width=&#8221;1\/2&#8243;][\/vc_column][\/vc_row]<\/p>\n<\/div>","protected":false},"excerpt":{"rendered":"<p>[vc_row][vc_column width=&#8221;1\/2&#8243;][vc_column_text uncode_shortcode_id=&#8221;910125&#8243;]May 2 \u2013 June 20, 2026 Opening reception: Saturday, May 2, 2026, from 3 p.m. to 5 p.m. [&hellip;]<\/p>\n","protected":false},"author":1,"featured_media":0,"parent":90463,"menu_order":0,"comment_status":"closed","ping_status":"closed","template":"","meta":{"footnotes":""},"class_list":["post-90480","page","type-page","status-publish","hentry"],"yoast_head":"<!-- This site is optimized with the Yoast SEO plugin v27.6 - https:\/\/yoast.com\/product\/yoast-seo-wordpress\/ -->\n<title>Art M\u00fbr | La Biennale d\u2019art contemporain autochtone<\/title>\n<meta name=\"robots\" content=\"index, follow, max-snippet:-1, max-image-preview:large, max-video-preview:-1\" \/>\n<link rel=\"canonical\" href=\"https:\/\/www.baca.ca\/en\/exhibitions\/to-move-across-the-land\/art-mur\/\" \/>\n<meta property=\"og:locale\" content=\"en_US\" \/>\n<meta property=\"og:type\" content=\"article\" \/>\n<meta property=\"og:title\" content=\"Art M\u00fbr | La Biennale d\u2019art contemporain autochtone\" \/>\n<meta property=\"og:description\" content=\"[vc_row][vc_column width=&#8221;1\/2&#8243;][vc_column_text uncode_shortcode_id=&#8221;910125&#8243;]May 2 \u2013 June 20, 2026 Opening reception: Saturday, May 2, 2026, from 3 p.m. to 5 p.m. [&hellip;]\" \/>\n<meta property=\"og:url\" content=\"https:\/\/www.baca.ca\/en\/exhibitions\/to-move-across-the-land\/art-mur\/\" \/>\n<meta property=\"og:site_name\" content=\"La Biennale d\u2019art contemporain autochtone\" \/>\n<meta property=\"article:publisher\" content=\"https:\/\/www.facebook.com\/bacabiennale\/\" \/>\n<meta property=\"article:modified_time\" content=\"2026-05-07T18:58:01+00:00\" \/>\n<meta name=\"twitter:card\" content=\"summary_large_image\" \/>\n<meta name=\"twitter:label1\" content=\"Est. reading time\" \/>\n\t<meta name=\"twitter:data1\" content=\"3 minutes\" \/>\n<script type=\"application\/ld+json\" class=\"yoast-schema-graph\">{\"@context\":\"https:\\\/\\\/schema.org\",\"@graph\":[{\"@type\":\"WebPage\",\"@id\":\"https:\\\/\\\/www.baca.ca\\\/en\\\/exhibitions\\\/to-move-across-the-land\\\/art-mur\\\/\",\"url\":\"https:\\\/\\\/www.baca.ca\\\/en\\\/exhibitions\\\/to-move-across-the-land\\\/art-mur\\\/\",\"name\":\"Art M\u00fbr | La Biennale d\u2019art contemporain autochtone\",\"isPartOf\":{\"@id\":\"https:\\\/\\\/www.baca.ca\\\/en\\\/#website\"},\"datePublished\":\"2026-02-14T18:32:54+00:00\",\"dateModified\":\"2026-05-07T18:58:01+00:00\",\"breadcrumb\":{\"@id\":\"https:\\\/\\\/www.baca.ca\\\/en\\\/exhibitions\\\/to-move-across-the-land\\\/art-mur\\\/#breadcrumb\"},\"inLanguage\":\"en-US\",\"potentialAction\":[{\"@type\":\"ReadAction\",\"target\":[\"https:\\\/\\\/www.baca.ca\\\/en\\\/exhibitions\\\/to-move-across-the-land\\\/art-mur\\\/\"]}]},{\"@type\":\"BreadcrumbList\",\"@id\":\"https:\\\/\\\/www.baca.ca\\\/en\\\/exhibitions\\\/to-move-across-the-land\\\/art-mur\\\/#breadcrumb\",\"itemListElement\":[{\"@type\":\"ListItem\",\"position\":1,\"name\":\"Home\",\"item\":\"https:\\\/\\\/www.baca.ca\\\/en\\\/\"},{\"@type\":\"ListItem\",\"position\":2,\"name\":\"Exhibitions\",\"item\":\"https:\\\/\\\/www.baca.ca\\\/en\\\/exhibitions\\\/\"},{\"@type\":\"ListItem\",\"position\":3,\"name\":\"To Move Across the Land\",\"item\":\"https:\\\/\\\/www.baca.ca\\\/en\\\/exhibitions\\\/to-move-across-the-land\\\/\"},{\"@type\":\"ListItem\",\"position\":4,\"name\":\"Art M\u00fbr\"}]},{\"@type\":\"WebSite\",\"@id\":\"https:\\\/\\\/www.baca.ca\\\/en\\\/#website\",\"url\":\"https:\\\/\\\/www.baca.ca\\\/en\\\/\",\"name\":\"La Biennale d\u2019art contemporain autochtone\",\"description\":\"Contemporary Native Art Biennial (BACA)\",\"publisher\":{\"@id\":\"https:\\\/\\\/www.baca.ca\\\/en\\\/#organization\"},\"potentialAction\":[{\"@type\":\"SearchAction\",\"target\":{\"@type\":\"EntryPoint\",\"urlTemplate\":\"https:\\\/\\\/www.baca.ca\\\/en\\\/?s={search_term_string}\"},\"query-input\":{\"@type\":\"PropertyValueSpecification\",\"valueRequired\":true,\"valueName\":\"search_term_string\"}}],\"inLanguage\":\"en-US\"},{\"@type\":\"Organization\",\"@id\":\"https:\\\/\\\/www.baca.ca\\\/en\\\/#organization\",\"name\":\"BACA\",\"url\":\"https:\\\/\\\/www.baca.ca\\\/en\\\/\",\"logo\":{\"@type\":\"ImageObject\",\"inLanguage\":\"en-US\",\"@id\":\"https:\\\/\\\/www.baca.ca\\\/en\\\/#\\\/schema\\\/logo\\\/image\\\/\",\"url\":\"https:\\\/\\\/www.baca.ca\\\/wp-content\\\/uploads\\\/2018\\\/03\\\/BACA.png\",\"contentUrl\":\"https:\\\/\\\/www.baca.ca\\\/wp-content\\\/uploads\\\/2018\\\/03\\\/BACA.png\",\"width\":220,\"height\":50,\"caption\":\"BACA\"},\"image\":{\"@id\":\"https:\\\/\\\/www.baca.ca\\\/en\\\/#\\\/schema\\\/logo\\\/image\\\/\"},\"sameAs\":[\"https:\\\/\\\/www.facebook.com\\\/bacabiennale\\\/\",\"https:\\\/\\\/www.instagram.com\\\/bacabiennale\",\"https:\\\/\\\/bsky.app\\\/profile\\\/bacabiennale.bsky.social\"]}]}<\/script>\n<!-- \/ Yoast SEO plugin. -->","yoast_head_json":{"title":"Art M\u00fbr | La Biennale d\u2019art contemporain autochtone","robots":{"index":"index","follow":"follow","max-snippet":"max-snippet:-1","max-image-preview":"max-image-preview:large","max-video-preview":"max-video-preview:-1"},"canonical":"https:\/\/www.baca.ca\/en\/exhibitions\/to-move-across-the-land\/art-mur\/","og_locale":"en_US","og_type":"article","og_title":"Art M\u00fbr | La Biennale d\u2019art contemporain autochtone","og_description":"[vc_row][vc_column width=&#8221;1\/2&#8243;][vc_column_text uncode_shortcode_id=&#8221;910125&#8243;]May 2 \u2013 June 20, 2026 Opening reception: Saturday, May 2, 2026, from 3 p.m. to 5 p.m. [&hellip;]","og_url":"https:\/\/www.baca.ca\/en\/exhibitions\/to-move-across-the-land\/art-mur\/","og_site_name":"La Biennale d\u2019art contemporain autochtone","article_publisher":"https:\/\/www.facebook.com\/bacabiennale\/","article_modified_time":"2026-05-07T18:58:01+00:00","twitter_card":"summary_large_image","twitter_misc":{"Est. reading time":"3 minutes"},"schema":{"@context":"https:\/\/schema.org","@graph":[{"@type":"WebPage","@id":"https:\/\/www.baca.ca\/en\/exhibitions\/to-move-across-the-land\/art-mur\/","url":"https:\/\/www.baca.ca\/en\/exhibitions\/to-move-across-the-land\/art-mur\/","name":"Art M\u00fbr | La Biennale d\u2019art contemporain autochtone","isPartOf":{"@id":"https:\/\/www.baca.ca\/en\/#website"},"datePublished":"2026-02-14T18:32:54+00:00","dateModified":"2026-05-07T18:58:01+00:00","breadcrumb":{"@id":"https:\/\/www.baca.ca\/en\/exhibitions\/to-move-across-the-land\/art-mur\/#breadcrumb"},"inLanguage":"en-US","potentialAction":[{"@type":"ReadAction","target":["https:\/\/www.baca.ca\/en\/exhibitions\/to-move-across-the-land\/art-mur\/"]}]},{"@type":"BreadcrumbList","@id":"https:\/\/www.baca.ca\/en\/exhibitions\/to-move-across-the-land\/art-mur\/#breadcrumb","itemListElement":[{"@type":"ListItem","position":1,"name":"Home","item":"https:\/\/www.baca.ca\/en\/"},{"@type":"ListItem","position":2,"name":"Exhibitions","item":"https:\/\/www.baca.ca\/en\/exhibitions\/"},{"@type":"ListItem","position":3,"name":"To Move Across the Land","item":"https:\/\/www.baca.ca\/en\/exhibitions\/to-move-across-the-land\/"},{"@type":"ListItem","position":4,"name":"Art M\u00fbr"}]},{"@type":"WebSite","@id":"https:\/\/www.baca.ca\/en\/#website","url":"https:\/\/www.baca.ca\/en\/","name":"La Biennale d\u2019art contemporain autochtone","description":"Contemporary Native Art Biennial (BACA)","publisher":{"@id":"https:\/\/www.baca.ca\/en\/#organization"},"potentialAction":[{"@type":"SearchAction","target":{"@type":"EntryPoint","urlTemplate":"https:\/\/www.baca.ca\/en\/?s={search_term_string}"},"query-input":{"@type":"PropertyValueSpecification","valueRequired":true,"valueName":"search_term_string"}}],"inLanguage":"en-US"},{"@type":"Organization","@id":"https:\/\/www.baca.ca\/en\/#organization","name":"BACA","url":"https:\/\/www.baca.ca\/en\/","logo":{"@type":"ImageObject","inLanguage":"en-US","@id":"https:\/\/www.baca.ca\/en\/#\/schema\/logo\/image\/","url":"https:\/\/www.baca.ca\/wp-content\/uploads\/2018\/03\/BACA.png","contentUrl":"https:\/\/www.baca.ca\/wp-content\/uploads\/2018\/03\/BACA.png","width":220,"height":50,"caption":"BACA"},"image":{"@id":"https:\/\/www.baca.ca\/en\/#\/schema\/logo\/image\/"},"sameAs":["https:\/\/www.facebook.com\/bacabiennale\/","https:\/\/www.instagram.com\/bacabiennale","https:\/\/bsky.app\/profile\/bacabiennale.bsky.social"]}]}},"_links":{"self":[{"href":"https:\/\/www.baca.ca\/en\/wp-json\/wp\/v2\/pages\/90480","targetHints":{"allow":["GET"]}}],"collection":[{"href":"https:\/\/www.baca.ca\/en\/wp-json\/wp\/v2\/pages"}],"about":[{"href":"https:\/\/www.baca.ca\/en\/wp-json\/wp\/v2\/types\/page"}],"author":[{"embeddable":true,"href":"https:\/\/www.baca.ca\/en\/wp-json\/wp\/v2\/users\/1"}],"replies":[{"embeddable":true,"href":"https:\/\/www.baca.ca\/en\/wp-json\/wp\/v2\/comments?post=90480"}],"version-history":[{"count":19,"href":"https:\/\/www.baca.ca\/en\/wp-json\/wp\/v2\/pages\/90480\/revisions"}],"predecessor-version":[{"id":90846,"href":"https:\/\/www.baca.ca\/en\/wp-json\/wp\/v2\/pages\/90480\/revisions\/90846"}],"up":[{"embeddable":true,"href":"https:\/\/www.baca.ca\/en\/wp-json\/wp\/v2\/pages\/90463"}],"wp:attachment":[{"href":"https:\/\/www.baca.ca\/en\/wp-json\/wp\/v2\/media?parent=90480"}],"curies":[{"name":"wp","href":"https:\/\/api.w.org\/{rel}","templated":true}]}}