{"id":89823,"date":"2024-07-26T11:16:17","date_gmt":"2024-07-26T15:16:17","guid":{"rendered":"https:\/\/www.baca.ca\/exhibitions\/creation-stories\/art-public\/"},"modified":"2024-08-02T17:39:36","modified_gmt":"2024-08-02T21:39:36","slug":"public-art","status":"publish","type":"page","link":"https:\/\/www.baca.ca\/en\/exhibitions\/creation-stories\/public-art\/","title":{"rendered":"Public Art"},"content":{"rendered":"<div class=\"wpb-content-wrapper\"><p>[vc_row][vc_column width=&#8221;1\/2&#8243;][vc_column_text uncode_shortcode_id=&#8221;164615&#8243;]Friday, August 9, 4 p.m. 2024<br \/>\nEruoma Awashish, Craig Commanda, Amanda Roy<br \/>\nPublic art inauguration<br \/>\nThe Fr\u00e9d\u00e9ric Back Tree Pavilion at the Montreal Botanical Garden<br \/>\n4101 Sherbrooke Street East<br \/>\nMontr\u00e9al (QC)<\/p>\n<p>On the occasion of the International Day of the World&#8217;s Indigenous People, the Biennale d&#8217;art contemporain autochtone (BACA) in partnership with Art Public Montr\u00e9al is pleased to invite you to the inauguration of public artworks on August 9, starting at 4 p.m. at the The Fr\u00e9d\u00e9ric Back Tree Pavilion at the Montreal Botanical Garden.<\/p>\n<p>The new Public Art component of the 2024 edition of the Biennale d&#8217;art contemporain autochtone (BACA) will present four works by Indigenous artists in two locations across the city. Espace pour la vie will host works by Eruoma Awashish, Craig Commanda and Amanda Roy at the First Nation Garden and the Botanical Garden&#8217;s Fr\u00e9d\u00e9ric Back Tree Pavilion. Sierra Barber&#8217;s work will be installed on the fa\u00e7ade of Quai 5160 &#8211; Maison de la culture de Verdun, in the borough of Verdun.<\/p>\n<p>This first temporary public art exhibition of the BACA is supported by the Bureau d&#8217;art public de la Ville de Montr\u00e9al and realized with the financial assistance of the Government of Qu\u00e9bec and the Ville de Montr\u00e9al as part of the Entente de d\u00e9veloppement culturel de Montr\u00e9al.<\/p>\n<p>We look forward to seeing you on Friday, August 9, from 4 to 6 p.m. at the Botanical Garden, 4101 Sherbrooke Street East, Montreal, for this celebration in the presence of the artists.<\/p>\n<p>We&#8217;ll be delighted to welcome Charles Patton, respected elder of the Kanien&#8217;keha:ka (Mohawk) Nation from the Kahnawa:ke community, and the Pow wow rangers for a percussion performance.<\/p>\n<p>RSVP : <a href=\"https:\/\/www.eventbrite.ca\/e\/962110838417\">https:\/\/www.eventbrite.ca\/e\/962110838417<\/a><br \/>\nHow to get there : <a href=\"https:\/\/espacepourlavie.ca\/acces\/jardin-botanique\">https:\/\/espacepourlavie.ca\/acces\/jardin-botanique<\/a><\/p>\n<p>Also worth seeing:<\/p>\n<p>August 9 &#8211; November 2024<br \/>\nPublic art (Window fa\u00e7ade)<br \/>\nSierra Barber<br \/>\nQuai 5160 &#8211; Maison de la culture de Verdun<br \/>\n5160 Bd LaSalle, Verdun (QC)<\/p>\n<p><strong>Eruoma Awashish<\/strong><\/p>\n<p>The decolonization of the sacred is at the heart of Eruoma Awashish\u2019s practice, as she appropriates the symbols of the Catholic religion to make them her own. It\u2019s a way for her to re-appropriate her own spirituality and reverse the relationship of domination that the Catholic religion has had over indigenous peoples. Her main source of inspiration is the meeting of the traditions of her people and other First Nations with the modern world. She likes to play with the concept of duality, and her dual identity &#8211; Atikamekw on her father\u2019s side and Qu\u00e9b\u00e9cois on her mother\u2019s &#8211; enables her to \u201cbetter understand the differences that distinguish these two peoples, and to create a space for dialogue through her work\u201d. Through her artistic practice, Euroma Awashish explores her Atikamekw culture and her identity as an Atikamekw and Qu\u00e9b\u00e9cois woman. Her work speaks of hybridization and metamorphosis. Wound or grief is a theme she often addresses, seeing it as a gateway to transformation. Her work is imbued with spirituality, symbolism and syncretism.<\/p>\n<p>Eruoma Awashish is an Atikamekw artist who grew up in the community of Opitciwan in Haute-Mauricie, Quebec. After earning a bachelor\u2019s degree in interdisciplinary art from the Universit\u00e9 du Qu\u00e9bec \u00e0 Chicoutimi, she lives and works in the Innu community of Mashteuiatsh.<\/p>\n<p><strong>Craig Commanda<\/strong><\/p>\n<p>Birch Bark biting is an ancient Anishinaabe art technique of folding up a thin piece of birch bark that is then bitten with the teeth to produce patterns in the bite marks for the light to shine through. Birch bark bitings were used for Quill work patterns as well as to pass the time. Craig Commanda learned how to do birch bark biting from Simon Brascoup\u00e9, who is a renowned artist from Kitigan Zibi.<\/p>\n<p>Craig Commanda is an Anishnaabe multi-disciplinary artist from Kitigan Zibi First Nation, whose work encompasses film, music, beadwork, poetry, photography, traditional crafts, hide tanning, and digital fabrication. He holds a BFA in Film Production from Concordia University. His films have been screened at imagiNATIVE film + media arts festival (Tkaronto\/Toronto), as well as across Turtle Island, and at festivals in Switzerland and new Zealand. He has shown beadwork at the Ottawa Art Gallery, SAW Gallery (Ottawa), Montreal Arts Contemporain, and at Pierre Fran\u00e7ois Ouellette art contemporain (Tiohti\u00e0:ke\/Montreal) and participated in art fairs in Montreal, Toronto, and the Revelations Biennale in Paris). In 2023, he completed a music residency at the Banff Centre. Currently, his practice is based in Montreal\/M\u00f2niyang.<\/p>\n<p><strong>Amanda Roy<\/strong><\/p>\n<p>A part of the Anishinaabek Nation creation story that Amanda Roy grew up with was how she they came to the Great Lakes and their migration from the East Coast of what is now Mi\u2019kma\u2019ki territory. There was a prophecy that they needed to go West, and they were given a path to follow with islands as markers. This migration took over 500 years and along the way several stops were made with some people remaining as others moved on. The first stop they made was the island of Mooniya which is now known by them as Mooniyaang and to others as Montr\u00e9al and Tiohti\u00e0:ke by the Haudenosaunee.<\/p>\n<p>Amanda Roy\u2019s mural is in the woodland art style of the Anishinaabek that most people associate with Norval Morrisseau and Daphne Odjig. Daphne is from the same community of Wiikwemkoong as Amanda and was a babysitter then later teacher and mentor to Amanda\u2019s father, Randy C. Trudeau. Randy is a part of what was considered the second wave of the Woodland art movement and was taught by Daphne Odjig and Carly Ray as a student of the summer workshop they hosted on Schreiber Island. He would later move to Toronto where he became friends with and was also mentored by Norval Morrisseau while developing his own style in the woodland art form.<\/p>\n<p>Amanda Roy is Anishinaabek from Wiikwemkoong. She has worked with the National Film Board as an Associate Producer for their Hothouse Animation program and is currently a Line Producer with their Eastern Documentary Unit. She has worked on various film, tv, and digital media projects in various roles with several Indigenous production companies that have screened worldwide. Amanda is also a Hnatyshyn Foundation Reveal Indigenous Art Award Laureate and a Netflix-BANFF Diversity of Voices Fellow. Her artwork has been exhibited in spaces such as the Smithsonian Institute, the Berkeley Art Center, the Royal Alberta Museum, the Whyte Museum, the Prince of Wales Northern Heritage Centre, the Textile Museum of Canada, She:kon Gallery, and La Guilde. She has also completed several artist residencies.<\/p>\n<p><strong>Sierra Barber<\/strong><\/p>\n<p>My work reflects and balances the layered experiences of my identity. Using Haudenosaunee imagery, my work creates a space for me to explore my relationship to stories, both known and unknown. It reclaims and connects me to the stories that are a part of me and that I belong to.<\/p>\n<p>When creating this piece I wanted to have the falling beaded flower pattern displayed on glass where the sky would be reflected, merging with the flowers and becoming part of the imagery. The imagery in the beaded flowers are of strawberries and the sky, this is inspired from the Mohawk creation story. My intention for this piece is to bring visibility to the stories that belong here, each beaded flower carries part of the story.<\/p>\n<p>I use both vintage and new glass seed beads to create my beadwork. The vintage beads bring their own stories to the work that include surpassing bans of cultural expression. Strawberries and strawberry flowers appear in my work because they are a symbol of life, I also see them as a symbol of resilience. The use of patterns references ideas of repetition, cycles and continuity.<\/p>\n<p>Sierra Barber (she\/her) is an Upper Mohawk \/ mixed-European artist from Port Dover, ON, registered at the Six Nations of the Grand River Territory. She graduated from OCAD University with a BFA in 2015, majoring in Sculpture and Installation with a minor in the Indigenous Visual Culture Program. Sierra is currently pursuing an MFA in the Painting and Drawing program at Concordia University in Tiohti\u00e1:ke\/ Montreal, QC. Her work has been shown in the annual Indigenous Art juried exhibition at the Woodland Cultural Centre, internationally at HOEA! Gallery in Aotearoa (New Zealand) and most recently in the 7th edition of the Contemporary Native Art Biennial (BACA) titled Creation Stories at Stewart Hall Art Gallery. Her recent solo show Sky Flowers was held at BACA\u2019s Galerie She:kon. She is represented at the Art Gallery of Hamilton\u2019s Art Sales &amp; Services.<\/p>\n<p><strong>Pow Wow Rangers<\/strong><\/p>\n<p>Six Anishnawbe women came together through their journeys of recovery, forming a deep bond rooted in love and mutual support. Walking the red road together, they found strength and healing in their connection. As time passed and circumstances evolved, their unwavering bond remained the foundation where their journey toward healing began.[\/vc_column_text][\/vc_column][vc_column width=&#8221;1\/2&#8243;][vc_single_image media=&#8221;89820&#8243; media_width_percent=&#8221;100&#8243; uncode_shortcode_id=&#8221;160640&#8243;][\/vc_column][\/vc_row]<\/p>\n<\/div>","protected":false},"excerpt":{"rendered":"<p>[vc_row][vc_column width=&#8221;1\/2&#8243;][vc_column_text uncode_shortcode_id=&#8221;164615&#8243;]Friday, August 9, 4 p.m. 2024 Eruoma Awashish, Craig Commanda, Amanda Roy Public art inauguration The Fr\u00e9d\u00e9ric Back [&hellip;]<\/p>\n","protected":false},"author":1,"featured_media":0,"parent":88672,"menu_order":0,"comment_status":"closed","ping_status":"closed","template":"","meta":{"footnotes":""},"class_list":["post-89823","page","type-page","status-publish","hentry"],"yoast_head":"<!-- This site is optimized with the Yoast SEO plugin v27.3 - https:\/\/yoast.com\/product\/yoast-seo-wordpress\/ -->\n<title>Public Art | La Biennale d\u2019art contemporain autochtone<\/title>\n<meta name=\"robots\" content=\"index, follow, max-snippet:-1, max-image-preview:large, max-video-preview:-1\" \/>\n<link rel=\"canonical\" href=\"https:\/\/www.baca.ca\/en\/exhibitions\/creation-stories\/public-art\/\" \/>\n<meta property=\"og:locale\" content=\"en_US\" \/>\n<meta property=\"og:type\" content=\"article\" \/>\n<meta property=\"og:title\" content=\"Public Art | La Biennale d\u2019art contemporain autochtone\" \/>\n<meta property=\"og:description\" content=\"[vc_row][vc_column width=&#8221;1\/2&#8243;][vc_column_text uncode_shortcode_id=&#8221;164615&#8243;]Friday, August 9, 4 p.m. 2024 Eruoma Awashish, Craig Commanda, Amanda Roy Public art inauguration The Fr\u00e9d\u00e9ric Back [&hellip;]\" \/>\n<meta property=\"og:url\" content=\"https:\/\/www.baca.ca\/en\/exhibitions\/creation-stories\/public-art\/\" \/>\n<meta property=\"og:site_name\" content=\"La Biennale d\u2019art contemporain autochtone\" \/>\n<meta property=\"article:publisher\" content=\"https:\/\/www.facebook.com\/bacabiennale\/\" \/>\n<meta property=\"article:modified_time\" content=\"2024-08-02T21:39:36+00:00\" \/>\n<meta name=\"twitter:card\" content=\"summary_large_image\" \/>\n<meta name=\"twitter:label1\" content=\"Est. reading time\" \/>\n\t<meta name=\"twitter:data1\" content=\"8 minutes\" \/>\n<script type=\"application\/ld+json\" class=\"yoast-schema-graph\">{\"@context\":\"https:\\\/\\\/schema.org\",\"@graph\":[{\"@type\":\"WebPage\",\"@id\":\"https:\\\/\\\/www.baca.ca\\\/en\\\/exhibitions\\\/creation-stories\\\/public-art\\\/\",\"url\":\"https:\\\/\\\/www.baca.ca\\\/en\\\/exhibitions\\\/creation-stories\\\/public-art\\\/\",\"name\":\"Public Art | La Biennale d\u2019art contemporain autochtone\",\"isPartOf\":{\"@id\":\"https:\\\/\\\/www.baca.ca\\\/en\\\/#website\"},\"datePublished\":\"2024-07-26T15:16:17+00:00\",\"dateModified\":\"2024-08-02T21:39:36+00:00\",\"breadcrumb\":{\"@id\":\"https:\\\/\\\/www.baca.ca\\\/en\\\/exhibitions\\\/creation-stories\\\/public-art\\\/#breadcrumb\"},\"inLanguage\":\"en-US\",\"potentialAction\":[{\"@type\":\"ReadAction\",\"target\":[\"https:\\\/\\\/www.baca.ca\\\/en\\\/exhibitions\\\/creation-stories\\\/public-art\\\/\"]}]},{\"@type\":\"BreadcrumbList\",\"@id\":\"https:\\\/\\\/www.baca.ca\\\/en\\\/exhibitions\\\/creation-stories\\\/public-art\\\/#breadcrumb\",\"itemListElement\":[{\"@type\":\"ListItem\",\"position\":1,\"name\":\"Home\",\"item\":\"https:\\\/\\\/www.baca.ca\\\/en\\\/\"},{\"@type\":\"ListItem\",\"position\":2,\"name\":\"Exhibitions\",\"item\":\"https:\\\/\\\/www.baca.ca\\\/en\\\/exhibitions\\\/\"},{\"@type\":\"ListItem\",\"position\":3,\"name\":\"Creation Stories\",\"item\":\"https:\\\/\\\/www.baca.ca\\\/en\\\/exhibitions\\\/creation-stories\\\/\"},{\"@type\":\"ListItem\",\"position\":4,\"name\":\"Public Art\"}]},{\"@type\":\"WebSite\",\"@id\":\"https:\\\/\\\/www.baca.ca\\\/en\\\/#website\",\"url\":\"https:\\\/\\\/www.baca.ca\\\/en\\\/\",\"name\":\"La Biennale d\u2019art contemporain autochtone\",\"description\":\"Contemporary Native Art Biennial (BACA)\",\"publisher\":{\"@id\":\"https:\\\/\\\/www.baca.ca\\\/en\\\/#organization\"},\"potentialAction\":[{\"@type\":\"SearchAction\",\"target\":{\"@type\":\"EntryPoint\",\"urlTemplate\":\"https:\\\/\\\/www.baca.ca\\\/en\\\/?s={search_term_string}\"},\"query-input\":{\"@type\":\"PropertyValueSpecification\",\"valueRequired\":true,\"valueName\":\"search_term_string\"}}],\"inLanguage\":\"en-US\"},{\"@type\":\"Organization\",\"@id\":\"https:\\\/\\\/www.baca.ca\\\/en\\\/#organization\",\"name\":\"BACA\",\"url\":\"https:\\\/\\\/www.baca.ca\\\/en\\\/\",\"logo\":{\"@type\":\"ImageObject\",\"inLanguage\":\"en-US\",\"@id\":\"https:\\\/\\\/www.baca.ca\\\/en\\\/#\\\/schema\\\/logo\\\/image\\\/\",\"url\":\"https:\\\/\\\/www.baca.ca\\\/wp-content\\\/uploads\\\/2018\\\/03\\\/BACA.png\",\"contentUrl\":\"https:\\\/\\\/www.baca.ca\\\/wp-content\\\/uploads\\\/2018\\\/03\\\/BACA.png\",\"width\":220,\"height\":50,\"caption\":\"BACA\"},\"image\":{\"@id\":\"https:\\\/\\\/www.baca.ca\\\/en\\\/#\\\/schema\\\/logo\\\/image\\\/\"},\"sameAs\":[\"https:\\\/\\\/www.facebook.com\\\/bacabiennale\\\/\",\"https:\\\/\\\/www.instagram.com\\\/bacabiennale\",\"https:\\\/\\\/bsky.app\\\/profile\\\/bacabiennale.bsky.social\"]}]}<\/script>\n<!-- \/ Yoast SEO plugin. -->","yoast_head_json":{"title":"Public Art | La Biennale d\u2019art contemporain autochtone","robots":{"index":"index","follow":"follow","max-snippet":"max-snippet:-1","max-image-preview":"max-image-preview:large","max-video-preview":"max-video-preview:-1"},"canonical":"https:\/\/www.baca.ca\/en\/exhibitions\/creation-stories\/public-art\/","og_locale":"en_US","og_type":"article","og_title":"Public Art | La Biennale d\u2019art contemporain autochtone","og_description":"[vc_row][vc_column width=&#8221;1\/2&#8243;][vc_column_text uncode_shortcode_id=&#8221;164615&#8243;]Friday, August 9, 4 p.m. 2024 Eruoma Awashish, Craig Commanda, Amanda Roy Public art inauguration The Fr\u00e9d\u00e9ric Back [&hellip;]","og_url":"https:\/\/www.baca.ca\/en\/exhibitions\/creation-stories\/public-art\/","og_site_name":"La Biennale d\u2019art contemporain autochtone","article_publisher":"https:\/\/www.facebook.com\/bacabiennale\/","article_modified_time":"2024-08-02T21:39:36+00:00","twitter_card":"summary_large_image","twitter_misc":{"Est. reading time":"8 minutes"},"schema":{"@context":"https:\/\/schema.org","@graph":[{"@type":"WebPage","@id":"https:\/\/www.baca.ca\/en\/exhibitions\/creation-stories\/public-art\/","url":"https:\/\/www.baca.ca\/en\/exhibitions\/creation-stories\/public-art\/","name":"Public Art | La Biennale d\u2019art contemporain autochtone","isPartOf":{"@id":"https:\/\/www.baca.ca\/en\/#website"},"datePublished":"2024-07-26T15:16:17+00:00","dateModified":"2024-08-02T21:39:36+00:00","breadcrumb":{"@id":"https:\/\/www.baca.ca\/en\/exhibitions\/creation-stories\/public-art\/#breadcrumb"},"inLanguage":"en-US","potentialAction":[{"@type":"ReadAction","target":["https:\/\/www.baca.ca\/en\/exhibitions\/creation-stories\/public-art\/"]}]},{"@type":"BreadcrumbList","@id":"https:\/\/www.baca.ca\/en\/exhibitions\/creation-stories\/public-art\/#breadcrumb","itemListElement":[{"@type":"ListItem","position":1,"name":"Home","item":"https:\/\/www.baca.ca\/en\/"},{"@type":"ListItem","position":2,"name":"Exhibitions","item":"https:\/\/www.baca.ca\/en\/exhibitions\/"},{"@type":"ListItem","position":3,"name":"Creation Stories","item":"https:\/\/www.baca.ca\/en\/exhibitions\/creation-stories\/"},{"@type":"ListItem","position":4,"name":"Public Art"}]},{"@type":"WebSite","@id":"https:\/\/www.baca.ca\/en\/#website","url":"https:\/\/www.baca.ca\/en\/","name":"La Biennale d\u2019art contemporain autochtone","description":"Contemporary Native Art Biennial (BACA)","publisher":{"@id":"https:\/\/www.baca.ca\/en\/#organization"},"potentialAction":[{"@type":"SearchAction","target":{"@type":"EntryPoint","urlTemplate":"https:\/\/www.baca.ca\/en\/?s={search_term_string}"},"query-input":{"@type":"PropertyValueSpecification","valueRequired":true,"valueName":"search_term_string"}}],"inLanguage":"en-US"},{"@type":"Organization","@id":"https:\/\/www.baca.ca\/en\/#organization","name":"BACA","url":"https:\/\/www.baca.ca\/en\/","logo":{"@type":"ImageObject","inLanguage":"en-US","@id":"https:\/\/www.baca.ca\/en\/#\/schema\/logo\/image\/","url":"https:\/\/www.baca.ca\/wp-content\/uploads\/2018\/03\/BACA.png","contentUrl":"https:\/\/www.baca.ca\/wp-content\/uploads\/2018\/03\/BACA.png","width":220,"height":50,"caption":"BACA"},"image":{"@id":"https:\/\/www.baca.ca\/en\/#\/schema\/logo\/image\/"},"sameAs":["https:\/\/www.facebook.com\/bacabiennale\/","https:\/\/www.instagram.com\/bacabiennale","https:\/\/bsky.app\/profile\/bacabiennale.bsky.social"]}]}},"_links":{"self":[{"href":"https:\/\/www.baca.ca\/en\/wp-json\/wp\/v2\/pages\/89823","targetHints":{"allow":["GET"]}}],"collection":[{"href":"https:\/\/www.baca.ca\/en\/wp-json\/wp\/v2\/pages"}],"about":[{"href":"https:\/\/www.baca.ca\/en\/wp-json\/wp\/v2\/types\/page"}],"author":[{"embeddable":true,"href":"https:\/\/www.baca.ca\/en\/wp-json\/wp\/v2\/users\/1"}],"replies":[{"embeddable":true,"href":"https:\/\/www.baca.ca\/en\/wp-json\/wp\/v2\/comments?post=89823"}],"version-history":[{"count":0,"href":"https:\/\/www.baca.ca\/en\/wp-json\/wp\/v2\/pages\/89823\/revisions"}],"up":[{"embeddable":true,"href":"https:\/\/www.baca.ca\/en\/wp-json\/wp\/v2\/pages\/88672"}],"wp:attachment":[{"href":"https:\/\/www.baca.ca\/en\/wp-json\/wp\/v2\/media?parent=89823"}],"curies":[{"name":"wp","href":"https:\/\/api.w.org\/{rel}","templated":true}]}}