{"id":88694,"date":"2024-03-08T18:29:10","date_gmt":"2024-03-08T22:29:10","guid":{"rendered":"https:\/\/www.baca.ca\/exhibitions\/creation-stories\/la-guilde\/"},"modified":"2025-04-19T13:54:24","modified_gmt":"2025-04-19T17:54:24","slug":"la-guilde","status":"publish","type":"page","link":"https:\/\/www.baca.ca\/en\/exhibitions\/creation-stories\/la-guilde\/","title":{"rendered":"La Guilde"},"content":{"rendered":"<div class=\"wpb-content-wrapper\"><p>[vc_row][vc_column width=&#8221;1\/2&#8243;][vc_column_text uncode_shortcode_id=&#8221;106089&#8243;]May 16 \u2013 July 14, 2024<br \/>\nOpening: May 16, 5:30 \u2013 8 p.m.<br \/>\n<em>Creation Stories: Turtle Island: <\/em>Joanna Katrena Cooper, Shoshannah Greene, Shelley Niro, Jobena Petonoquot, Percy Sacobie, Skawennati, Maura Tamez<br \/>\nCurators: Lori Beavis, Emma Hassencahl-Perley, Jake Kimble, Teresa Vander Meer-Chass\u00e9<br \/>\nThe Biennale d\u2019art contemporain autochtone (BACA), 7th edition<br \/>\nLa Guilde<br \/>\nTiohti\u00e0:ke \/ Mooniyang \/ Montr\u00e9al, QC<\/p>\n<p>The curators for the 7th edition of BACA came together across Nations and territories to create a series of exhibitions with works from more than 60 artists over seven exhibition sites, each taking a theme within the overarching one of Creation Stories. At La Guilde, we chose Turtle Island.<\/p>\n<p>The artists in this exhibition tell the story of Turtle Island, known in many Indigenous cultures as a synonym for \u201cNorth America.\u201d It is the name used in Anishinaabe oral storytelling that says the land was formed on the back of a turtle floating on top of the water covering our entire planet. Integral to the story is Sky Woman, a pregnant being who descends from the Sky World, giving birth to life as we know it. She lands on the back of the turtle and asks various water animals to fetch a bit of dirt from the bottom of the ocean to place on the back of the turtle, transforming the shell into this continent.<\/p>\n<p>The artists featured in Turtle Island use beadwork, painting, video, and sculpture to expand on the Anishinabeg Creation Story and the beginnings of life on Earth. They breathe new life into history, exploring themes of origin and renewal. Sky Woman, the turtle, and water serve as potent symbols of vitality and connection to the natural world.<\/p>\n<p>The Biennale d\u2019art contemporain autochtone (BACA) would like to thank its partners the Canada Council for the Arts, the Conseil des arts et des lettres du Qu\u00e9bec, the Secr\u00e9tariat des affaires Autochtones, the Conseil des arts de Montr\u00e9al, Tourisme Montr\u00e9al.<\/p>\n<p>Launched in 2012, the Contemporary Native Art Biennial (BACA) is a Montreal-based non-profit organization (registered in 2016) that promotes the work of Indigenous artists. The Biennial is held every two years, in multiple venues, with each iteration focusing on a specific theme. The event is aimed at an ever-growing audience\u2014Indigenous and non-Indigenous alike\u2014and features both emerging and established artists. Our mission is to promote Indigenous art and to sensitize and educate the public on the cultural issues of the First Nations.[\/vc_column_text][\/vc_column][vc_column width=&#8221;1\/2&#8243;][vc_gallery el_id=&#8221;gallery-204596&#8243; medias=&#8221;89645,89647,89649,89651,89653,89655,89657,89659,89661,89663,89665,89667,89669,89671,89673,89675,89677,89679,89681,89683,89685,89687,89689,89691,89693,89695,89697,89699,89701,89703,89705,89707,89709,89711,89713,89715&#8243; gutter_size=&#8221;3&#8243; media_items=&#8221;media|lightbox|original,caption&#8221; screen_lg=&#8221;1000&#8243; screen_md=&#8221;600&#8243; screen_sm=&#8221;480&#8243; single_overlay_opacity=&#8221;50&#8243; single_padding=&#8221;2&#8243; lbox_caption=&#8221;yes&#8221; uncode_shortcode_id=&#8221;533794&#8243;][\/vc_column][\/vc_row]<\/p>\n<\/div>","protected":false},"excerpt":{"rendered":"<p>[vc_row][vc_column width=&#8221;1\/2&#8243;][vc_column_text uncode_shortcode_id=&#8221;106089&#8243;]May 16 \u2013 July 14, 2024 Opening: May 16, 5:30 \u2013 8 p.m. Creation Stories: Turtle Island: Joanna [&hellip;]<\/p>\n","protected":false},"author":1,"featured_media":0,"parent":88672,"menu_order":0,"comment_status":"closed","ping_status":"closed","template":"","meta":{"footnotes":""},"class_list":["post-88694","page","type-page","status-publish","hentry"],"yoast_head":"<!-- This site is optimized with the Yoast SEO plugin v27.3 - https:\/\/yoast.com\/product\/yoast-seo-wordpress\/ -->\n<title>La Guilde | La Biennale d\u2019art contemporain autochtone<\/title>\n<meta name=\"robots\" content=\"index, follow, max-snippet:-1, max-image-preview:large, max-video-preview:-1\" \/>\n<link rel=\"canonical\" href=\"https:\/\/www.baca.ca\/en\/exhibitions\/creation-stories\/la-guilde\/\" \/>\n<meta property=\"og:locale\" content=\"en_US\" \/>\n<meta property=\"og:type\" content=\"article\" \/>\n<meta property=\"og:title\" content=\"La Guilde | La Biennale d\u2019art contemporain autochtone\" \/>\n<meta property=\"og:description\" content=\"[vc_row][vc_column width=&#8221;1\/2&#8243;][vc_column_text uncode_shortcode_id=&#8221;106089&#8243;]May 16 \u2013 July 14, 2024 Opening: May 16, 5:30 \u2013 8 p.m. Creation Stories: Turtle Island: Joanna [&hellip;]\" \/>\n<meta property=\"og:url\" content=\"https:\/\/www.baca.ca\/en\/exhibitions\/creation-stories\/la-guilde\/\" \/>\n<meta property=\"og:site_name\" content=\"La Biennale d\u2019art contemporain autochtone\" \/>\n<meta property=\"article:publisher\" content=\"https:\/\/www.facebook.com\/bacabiennale\/\" \/>\n<meta property=\"article:modified_time\" content=\"2025-04-19T17:54:24+00:00\" \/>\n<meta name=\"twitter:card\" content=\"summary_large_image\" \/>\n<meta name=\"twitter:label1\" content=\"Est. reading time\" \/>\n\t<meta name=\"twitter:data1\" content=\"2 minutes\" \/>\n<script type=\"application\/ld+json\" class=\"yoast-schema-graph\">{\"@context\":\"https:\\\/\\\/schema.org\",\"@graph\":[{\"@type\":\"WebPage\",\"@id\":\"https:\\\/\\\/www.baca.ca\\\/en\\\/exhibitions\\\/creation-stories\\\/la-guilde\\\/\",\"url\":\"https:\\\/\\\/www.baca.ca\\\/en\\\/exhibitions\\\/creation-stories\\\/la-guilde\\\/\",\"name\":\"La Guilde | La Biennale d\u2019art contemporain autochtone\",\"isPartOf\":{\"@id\":\"https:\\\/\\\/www.baca.ca\\\/en\\\/#website\"},\"datePublished\":\"2024-03-08T22:29:10+00:00\",\"dateModified\":\"2025-04-19T17:54:24+00:00\",\"breadcrumb\":{\"@id\":\"https:\\\/\\\/www.baca.ca\\\/en\\\/exhibitions\\\/creation-stories\\\/la-guilde\\\/#breadcrumb\"},\"inLanguage\":\"en-US\",\"potentialAction\":[{\"@type\":\"ReadAction\",\"target\":[\"https:\\\/\\\/www.baca.ca\\\/en\\\/exhibitions\\\/creation-stories\\\/la-guilde\\\/\"]}]},{\"@type\":\"BreadcrumbList\",\"@id\":\"https:\\\/\\\/www.baca.ca\\\/en\\\/exhibitions\\\/creation-stories\\\/la-guilde\\\/#breadcrumb\",\"itemListElement\":[{\"@type\":\"ListItem\",\"position\":1,\"name\":\"Home\",\"item\":\"https:\\\/\\\/www.baca.ca\\\/en\\\/\"},{\"@type\":\"ListItem\",\"position\":2,\"name\":\"Exhibitions\",\"item\":\"https:\\\/\\\/www.baca.ca\\\/en\\\/exhibitions\\\/\"},{\"@type\":\"ListItem\",\"position\":3,\"name\":\"Creation Stories\",\"item\":\"https:\\\/\\\/www.baca.ca\\\/en\\\/exhibitions\\\/creation-stories\\\/\"},{\"@type\":\"ListItem\",\"position\":4,\"name\":\"La Guilde\"}]},{\"@type\":\"WebSite\",\"@id\":\"https:\\\/\\\/www.baca.ca\\\/en\\\/#website\",\"url\":\"https:\\\/\\\/www.baca.ca\\\/en\\\/\",\"name\":\"La Biennale d\u2019art contemporain autochtone\",\"description\":\"Contemporary Native Art Biennial (BACA)\",\"publisher\":{\"@id\":\"https:\\\/\\\/www.baca.ca\\\/en\\\/#organization\"},\"potentialAction\":[{\"@type\":\"SearchAction\",\"target\":{\"@type\":\"EntryPoint\",\"urlTemplate\":\"https:\\\/\\\/www.baca.ca\\\/en\\\/?s={search_term_string}\"},\"query-input\":{\"@type\":\"PropertyValueSpecification\",\"valueRequired\":true,\"valueName\":\"search_term_string\"}}],\"inLanguage\":\"en-US\"},{\"@type\":\"Organization\",\"@id\":\"https:\\\/\\\/www.baca.ca\\\/en\\\/#organization\",\"name\":\"BACA\",\"url\":\"https:\\\/\\\/www.baca.ca\\\/en\\\/\",\"logo\":{\"@type\":\"ImageObject\",\"inLanguage\":\"en-US\",\"@id\":\"https:\\\/\\\/www.baca.ca\\\/en\\\/#\\\/schema\\\/logo\\\/image\\\/\",\"url\":\"https:\\\/\\\/www.baca.ca\\\/wp-content\\\/uploads\\\/2018\\\/03\\\/BACA.png\",\"contentUrl\":\"https:\\\/\\\/www.baca.ca\\\/wp-content\\\/uploads\\\/2018\\\/03\\\/BACA.png\",\"width\":220,\"height\":50,\"caption\":\"BACA\"},\"image\":{\"@id\":\"https:\\\/\\\/www.baca.ca\\\/en\\\/#\\\/schema\\\/logo\\\/image\\\/\"},\"sameAs\":[\"https:\\\/\\\/www.facebook.com\\\/bacabiennale\\\/\",\"https:\\\/\\\/www.instagram.com\\\/bacabiennale\",\"https:\\\/\\\/bsky.app\\\/profile\\\/bacabiennale.bsky.social\"]}]}<\/script>\n<!-- \/ Yoast SEO plugin. -->","yoast_head_json":{"title":"La Guilde | La Biennale d\u2019art contemporain autochtone","robots":{"index":"index","follow":"follow","max-snippet":"max-snippet:-1","max-image-preview":"max-image-preview:large","max-video-preview":"max-video-preview:-1"},"canonical":"https:\/\/www.baca.ca\/en\/exhibitions\/creation-stories\/la-guilde\/","og_locale":"en_US","og_type":"article","og_title":"La Guilde | La Biennale d\u2019art contemporain autochtone","og_description":"[vc_row][vc_column width=&#8221;1\/2&#8243;][vc_column_text uncode_shortcode_id=&#8221;106089&#8243;]May 16 \u2013 July 14, 2024 Opening: May 16, 5:30 \u2013 8 p.m. Creation Stories: Turtle Island: Joanna [&hellip;]","og_url":"https:\/\/www.baca.ca\/en\/exhibitions\/creation-stories\/la-guilde\/","og_site_name":"La Biennale d\u2019art contemporain autochtone","article_publisher":"https:\/\/www.facebook.com\/bacabiennale\/","article_modified_time":"2025-04-19T17:54:24+00:00","twitter_card":"summary_large_image","twitter_misc":{"Est. reading time":"2 minutes"},"schema":{"@context":"https:\/\/schema.org","@graph":[{"@type":"WebPage","@id":"https:\/\/www.baca.ca\/en\/exhibitions\/creation-stories\/la-guilde\/","url":"https:\/\/www.baca.ca\/en\/exhibitions\/creation-stories\/la-guilde\/","name":"La Guilde | La Biennale d\u2019art contemporain autochtone","isPartOf":{"@id":"https:\/\/www.baca.ca\/en\/#website"},"datePublished":"2024-03-08T22:29:10+00:00","dateModified":"2025-04-19T17:54:24+00:00","breadcrumb":{"@id":"https:\/\/www.baca.ca\/en\/exhibitions\/creation-stories\/la-guilde\/#breadcrumb"},"inLanguage":"en-US","potentialAction":[{"@type":"ReadAction","target":["https:\/\/www.baca.ca\/en\/exhibitions\/creation-stories\/la-guilde\/"]}]},{"@type":"BreadcrumbList","@id":"https:\/\/www.baca.ca\/en\/exhibitions\/creation-stories\/la-guilde\/#breadcrumb","itemListElement":[{"@type":"ListItem","position":1,"name":"Home","item":"https:\/\/www.baca.ca\/en\/"},{"@type":"ListItem","position":2,"name":"Exhibitions","item":"https:\/\/www.baca.ca\/en\/exhibitions\/"},{"@type":"ListItem","position":3,"name":"Creation Stories","item":"https:\/\/www.baca.ca\/en\/exhibitions\/creation-stories\/"},{"@type":"ListItem","position":4,"name":"La Guilde"}]},{"@type":"WebSite","@id":"https:\/\/www.baca.ca\/en\/#website","url":"https:\/\/www.baca.ca\/en\/","name":"La Biennale d\u2019art contemporain autochtone","description":"Contemporary Native Art Biennial (BACA)","publisher":{"@id":"https:\/\/www.baca.ca\/en\/#organization"},"potentialAction":[{"@type":"SearchAction","target":{"@type":"EntryPoint","urlTemplate":"https:\/\/www.baca.ca\/en\/?s={search_term_string}"},"query-input":{"@type":"PropertyValueSpecification","valueRequired":true,"valueName":"search_term_string"}}],"inLanguage":"en-US"},{"@type":"Organization","@id":"https:\/\/www.baca.ca\/en\/#organization","name":"BACA","url":"https:\/\/www.baca.ca\/en\/","logo":{"@type":"ImageObject","inLanguage":"en-US","@id":"https:\/\/www.baca.ca\/en\/#\/schema\/logo\/image\/","url":"https:\/\/www.baca.ca\/wp-content\/uploads\/2018\/03\/BACA.png","contentUrl":"https:\/\/www.baca.ca\/wp-content\/uploads\/2018\/03\/BACA.png","width":220,"height":50,"caption":"BACA"},"image":{"@id":"https:\/\/www.baca.ca\/en\/#\/schema\/logo\/image\/"},"sameAs":["https:\/\/www.facebook.com\/bacabiennale\/","https:\/\/www.instagram.com\/bacabiennale","https:\/\/bsky.app\/profile\/bacabiennale.bsky.social"]}]}},"_links":{"self":[{"href":"https:\/\/www.baca.ca\/en\/wp-json\/wp\/v2\/pages\/88694","targetHints":{"allow":["GET"]}}],"collection":[{"href":"https:\/\/www.baca.ca\/en\/wp-json\/wp\/v2\/pages"}],"about":[{"href":"https:\/\/www.baca.ca\/en\/wp-json\/wp\/v2\/types\/page"}],"author":[{"embeddable":true,"href":"https:\/\/www.baca.ca\/en\/wp-json\/wp\/v2\/users\/1"}],"replies":[{"embeddable":true,"href":"https:\/\/www.baca.ca\/en\/wp-json\/wp\/v2\/comments?post=88694"}],"version-history":[{"count":0,"href":"https:\/\/www.baca.ca\/en\/wp-json\/wp\/v2\/pages\/88694\/revisions"}],"up":[{"embeddable":true,"href":"https:\/\/www.baca.ca\/en\/wp-json\/wp\/v2\/pages\/88672"}],"wp:attachment":[{"href":"https:\/\/www.baca.ca\/en\/wp-json\/wp\/v2\/media?parent=88694"}],"curies":[{"name":"wp","href":"https:\/\/api.w.org\/{rel}","templated":true}]}}