{"id":87902,"date":"2023-05-28T12:15:49","date_gmt":"2023-05-28T12:15:49","guid":{"rendered":"https:\/\/www.baca.ca\/revelations\/"},"modified":"2023-06-15T21:29:52","modified_gmt":"2023-06-15T21:29:52","slug":"revelations","status":"publish","type":"page","link":"https:\/\/www.baca.ca\/en\/revelations\/","title":{"rendered":"R\u00e9v\u00e9lations"},"content":{"rendered":"<div class=\"wpb-content-wrapper\"><p>[vc_row][vc_column width=&#8221;1\/2&#8243;][vc_column_text uncode_shortcode_id=&#8221;975842&#8243;]June 7-11, 2023<br \/>\n<em>R\u00e9v\u00e9lations<\/em><br \/>\nInternational Biennial of Crafts and Creation<\/p>\n<p>Michael Patten, Director of the BACA, will be in Paris for R\u00e9v\u00e9lations to present the work of Quebec first nation artists. The project aims to celebrate the rich diversity of Indigenous art and to provide a platform for these artists to share their unique perspectives and stories with a international audience.<\/p>\n<p>A must-attend event for contemporary art from around the world, <em>R\u00e9v\u00e9lations <\/em>returns to the Grand Palais \u00c9ph\u00e9m\u00e8re from June 7 to 11, 2023. After a remarkable edition in June 2022, postponed due to the health context and bringing together over 400 exhibitors, this 6th edition of the biennial will mark its 10th anniversary. Organized by <a href=\"https:\/\/www.ateliersdart.com\/\">Ateliers d&#8217;Art de France<\/a>, the biennial showcases several hundred designers and artists in the heart of Paris, opposite the Eiffel Tower.<\/p>\n<p>Each edition highlights contemporary creation from one region in the world. In 2023, Quebec will be unveiling the best of their creation, jointly supported by the <a href=\"https:\/\/www.metiersdart.ca\/\">Conseil des m\u00e9tiers d\u2019art du Qu\u00e9bec<\/a> and the <a href=\"https:\/\/mmaq.com\/\">Maison des m\u00e9tiers d\u2019art de Qu\u00e9bec<\/a>, with the support of the government of Quebec and the<a href=\"https:\/\/www.quebec.ca\/gouvernement\/ministere\/relations-internationales\/representations-etranger\/delegation-generale-quebec-paris\"> Quebec Government Delegation in Paris.<\/a><\/p>\n<p>During its first participation to the international exhibition <em>Le Banquet<\/em> in 2019, Quebec had charmed the audience with its boldness and freedom of tone. Quebec is a fertile ground for its artists\u2019 creativity. At the crossroads of North American and European cultures, Quebecois fine crafts are rich with a diversity of expressions and practices, illustrating the history of the Quebecois nation and the peoples that compose it, especially First Nations and Inuit.<\/p>\n<p><em>R\u00e9v\u00e9lations<\/em> will highlight artists whose relationship with materials reflects a different way of understanding the world. The Quebec selection, led by curator and artist Marie-\u00c8ve G. Castonguay, in collaboration with Indigenous artists, will showcase some thirty creators from Quebec&#8217;s cultural and territorial diversity.<\/p>\n<p>Qu\u00e9bec, Nation of Honour<br \/>\nArtists: M\u00e9rida Anderson, Eruoma Awashish, Loic Bard, Cyndie Belhumeur, Alissa Bilodeau, Charlotte Caron, Hannah Claus, Laurent Craste, Jos\u00e9e Desjardins, Susan Edgerley, Pascale Girardin, Catherine Granche, Aur\u00e9lie Guillaume, Marie-Jos\u00e9 Gustave, Julie B\u00e9n\u00e9dicte Lambert, Maude Lauzi\u00e8re-Dumas, Ito Laila Lefran\u00e7ois, H\u00e9l\u00e8ne et son mari, Myl\u00e8ne Michaud, Montserrat Duran Muntadas, Paula Murray, M\u00e9line Schoenborn, Catherine Sheedy, J\u00e9r\u00e9mie St-Onge, Sarah Stevenson, Ingrid Syage Tremblay, Anne-Sophie Vall\u00e9e, Nico Williams<br \/>\nCommissaire : Marie-Eve G. Castonguay<\/p>\n<p>Quebec&#8217;s arts and crafts sector is undergoing a major transformation and is turning towards transdisciplinarity. Artists are developing hybrid practices that combine several languages in order to put forward their message. In her installations, M\u00e9rida Anderson brings together ceramics and graphic art. The transposition of techniques into other materials or scales is found in the paper basketry work of Julie B\u00e9n\u00e9dicte Lambert, as well as in the sculptures of Maude Lauzi\u00e8re-Dumas, whose training in jewellery inspires her assembly methods. Juxtapositions of materials are favoured by Montserrat Duran Muntadas, who combines blown glass with textiles, and by Catherine Granche, whose silver and gold jewellery incorporates porcelain mouldings and shaping. In a more symbiotic way, Paula Murray integrates fibreglass with porcelain, forcing the material to crack under the tension induced by this marriage of incompatible materials.<\/p>\n<p><a href=\"https:\/\/www.revelations-grandpalais.com\/le-banquet\/quebec-premieres-nations\"><em>Le Banquet<\/em><\/a><br \/>\nArtists: Caroline Monnet, Craig Commanda, Ludovic Boney, M.C. Snow, Nadia Myre and Renee Condo<br \/>\nCurator: Michael Patten<\/p>\n<p>Indigenous art is evolving and changing, just as the Indigenous peoples themselves are, and it&#8217;s important for artists to be able to express themselves in new ways that maintain their cultural identity. As an example of this diversity, <em>Le Banquet<\/em> features six contemporary Indigenous artists from Quebec\u2014 Caroline Monnet, Craig Commanda, Ludovic Boney, M.C. Snow, Nadia Myre, and Renee Condo. Their works are a beautiful blend of traditional art forms and contemporary practices, creating a unique aesthetic that is both familiar and innovative, and the variety of materials and techniques on view both affirm and challenge assumptions about what constitutes as Indigenous art.[\/vc_column_text][\/vc_column][vc_column width=&#8221;1\/2&#8243;][vc_gallery el_id=&#8221;gallery-180622&#8243; medias=&#8221;88018,88020,88022,88024,88026,88028,88030,88032,88034,88036,88038,88040,88042,88044,88046,88048,88050,88052,88054,88056,88058,88060,88062,88064,88066,88068,88070,88072,88074,88076,88078,88080,88082,88084,88086,88088,88090,88092,88094,88096,88098,88100,88102,88104,88106,88108&#8243; gutter_size=&#8221;3&#8243; screen_lg=&#8221;1000&#8243; screen_md=&#8221;600&#8243; screen_sm=&#8221;480&#8243; single_overlay_opacity=&#8221;50&#8243; single_padding=&#8221;2&#8243; uncode_shortcode_id=&#8221;136620&#8243;][\/vc_column][\/vc_row]<\/p>\n<\/div>","protected":false},"excerpt":{"rendered":"<p>[vc_row][vc_column width=&#8221;1\/2&#8243;][vc_column_text uncode_shortcode_id=&#8221;975842&#8243;]June 7-11, 2023 R\u00e9v\u00e9lations International Biennial of Crafts and Creation Michael Patten, Director of the BACA, will be [&hellip;]<\/p>\n","protected":false},"author":1,"featured_media":0,"parent":0,"menu_order":0,"comment_status":"closed","ping_status":"closed","template":"","meta":{"footnotes":""},"class_list":["post-87902","page","type-page","status-publish","hentry"],"yoast_head":"<!-- This site is optimized with the Yoast SEO plugin v27.3 - https:\/\/yoast.com\/product\/yoast-seo-wordpress\/ -->\n<title>R\u00e9v\u00e9lations | La Biennale d\u2019art contemporain autochtone<\/title>\n<meta name=\"robots\" content=\"index, follow, max-snippet:-1, max-image-preview:large, max-video-preview:-1\" \/>\n<link rel=\"canonical\" href=\"https:\/\/www.baca.ca\/en\/revelations\/\" \/>\n<meta property=\"og:locale\" content=\"en_US\" \/>\n<meta property=\"og:type\" content=\"article\" \/>\n<meta property=\"og:title\" content=\"R\u00e9v\u00e9lations | La Biennale d\u2019art contemporain autochtone\" \/>\n<meta property=\"og:description\" content=\"[vc_row][vc_column width=&#8221;1\/2&#8243;][vc_column_text uncode_shortcode_id=&#8221;975842&#8243;]June 7-11, 2023 R\u00e9v\u00e9lations International Biennial of Crafts and Creation Michael Patten, Director of the BACA, will be [&hellip;]\" \/>\n<meta property=\"og:url\" content=\"https:\/\/www.baca.ca\/en\/revelations\/\" \/>\n<meta property=\"og:site_name\" content=\"La Biennale d\u2019art contemporain autochtone\" \/>\n<meta property=\"article:publisher\" content=\"https:\/\/www.facebook.com\/bacabiennale\/\" \/>\n<meta property=\"article:modified_time\" content=\"2023-06-15T21:29:52+00:00\" \/>\n<meta name=\"twitter:card\" content=\"summary_large_image\" \/>\n<meta name=\"twitter:label1\" content=\"Est. reading time\" \/>\n\t<meta name=\"twitter:data1\" content=\"4 minutes\" \/>\n<script type=\"application\/ld+json\" class=\"yoast-schema-graph\">{\"@context\":\"https:\\\/\\\/schema.org\",\"@graph\":[{\"@type\":\"WebPage\",\"@id\":\"https:\\\/\\\/www.baca.ca\\\/en\\\/revelations\\\/\",\"url\":\"https:\\\/\\\/www.baca.ca\\\/en\\\/revelations\\\/\",\"name\":\"R\u00e9v\u00e9lations | La Biennale d\u2019art contemporain autochtone\",\"isPartOf\":{\"@id\":\"https:\\\/\\\/www.baca.ca\\\/en\\\/#website\"},\"datePublished\":\"2023-05-28T12:15:49+00:00\",\"dateModified\":\"2023-06-15T21:29:52+00:00\",\"breadcrumb\":{\"@id\":\"https:\\\/\\\/www.baca.ca\\\/en\\\/revelations\\\/#breadcrumb\"},\"inLanguage\":\"en-US\",\"potentialAction\":[{\"@type\":\"ReadAction\",\"target\":[\"https:\\\/\\\/www.baca.ca\\\/en\\\/revelations\\\/\"]}]},{\"@type\":\"BreadcrumbList\",\"@id\":\"https:\\\/\\\/www.baca.ca\\\/en\\\/revelations\\\/#breadcrumb\",\"itemListElement\":[{\"@type\":\"ListItem\",\"position\":1,\"name\":\"Home\",\"item\":\"https:\\\/\\\/www.baca.ca\\\/en\\\/\"},{\"@type\":\"ListItem\",\"position\":2,\"name\":\"R\u00e9v\u00e9lations\"}]},{\"@type\":\"WebSite\",\"@id\":\"https:\\\/\\\/www.baca.ca\\\/en\\\/#website\",\"url\":\"https:\\\/\\\/www.baca.ca\\\/en\\\/\",\"name\":\"La Biennale d\u2019art contemporain autochtone\",\"description\":\"Contemporary Native Art Biennial (BACA)\",\"publisher\":{\"@id\":\"https:\\\/\\\/www.baca.ca\\\/en\\\/#organization\"},\"potentialAction\":[{\"@type\":\"SearchAction\",\"target\":{\"@type\":\"EntryPoint\",\"urlTemplate\":\"https:\\\/\\\/www.baca.ca\\\/en\\\/?s={search_term_string}\"},\"query-input\":{\"@type\":\"PropertyValueSpecification\",\"valueRequired\":true,\"valueName\":\"search_term_string\"}}],\"inLanguage\":\"en-US\"},{\"@type\":\"Organization\",\"@id\":\"https:\\\/\\\/www.baca.ca\\\/en\\\/#organization\",\"name\":\"BACA\",\"url\":\"https:\\\/\\\/www.baca.ca\\\/en\\\/\",\"logo\":{\"@type\":\"ImageObject\",\"inLanguage\":\"en-US\",\"@id\":\"https:\\\/\\\/www.baca.ca\\\/en\\\/#\\\/schema\\\/logo\\\/image\\\/\",\"url\":\"https:\\\/\\\/www.baca.ca\\\/wp-content\\\/uploads\\\/2018\\\/03\\\/BACA.png\",\"contentUrl\":\"https:\\\/\\\/www.baca.ca\\\/wp-content\\\/uploads\\\/2018\\\/03\\\/BACA.png\",\"width\":220,\"height\":50,\"caption\":\"BACA\"},\"image\":{\"@id\":\"https:\\\/\\\/www.baca.ca\\\/en\\\/#\\\/schema\\\/logo\\\/image\\\/\"},\"sameAs\":[\"https:\\\/\\\/www.facebook.com\\\/bacabiennale\\\/\",\"https:\\\/\\\/www.instagram.com\\\/bacabiennale\",\"https:\\\/\\\/bsky.app\\\/profile\\\/bacabiennale.bsky.social\"]}]}<\/script>\n<!-- \/ Yoast SEO plugin. -->","yoast_head_json":{"title":"R\u00e9v\u00e9lations | La Biennale d\u2019art contemporain autochtone","robots":{"index":"index","follow":"follow","max-snippet":"max-snippet:-1","max-image-preview":"max-image-preview:large","max-video-preview":"max-video-preview:-1"},"canonical":"https:\/\/www.baca.ca\/en\/revelations\/","og_locale":"en_US","og_type":"article","og_title":"R\u00e9v\u00e9lations | La Biennale d\u2019art contemporain autochtone","og_description":"[vc_row][vc_column width=&#8221;1\/2&#8243;][vc_column_text uncode_shortcode_id=&#8221;975842&#8243;]June 7-11, 2023 R\u00e9v\u00e9lations International Biennial of Crafts and Creation Michael Patten, Director of the BACA, will be [&hellip;]","og_url":"https:\/\/www.baca.ca\/en\/revelations\/","og_site_name":"La Biennale d\u2019art contemporain autochtone","article_publisher":"https:\/\/www.facebook.com\/bacabiennale\/","article_modified_time":"2023-06-15T21:29:52+00:00","twitter_card":"summary_large_image","twitter_misc":{"Est. reading time":"4 minutes"},"schema":{"@context":"https:\/\/schema.org","@graph":[{"@type":"WebPage","@id":"https:\/\/www.baca.ca\/en\/revelations\/","url":"https:\/\/www.baca.ca\/en\/revelations\/","name":"R\u00e9v\u00e9lations | La Biennale d\u2019art contemporain autochtone","isPartOf":{"@id":"https:\/\/www.baca.ca\/en\/#website"},"datePublished":"2023-05-28T12:15:49+00:00","dateModified":"2023-06-15T21:29:52+00:00","breadcrumb":{"@id":"https:\/\/www.baca.ca\/en\/revelations\/#breadcrumb"},"inLanguage":"en-US","potentialAction":[{"@type":"ReadAction","target":["https:\/\/www.baca.ca\/en\/revelations\/"]}]},{"@type":"BreadcrumbList","@id":"https:\/\/www.baca.ca\/en\/revelations\/#breadcrumb","itemListElement":[{"@type":"ListItem","position":1,"name":"Home","item":"https:\/\/www.baca.ca\/en\/"},{"@type":"ListItem","position":2,"name":"R\u00e9v\u00e9lations"}]},{"@type":"WebSite","@id":"https:\/\/www.baca.ca\/en\/#website","url":"https:\/\/www.baca.ca\/en\/","name":"La Biennale d\u2019art contemporain autochtone","description":"Contemporary Native Art Biennial (BACA)","publisher":{"@id":"https:\/\/www.baca.ca\/en\/#organization"},"potentialAction":[{"@type":"SearchAction","target":{"@type":"EntryPoint","urlTemplate":"https:\/\/www.baca.ca\/en\/?s={search_term_string}"},"query-input":{"@type":"PropertyValueSpecification","valueRequired":true,"valueName":"search_term_string"}}],"inLanguage":"en-US"},{"@type":"Organization","@id":"https:\/\/www.baca.ca\/en\/#organization","name":"BACA","url":"https:\/\/www.baca.ca\/en\/","logo":{"@type":"ImageObject","inLanguage":"en-US","@id":"https:\/\/www.baca.ca\/en\/#\/schema\/logo\/image\/","url":"https:\/\/www.baca.ca\/wp-content\/uploads\/2018\/03\/BACA.png","contentUrl":"https:\/\/www.baca.ca\/wp-content\/uploads\/2018\/03\/BACA.png","width":220,"height":50,"caption":"BACA"},"image":{"@id":"https:\/\/www.baca.ca\/en\/#\/schema\/logo\/image\/"},"sameAs":["https:\/\/www.facebook.com\/bacabiennale\/","https:\/\/www.instagram.com\/bacabiennale","https:\/\/bsky.app\/profile\/bacabiennale.bsky.social"]}]}},"_links":{"self":[{"href":"https:\/\/www.baca.ca\/en\/wp-json\/wp\/v2\/pages\/87902","targetHints":{"allow":["GET"]}}],"collection":[{"href":"https:\/\/www.baca.ca\/en\/wp-json\/wp\/v2\/pages"}],"about":[{"href":"https:\/\/www.baca.ca\/en\/wp-json\/wp\/v2\/types\/page"}],"author":[{"embeddable":true,"href":"https:\/\/www.baca.ca\/en\/wp-json\/wp\/v2\/users\/1"}],"replies":[{"embeddable":true,"href":"https:\/\/www.baca.ca\/en\/wp-json\/wp\/v2\/comments?post=87902"}],"version-history":[{"count":0,"href":"https:\/\/www.baca.ca\/en\/wp-json\/wp\/v2\/pages\/87902\/revisions"}],"wp:attachment":[{"href":"https:\/\/www.baca.ca\/en\/wp-json\/wp\/v2\/media?parent=87902"}],"curies":[{"name":"wp","href":"https:\/\/api.w.org\/{rel}","templated":true}]}}