{"id":85457,"date":"2022-03-26T13:04:28","date_gmt":"2022-03-26T13:04:28","guid":{"rendered":"https:\/\/www.baca.ca\/exhibitions\/land-back-la-guilde\/"},"modified":"2023-12-21T16:43:09","modified_gmt":"2023-12-21T20:43:09","slug":"la-guilde","status":"publish","type":"page","link":"https:\/\/www.baca.ca\/en\/exhibitions\/land-back\/la-guilde\/","title":{"rendered":"La Guilde"},"content":{"rendered":"<div class=\"wpb-content-wrapper\"><p>[vc_row][vc_column width=&#8221;1\/2&#8243;][vc_column_text uncode_shortcode_id=&#8221;889738&#8243;]May 19 &#8211; July 3, 2022<br \/>\nOpening reception: Thursday, May 19, 2022<br \/>\nLand Back: Margaret August, Beau Dick, Allen James, Gigaemi Kukwits, Cole Speck, Chief Henry Speck, Don Yeomans<\/p>\n<p>Curator: Michael Patten<br \/>\nContemporary Native Art Biennial (BACA), 6th edition<\/p>\n<p>La Guilde<br \/>\n1356 Sherbrooke St. West<br \/>\nTiohti\u00e0:ke \/ Mooniyang \/ Montr\u00e9al, QC, H3G 1J1<\/p>\n<p>Since time immemorial, Indigenous peoples have preserved biodiversity in the face of continued human population growth. Shortly after the time of first contact with Europeans, Indigenous communities were stripped of their ancestral lands; the Land Back movement aims to restore governance and stewardship of the territory for a sustainable future.<\/p>\n<p>If Land Back is a call to action, a return of equity to a stolen territory, it also allows for some questioning. How can we best protect biodiversity, land and water? The first step would be to return the land to its traditional and legitimate protectors. The revalorization of Indigenous knowledge goes beyond symbolic gestures of recognition or inclusion; it aims to significantly change practices and structures.<\/p>\n<p>The Northwest Coast, the cultural zone of many of Canada&#8217;s Indigenous nations, geographically follows the northwest coast of North America and extends inland along the Nass and Skeena Rivers and the Fraser River. The potlatch ceremony is an integral part of the governance, culture and spiritual traditions of many of these nations. It has many variations, but is usually used to mark important social events. The potlatch usually takes the form of a gift-giving ceremony and redistribution of wealth, and may include feasting, spiritual dancing and singing. The potlatch was banned by the Canadian government from 1884 to 1951. This sanction led to the confiscation of many sacred objects and the arrest of many community members. More broadly, it is a large scar in the history and culture of these peoples. While this practice was once banned, it is now encouraged and celebrated throughout the Indigenous art and cultural world of the Northwest Coast.<\/p>\n<p>Thanks to the generosity of Ceremonial \/ Art Gallery and Fazakas Gallery located in Vancouver, BACA is fortunate to present an important part of their collections of Indigenous artworks from the Northwest. Among the artists represented are the sculptural work of contemporary artist Kwakwaka&#8217;wakw Cole Speck as well as that of his late master Chief Beau Dick, a recognized activist in the Idle No More movement. Speck, through his work, attempts to convey a strong love and respect for his cultural and artistic family roots. At the same time, he offers a contemporary style and message specific to his practice, as in the case of his work Beaver in a Hudson&#8217;s Bay Bag (2019), a playful and critical nod to the history of the Hudson&#8217;s Bay Company&#8217;s territorial and commercial monopoly.<\/p>\n<p>We hope that this window on the Indigenous art of Western Canada will amaze you and pique your curiosity.<\/p>\n<p>We recognize that BACA is taking place on unceded Indigenous lands, and that the Kanien\u2019keh\u00e1:ka Nation is the caretaker of the lands and waters on which we gather today. Tiohti\u00e1:ke (Montreal) is historically known as a gathering place for many First Nations. Today, it is home to a varied population of Indigenous and other peoples. BACA acknowledges the continued relations with the past, present, and future in their current relationships with Indigenous and other peoples within the Montreal community.<\/p>\n<p>The Biennale d\u2019art contemporain autochtone (BACA) thanks the Canada Council for the Arts, the Government of Quebec (Conseil des arts et des lettres du Qu\u00e9bec, Fonds d&#8217;investissement pour le rayonnement de la M\u00e9tropole), Tourisme Montr\u00e9al, the Conseil des arts de Montr\u00e9al, La Guilde and its other presenting partners.<\/p>\n<p>BACA 2022 DATES AND VENUES<\/p>\n<p>Sunday, May 1, 2022, from 2:00 p.m to 4:00 p.m<br \/>\n<em>Land Back<\/em> Opening ceremony<\/p>\n<p>Place du Canada<br \/>\n1010, rue de la Gaucheti\u00e8re Ouest<br \/>\nTiohti\u00e0:ke \/ Montreal (QC)<\/p>\n<p><a href=\"https:\/\/www.baca.ca\/en\/exhibitions\/land-back\/musee-des-beaux-arts-de-sherbrooke\/\">Sherbrooke Museum of Fine Arts<\/a><br \/>\nApril 28 &#8211; June 26, 2022<br \/>\nOpening: Thursday April 28, 2022 at 5:00 p.m.<br \/>\n241 Rue Dufferin, Sherbrooke, QC<\/p>\n<p><a href=\"https:\/\/www.baca.ca\/en\/exhibitions\/land-back\/maison-des-jesuites-de-sillery\/\">Maison des J\u00e9suites de Sillery<\/a><br \/>\nFrom May 4 to December 11, 2022<br \/>\n2320 Chemin du Foulon, Quebec, QC<\/p>\n<p><a href=\"https:\/\/www.baca.ca\/en\/exhibitions\/land-back\/quai-5160-maison-de-la-culture-de-verdun\/\">Quai 5160 \u2013 Maison de la culture de Verdun<\/a><br \/>\nMay 7 &#8211; July 3, 2022<br \/>\n5160 Bd LaSalle, Verdun, QC<\/p>\n<p><a href=\"https:\/\/www.baca.ca\/en\/exhibitions\/land-back\/art-mur\/\">Art M\u00fbr\u00a0<\/a><br \/>\nMay 7 &#8211; June 18, 2022<br \/>\nOpening: Saturday May 7, 2022 at 3:00 p.m.<br \/>\n5826 St-Hubert, Montreal, QC<\/p>\n<p><a href=\"https:\/\/www.baca.ca\/en\/exhibitions\/land-back\/galerie-dart-stewart-hall\/\">Stewart Hall Art Gallery<\/a><br \/>\nMay 7 &#8211; June 19, 2022<br \/>\nOpening: Sunday May 8, 2022 at 2:00 p.m.<br \/>\n176 Bord-du-Lac, Pointe-Claire, QC<\/p>\n<p><a href=\"https:\/\/www.baca.ca\/en\/exhibitions\/land-back\/la-guilde\/\">La Guilde<\/a><br \/>\nMay 19 &#8211; July 10, 2022<br \/>\nOpening: Thursday May 19, 2022 at 5:00 p.m.<br \/>\n1356 West Sherbrooke st, Montreal, QC<\/p>\n<p><a href=\"https:\/\/www.baca.ca\/en\/exhibitions\/land-back\/musee-mccord\/\">McCord Museum<\/a><br \/>\nJune 2 \u2013 5, 2022 : Film screening<br \/>\nSky Hopinka, In Dreams and Autumn (2021)<br \/>\n690 West Sherbrooke st, Montreal, QC<\/p>\n<p><a href=\"https:\/\/www.baca.ca\/en\/exhibitions\/land-back\/expression\/\">Expression &#8211; Centre d\u2019exposition de Saint-Hyacinthe<\/a><br \/>\nNovember 4 &#8211; December 23, 2022<br \/>\n495 Avenue Saint-Simon, Saint-Hyacinthe, QC<\/p>\n<p>SATELLITE EXHIBITIONS<\/p>\n<p><a href=\"https:\/\/www.baca.ca\/en\/exhibitions\/alexis-gros-louis-onenha-wenwa-superimpositions\/\">She:kon &#8211; BACA Space for Emerging Art<\/a><br \/>\nAlexis Gros-Louis, \u00d6nenha\u2019; Wen\u2019wa\u2019 \/ [Superimpositions]<br \/>\nCurator: Terry Randy Awashish<br \/>\nMay 7 &#8211; June 18, 2022<br \/>\n5826, St-Hubert, Montreal, QC<\/p>\n<p><a href=\"https:\/\/www.baca.ca\/en\/exhibitions\/suzanne-morrissette-translation\/\">daphne art center<\/a><br \/>\nSuzanne Morissette, t<em>ranslations<\/em><br \/>\nMay 7 &#8211; June 18, 2022<br \/>\n5842, St-Hubert, Montreal, QC<\/p>\n<p><a href=\"https:\/\/www.baca.ca\/en\/exhibitions\/renee-condo-sisip-sipu\/\">Laroche\/Joncas<\/a><br \/>\nRen\u00e9e Condo, <em>Sisip-Sipu<\/em><br \/>\nApril 27 &#8211; June 4, 2022<br \/>\n372 Ste-Catherine W, suite 410, Montreal, QC[\/vc_column_text][\/vc_column][vc_column width=&#8221;1\/2&#8243;][vc_gallery el_id=&#8221;gallery-191260&#8243; medias=&#8221;85969,85971,85973,85975,85977,85979,85981,85983,85985,85987,85989,85991,85993,85995,85997&#8243; gutter_size=&#8221;3&#8243; screen_lg=&#8221;1000&#8243; screen_md=&#8221;600&#8243; screen_sm=&#8221;480&#8243; single_overlay_opacity=&#8221;50&#8243; single_padding=&#8221;2&#8243; uncode_shortcode_id=&#8221;581499&#8243;][\/vc_column][\/vc_row]<\/p>\n<\/div>","protected":false},"excerpt":{"rendered":"<p>[vc_row][vc_column width=&#8221;1\/2&#8243;][vc_column_text uncode_shortcode_id=&#8221;889738&#8243;]May 19 &#8211; July 3, 2022 Opening reception: Thursday, May 19, 2022 Land Back: Margaret August, Beau Dick, [&hellip;]<\/p>\n","protected":false},"author":1,"featured_media":85455,"parent":86966,"menu_order":0,"comment_status":"closed","ping_status":"closed","template":"","meta":{"footnotes":""},"class_list":["post-85457","page","type-page","status-publish","has-post-thumbnail","hentry"],"yoast_head":"<!-- This site is optimized with the Yoast SEO plugin v27.5 - https:\/\/yoast.com\/product\/yoast-seo-wordpress\/ -->\n<title>La Guilde | La Biennale d\u2019art contemporain autochtone<\/title>\n<meta name=\"robots\" content=\"index, follow, max-snippet:-1, max-image-preview:large, max-video-preview:-1\" \/>\n<link rel=\"canonical\" href=\"https:\/\/www.baca.ca\/en\/exhibitions\/land-back\/la-guilde\/\" \/>\n<meta property=\"og:locale\" content=\"en_US\" \/>\n<meta property=\"og:type\" content=\"article\" \/>\n<meta property=\"og:title\" content=\"La Guilde | La Biennale d\u2019art contemporain autochtone\" \/>\n<meta property=\"og:description\" content=\"[vc_row][vc_column width=&#8221;1\/2&#8243;][vc_column_text uncode_shortcode_id=&#8221;889738&#8243;]May 19 &#8211; July 3, 2022 Opening reception: Thursday, May 19, 2022 Land Back: Margaret August, Beau Dick, [&hellip;]\" \/>\n<meta property=\"og:url\" content=\"https:\/\/www.baca.ca\/en\/exhibitions\/land-back\/la-guilde\/\" \/>\n<meta property=\"og:site_name\" content=\"La Biennale d\u2019art contemporain autochtone\" \/>\n<meta property=\"article:publisher\" content=\"https:\/\/www.facebook.com\/bacabiennale\/\" \/>\n<meta property=\"article:modified_time\" content=\"2023-12-21T20:43:09+00:00\" \/>\n<meta property=\"og:image\" content=\"https:\/\/www.baca.ca\/wp-content\/uploads\/2022\/03\/Cole-Speck-Beaver-in-a-Hudsons-Bay-Bag.jpg\" \/>\n\t<meta property=\"og:image:width\" content=\"1536\" \/>\n\t<meta property=\"og:image:height\" content=\"1804\" \/>\n\t<meta property=\"og:image:type\" content=\"image\/jpeg\" \/>\n<meta name=\"twitter:card\" content=\"summary_large_image\" \/>\n<meta name=\"twitter:label1\" content=\"Est. reading time\" \/>\n\t<meta name=\"twitter:data1\" content=\"4 minutes\" \/>\n<script type=\"application\/ld+json\" class=\"yoast-schema-graph\">{\"@context\":\"https:\\\/\\\/schema.org\",\"@graph\":[{\"@type\":\"WebPage\",\"@id\":\"https:\\\/\\\/www.baca.ca\\\/en\\\/exhibitions\\\/land-back\\\/la-guilde\\\/\",\"url\":\"https:\\\/\\\/www.baca.ca\\\/en\\\/exhibitions\\\/land-back\\\/la-guilde\\\/\",\"name\":\"La Guilde | La Biennale d\u2019art contemporain autochtone\",\"isPartOf\":{\"@id\":\"https:\\\/\\\/www.baca.ca\\\/en\\\/#website\"},\"primaryImageOfPage\":{\"@id\":\"https:\\\/\\\/www.baca.ca\\\/en\\\/exhibitions\\\/land-back\\\/la-guilde\\\/#primaryimage\"},\"image\":{\"@id\":\"https:\\\/\\\/www.baca.ca\\\/en\\\/exhibitions\\\/land-back\\\/la-guilde\\\/#primaryimage\"},\"thumbnailUrl\":\"https:\\\/\\\/www.baca.ca\\\/wp-content\\\/uploads\\\/2022\\\/03\\\/Cole-Speck-Beaver-in-a-Hudsons-Bay-Bag.jpg\",\"datePublished\":\"2022-03-26T13:04:28+00:00\",\"dateModified\":\"2023-12-21T20:43:09+00:00\",\"breadcrumb\":{\"@id\":\"https:\\\/\\\/www.baca.ca\\\/en\\\/exhibitions\\\/land-back\\\/la-guilde\\\/#breadcrumb\"},\"inLanguage\":\"en-US\",\"potentialAction\":[{\"@type\":\"ReadAction\",\"target\":[\"https:\\\/\\\/www.baca.ca\\\/en\\\/exhibitions\\\/land-back\\\/la-guilde\\\/\"]}]},{\"@type\":\"ImageObject\",\"inLanguage\":\"en-US\",\"@id\":\"https:\\\/\\\/www.baca.ca\\\/en\\\/exhibitions\\\/land-back\\\/la-guilde\\\/#primaryimage\",\"url\":\"https:\\\/\\\/www.baca.ca\\\/wp-content\\\/uploads\\\/2022\\\/03\\\/Cole-Speck-Beaver-in-a-Hudsons-Bay-Bag.jpg\",\"contentUrl\":\"https:\\\/\\\/www.baca.ca\\\/wp-content\\\/uploads\\\/2022\\\/03\\\/Cole-Speck-Beaver-in-a-Hudsons-Bay-Bag.jpg\",\"width\":1536,\"height\":1804},{\"@type\":\"BreadcrumbList\",\"@id\":\"https:\\\/\\\/www.baca.ca\\\/en\\\/exhibitions\\\/land-back\\\/la-guilde\\\/#breadcrumb\",\"itemListElement\":[{\"@type\":\"ListItem\",\"position\":1,\"name\":\"Home\",\"item\":\"https:\\\/\\\/www.baca.ca\\\/en\\\/\"},{\"@type\":\"ListItem\",\"position\":2,\"name\":\"Exhibitions\",\"item\":\"https:\\\/\\\/www.baca.ca\\\/en\\\/exhibitions\\\/\"},{\"@type\":\"ListItem\",\"position\":3,\"name\":\"Land Back\",\"item\":\"https:\\\/\\\/www.baca.ca\\\/en\\\/exhibitions\\\/land-back\\\/\"},{\"@type\":\"ListItem\",\"position\":4,\"name\":\"La Guilde\"}]},{\"@type\":\"WebSite\",\"@id\":\"https:\\\/\\\/www.baca.ca\\\/en\\\/#website\",\"url\":\"https:\\\/\\\/www.baca.ca\\\/en\\\/\",\"name\":\"La Biennale d\u2019art contemporain autochtone\",\"description\":\"Contemporary Native Art Biennial (BACA)\",\"publisher\":{\"@id\":\"https:\\\/\\\/www.baca.ca\\\/en\\\/#organization\"},\"potentialAction\":[{\"@type\":\"SearchAction\",\"target\":{\"@type\":\"EntryPoint\",\"urlTemplate\":\"https:\\\/\\\/www.baca.ca\\\/en\\\/?s={search_term_string}\"},\"query-input\":{\"@type\":\"PropertyValueSpecification\",\"valueRequired\":true,\"valueName\":\"search_term_string\"}}],\"inLanguage\":\"en-US\"},{\"@type\":\"Organization\",\"@id\":\"https:\\\/\\\/www.baca.ca\\\/en\\\/#organization\",\"name\":\"BACA\",\"url\":\"https:\\\/\\\/www.baca.ca\\\/en\\\/\",\"logo\":{\"@type\":\"ImageObject\",\"inLanguage\":\"en-US\",\"@id\":\"https:\\\/\\\/www.baca.ca\\\/en\\\/#\\\/schema\\\/logo\\\/image\\\/\",\"url\":\"https:\\\/\\\/www.baca.ca\\\/wp-content\\\/uploads\\\/2018\\\/03\\\/BACA.png\",\"contentUrl\":\"https:\\\/\\\/www.baca.ca\\\/wp-content\\\/uploads\\\/2018\\\/03\\\/BACA.png\",\"width\":220,\"height\":50,\"caption\":\"BACA\"},\"image\":{\"@id\":\"https:\\\/\\\/www.baca.ca\\\/en\\\/#\\\/schema\\\/logo\\\/image\\\/\"},\"sameAs\":[\"https:\\\/\\\/www.facebook.com\\\/bacabiennale\\\/\",\"https:\\\/\\\/www.instagram.com\\\/bacabiennale\",\"https:\\\/\\\/bsky.app\\\/profile\\\/bacabiennale.bsky.social\"]}]}<\/script>\n<!-- \/ Yoast SEO plugin. -->","yoast_head_json":{"title":"La Guilde | La Biennale d\u2019art contemporain autochtone","robots":{"index":"index","follow":"follow","max-snippet":"max-snippet:-1","max-image-preview":"max-image-preview:large","max-video-preview":"max-video-preview:-1"},"canonical":"https:\/\/www.baca.ca\/en\/exhibitions\/land-back\/la-guilde\/","og_locale":"en_US","og_type":"article","og_title":"La Guilde | La Biennale d\u2019art contemporain autochtone","og_description":"[vc_row][vc_column width=&#8221;1\/2&#8243;][vc_column_text uncode_shortcode_id=&#8221;889738&#8243;]May 19 &#8211; July 3, 2022 Opening reception: Thursday, May 19, 2022 Land Back: Margaret August, Beau Dick, [&hellip;]","og_url":"https:\/\/www.baca.ca\/en\/exhibitions\/land-back\/la-guilde\/","og_site_name":"La Biennale d\u2019art contemporain autochtone","article_publisher":"https:\/\/www.facebook.com\/bacabiennale\/","article_modified_time":"2023-12-21T20:43:09+00:00","og_image":[{"width":1536,"height":1804,"url":"https:\/\/www.baca.ca\/wp-content\/uploads\/2022\/03\/Cole-Speck-Beaver-in-a-Hudsons-Bay-Bag.jpg","type":"image\/jpeg"}],"twitter_card":"summary_large_image","twitter_misc":{"Est. reading time":"4 minutes"},"schema":{"@context":"https:\/\/schema.org","@graph":[{"@type":"WebPage","@id":"https:\/\/www.baca.ca\/en\/exhibitions\/land-back\/la-guilde\/","url":"https:\/\/www.baca.ca\/en\/exhibitions\/land-back\/la-guilde\/","name":"La Guilde | La Biennale d\u2019art contemporain autochtone","isPartOf":{"@id":"https:\/\/www.baca.ca\/en\/#website"},"primaryImageOfPage":{"@id":"https:\/\/www.baca.ca\/en\/exhibitions\/land-back\/la-guilde\/#primaryimage"},"image":{"@id":"https:\/\/www.baca.ca\/en\/exhibitions\/land-back\/la-guilde\/#primaryimage"},"thumbnailUrl":"https:\/\/www.baca.ca\/wp-content\/uploads\/2022\/03\/Cole-Speck-Beaver-in-a-Hudsons-Bay-Bag.jpg","datePublished":"2022-03-26T13:04:28+00:00","dateModified":"2023-12-21T20:43:09+00:00","breadcrumb":{"@id":"https:\/\/www.baca.ca\/en\/exhibitions\/land-back\/la-guilde\/#breadcrumb"},"inLanguage":"en-US","potentialAction":[{"@type":"ReadAction","target":["https:\/\/www.baca.ca\/en\/exhibitions\/land-back\/la-guilde\/"]}]},{"@type":"ImageObject","inLanguage":"en-US","@id":"https:\/\/www.baca.ca\/en\/exhibitions\/land-back\/la-guilde\/#primaryimage","url":"https:\/\/www.baca.ca\/wp-content\/uploads\/2022\/03\/Cole-Speck-Beaver-in-a-Hudsons-Bay-Bag.jpg","contentUrl":"https:\/\/www.baca.ca\/wp-content\/uploads\/2022\/03\/Cole-Speck-Beaver-in-a-Hudsons-Bay-Bag.jpg","width":1536,"height":1804},{"@type":"BreadcrumbList","@id":"https:\/\/www.baca.ca\/en\/exhibitions\/land-back\/la-guilde\/#breadcrumb","itemListElement":[{"@type":"ListItem","position":1,"name":"Home","item":"https:\/\/www.baca.ca\/en\/"},{"@type":"ListItem","position":2,"name":"Exhibitions","item":"https:\/\/www.baca.ca\/en\/exhibitions\/"},{"@type":"ListItem","position":3,"name":"Land Back","item":"https:\/\/www.baca.ca\/en\/exhibitions\/land-back\/"},{"@type":"ListItem","position":4,"name":"La Guilde"}]},{"@type":"WebSite","@id":"https:\/\/www.baca.ca\/en\/#website","url":"https:\/\/www.baca.ca\/en\/","name":"La Biennale d\u2019art contemporain autochtone","description":"Contemporary Native Art Biennial (BACA)","publisher":{"@id":"https:\/\/www.baca.ca\/en\/#organization"},"potentialAction":[{"@type":"SearchAction","target":{"@type":"EntryPoint","urlTemplate":"https:\/\/www.baca.ca\/en\/?s={search_term_string}"},"query-input":{"@type":"PropertyValueSpecification","valueRequired":true,"valueName":"search_term_string"}}],"inLanguage":"en-US"},{"@type":"Organization","@id":"https:\/\/www.baca.ca\/en\/#organization","name":"BACA","url":"https:\/\/www.baca.ca\/en\/","logo":{"@type":"ImageObject","inLanguage":"en-US","@id":"https:\/\/www.baca.ca\/en\/#\/schema\/logo\/image\/","url":"https:\/\/www.baca.ca\/wp-content\/uploads\/2018\/03\/BACA.png","contentUrl":"https:\/\/www.baca.ca\/wp-content\/uploads\/2018\/03\/BACA.png","width":220,"height":50,"caption":"BACA"},"image":{"@id":"https:\/\/www.baca.ca\/en\/#\/schema\/logo\/image\/"},"sameAs":["https:\/\/www.facebook.com\/bacabiennale\/","https:\/\/www.instagram.com\/bacabiennale","https:\/\/bsky.app\/profile\/bacabiennale.bsky.social"]}]}},"_links":{"self":[{"href":"https:\/\/www.baca.ca\/en\/wp-json\/wp\/v2\/pages\/85457","targetHints":{"allow":["GET"]}}],"collection":[{"href":"https:\/\/www.baca.ca\/en\/wp-json\/wp\/v2\/pages"}],"about":[{"href":"https:\/\/www.baca.ca\/en\/wp-json\/wp\/v2\/types\/page"}],"author":[{"embeddable":true,"href":"https:\/\/www.baca.ca\/en\/wp-json\/wp\/v2\/users\/1"}],"replies":[{"embeddable":true,"href":"https:\/\/www.baca.ca\/en\/wp-json\/wp\/v2\/comments?post=85457"}],"version-history":[{"count":0,"href":"https:\/\/www.baca.ca\/en\/wp-json\/wp\/v2\/pages\/85457\/revisions"}],"up":[{"embeddable":true,"href":"https:\/\/www.baca.ca\/en\/wp-json\/wp\/v2\/pages\/86966"}],"wp:featuredmedia":[{"embeddable":true,"href":"https:\/\/www.baca.ca\/en\/wp-json\/wp\/v2\/media\/85455"}],"wp:attachment":[{"href":"https:\/\/www.baca.ca\/en\/wp-json\/wp\/v2\/media?parent=85457"}],"curies":[{"name":"wp","href":"https:\/\/api.w.org\/{rel}","templated":true}]}}