{"id":85448,"date":"2022-03-26T13:00:26","date_gmt":"2022-03-26T13:00:26","guid":{"rendered":"https:\/\/www.baca.ca\/exhibitions\/land-back-art-mur\/"},"modified":"2023-12-21T16:35:02","modified_gmt":"2023-12-21T20:35:02","slug":"art-mur","status":"publish","type":"page","link":"https:\/\/www.baca.ca\/en\/exhibitions\/land-back\/art-mur\/","title":{"rendered":"Art M\u00fbr"},"content":{"rendered":"<div class=\"wpb-content-wrapper\"><p>[vc_row][vc_column width=&#8221;1\/2&#8243;][vc_column_text uncode_shortcode_id=&#8221;601448&#8243;]May 7 \u2013 June 18, 2022<br \/>\nOpening: Saturday, May 7, 2022 from 3:00 to 5:00 p.m.<br \/>\n<em>Land Back<\/em>: Lori Blondeau, Raven Chacon, Tracey-Mae Chambers, Gregg Deal, Jeremy Dennis, Duane Isaac, Ursula Johnson, Cheryl L\u2019Hirondelle, Logan MacDonald, Meagan Musseau, Camille Seaman, Julia Rose Sutherland<\/p>\n<p>Curator: Michael Patten<br \/>\nContemporary Native Art Biennial (BACA), 6th edition<\/p>\n<p>galerie Art M\u00fbr<br \/>\n5826, rue St-Hubert<br \/>\nTiohti\u00e0:ke \/ Mooniyang \/ Montr\u00e9al, QC, H2S 2L7<\/p>\n<p>Since time immemorial, indigenous peoples have preserved biodiversity in the face of continued human population growth. Shortly after the time of first contact with Europeans, indigenous communities were stripped of their ancestral lands; the Land Back movement aims to restore governance and stewardship of the territory for a sustainable future.<\/p>\n<p>If Land Back is a call to action, a return of equity to a stolen territory, it also allows for some questioning. How can we best protect biodiversity, land and water? The first step would be to return the land to its traditional and legitimate protectors. The revalorization of indigenous knowledge goes beyond symbolic gestures of recognition or inclusion; it aims to significantly change practices and structures.<\/p>\n<p>The motif of the rock traces an Ariadne&#8217;s thread between the practices of several artists presented. It is posed as a marker of meaning, but also of territory; a sort of meeting point and support for these peoples dispossessed of their ancestral territories. The rock is solid, but it can be fragmented.<\/p>\n<p>In her photographic series Asiniy Iskwew (&#8220;Rock Woman&#8221; in Cree), Lori Blondeau addresses the destruction of Mistaseni \u2013 a 400-tonne sacred rock and gathering place for the South Saskatchewan River Dam Project. Carefully choosing her location, she captures her self-portrait; standing on a rock, wearing a red dress, looking defiant. Through these photographs, the artist pays tribute to the resilience of indigenous women in the face of systemic violence. In this echo, Meagan Musseau, through a poetic gesture, patiently braids long ribbons of tulle hung on a root system, while they are carried away by the wind. The artist thus anchors her gesture in the land and deepens her relationship with it.<\/p>\n<p>Photographer Camille Seaman extensively documented the Standing Rock Reservation protest in 2016, in North Dakota. This rally had taken a stand against the Dakota Access pipeline, which was completed in 2017. One of these photographs bears the title Protect &amp; Serve (The Corporations), it depicts a lone protester facing a heavily armed police convoy.<\/p>\n<p>In parallel, other artists are joining this more politically engaged discourse with very striking imagery. Not mincing her words, Julia Rose Sutherland uses the technique of quill embroidery to write activist slogans in her series Rest in peace Rodney Levi. Gregg Deal, in his work The Last American Indian on Earth, develops a discourse on Indigenous identity and the racist stereotypes associated with it by documenting his encounter with average Americans as he depicts a stereotypical version of an Indigenous person.<\/p>\n<p>For his part, Jeremy Dennis, in his series Nothing Happened Here, exposes in a crude way the violence left by colonialism, using the bloody arrow as a symbol. Duane Issac, also through photography, articulates a discourse on the connection between indigenous bodies and their land and how the well-being of one is intimately linked to the survival of the other.<\/p>\n<p>Strongly representative of the Land Back movement, these productions stand as symbols of strength and resistance.<\/p>\n<p>We recognize that BACA is taking place on unceded Indigenous lands, and that the Kanien\u2019keh\u00e1:ka Nation is the caretaker of the lands and waters on which we gather today. Tiohti\u00e1:ke (Montreal) is historically known as a gathering place for many First Nations. Today, it is home to a varied population of Indigenous and other peoples. BACA acknowledges the continued relations with the past, present, and future in their current relationships with Indigenous and other peoples within the Montreal community.<\/p>\n<p>The Biennale d\u2019art contemporain autochtone (BACA) thanks the Canada Council for the Arts, the Government of Qu\u00e9bec (Conseil des arts et des lettres du Qu\u00e9bec, Fonds d&#8217;investissement pour le rayonnement de la M\u00e9tropole), Tourisme Montr\u00e9al, the Conseil des arts de Montr\u00e9al, Art M\u00fbr and its other presenting partners.<\/p>\n<p>BACA 2022 DATES AND VENUES<\/p>\n<p>Sunday, May 1, 2022, from 2:00 p.m to 4:00 p.m<br \/>\nLand Back Opening ceremony<br \/>\nPlace du Canada<br \/>\n1010, rue de la Gaucheti\u00e8re Ouest<br \/>\nTiohti\u00e0:ke \/ Montreal (QC)<\/p>\n<p><a href=\"https:\/\/www.baca.ca\/en\/exhibitions\/land-back\/musee-des-beaux-arts-de-sherbrooke\/\">Sherbrooke Museum of Fine Arts<\/a><br \/>\nApril 28 &#8211; June 26, 2022<br \/>\nOpening: Thursday April 28, 2022 at 5:00 p.m.<br \/>\n241 Rue Dufferin, Sherbrooke, QC<\/p>\n<p><a href=\"https:\/\/www.baca.ca\/en\/exhibitions\/land-back\/maison-des-jesuites-de-sillery\/\">Maison des J\u00e9suites de Sillery<\/a><br \/>\nFrom May 4 to December 11, 2022<br \/>\n2320 Chemin du Foulon, Quebec, QC<\/p>\n<p><a href=\"https:\/\/www.baca.ca\/en\/exhibitions\/land-back\/quai-5160-maison-de-la-culture-de-verdun\/\">Quai 5160 \u2013 Maison de la culture de Verdun<\/a><br \/>\nMay 7 &#8211; July 3, 2022<br \/>\n5160 Bd LaSalle, Verdun, QC<\/p>\n<p><a href=\"https:\/\/www.baca.ca\/en\/exhibitions\/land-back\/art-mur\/\">Art M\u00fbr\u00a0<\/a><br \/>\nMay 7 &#8211; June 18, 2022<br \/>\nOpening: Saturday May 7, 2022 at 3:00 p.m.<br \/>\n5826 St-Hubert, Montreal, QC<\/p>\n<p><a href=\"https:\/\/www.baca.ca\/en\/exhibitions\/land-back\/galerie-dart-stewart-hall\/\">Stewart Hall Art Gallery<\/a><br \/>\nMay 7 &#8211; June 19, 2022<br \/>\nOpening: Sunday May 8, 2022 at 2:00 p.m.<br \/>\n176 Bord-du-Lac, Pointe-Claire, QC<\/p>\n<p><a href=\"https:\/\/www.baca.ca\/en\/exhibitions\/land-back\/la-guilde\/\">La Guilde<\/a><br \/>\nMay 19 &#8211; July 10, 2022<br \/>\nOpening: Thursday May 19, 2022 at 5:00 p.m.<br \/>\n1356 West Sherbrooke st, Montreal, QC<\/p>\n<p><a href=\"https:\/\/www.baca.ca\/en\/exhibitions\/land-back\/musee-mccord\/\">McCord Museum<\/a><br \/>\nJune 2 \u2013 5, 2022 : Film screening<br \/>\nSky Hopinka, In Dreams and Autumn (2021)<br \/>\n690 West Sherbrooke st, Montreal, QC<\/p>\n<p><a href=\"https:\/\/www.baca.ca\/en\/exhibitions\/land-back\/expression\/\">Expression &#8211; Centre d\u2019exposition de Saint-Hyacinthe<\/a><br \/>\nNovember 4 &#8211; December 23, 2022<br \/>\n495 Avenue Saint-Simon, Saint-Hyacinthe, QC<\/p>\n<p>SATELLITE EXHIBITIONS<\/p>\n<p><a href=\"https:\/\/www.baca.ca\/en\/exhibitions\/alexis-gros-louis-onenha-wenwa-superimpositions\/\">She:kon &#8211; BACA Space for Emerging Art<\/a><br \/>\nAlexis Gros-Louis, \u00d6nenha\u2019; Wen\u2019wa\u2019 \/ [Superimpositions]<br \/>\nCurator: Terry Randy Awashish<br \/>\nMay 7 &#8211; June 18, 2022<br \/>\n5826, St-Hubert, Montreal, QC<\/p>\n<p><a href=\"https:\/\/www.baca.ca\/en\/exhibitions\/suzanne-morrissette-translation\/\">daphne art center<\/a><br \/>\nSuzanne Morissette, t<em>ranslations<\/em><br \/>\nMay 7 &#8211; June 18, 2022<br \/>\n5842, St-Hubert, Montreal, QC<\/p>\n<p><a href=\"https:\/\/www.baca.ca\/en\/exhibitions\/renee-condo-sisip-sipu\/\">Laroche\/Joncas<\/a><br \/>\nRen\u00e9e Condo, <em>Sisip-Sipu<\/em><br \/>\nApril 27 &#8211; June 4, 2022<br \/>\n372 Ste-Catherine W, suite 410, Montreal, QC[\/vc_column_text][\/vc_column][vc_column width=&#8221;1\/2&#8243;][vc_gallery el_id=&#8221;gallery-845554&#8243; medias=&#8221;85923,85925,85927,85929,85931,85933,85935,85937,85939,85941,85943,85945,85947,85949,85951,85953,85955,85957,85959,85961,85963,85965&#8243; gutter_size=&#8221;3&#8243; media_items=&#8221;media|lightbox|original&#8221; screen_lg=&#8221;1000&#8243; screen_md=&#8221;600&#8243; screen_sm=&#8221;480&#8243; single_overlay_opacity=&#8221;50&#8243; single_padding=&#8221;2&#8243; lbox_caption=&#8221;yes&#8221; uncode_shortcode_id=&#8221;900681&#8243;][\/vc_column][\/vc_row]<\/p>\n<\/div>","protected":false},"excerpt":{"rendered":"<p>[vc_row][vc_column width=&#8221;1\/2&#8243;][vc_column_text uncode_shortcode_id=&#8221;601448&#8243;]May 7 \u2013 June 18, 2022 Opening: Saturday, May 7, 2022 from 3:00 to 5:00 p.m. Land Back: [&hellip;]<\/p>\n","protected":false},"author":1,"featured_media":85342,"parent":86966,"menu_order":0,"comment_status":"closed","ping_status":"closed","template":"","meta":{"footnotes":""},"class_list":["post-85448","page","type-page","status-publish","has-post-thumbnail","hentry"],"yoast_head":"<!-- This site is optimized with the Yoast SEO plugin v27.3 - https:\/\/yoast.com\/product\/yoast-seo-wordpress\/ -->\n<title>Art M\u00fbr | La Biennale d\u2019art contemporain autochtone<\/title>\n<meta name=\"robots\" content=\"index, follow, max-snippet:-1, max-image-preview:large, max-video-preview:-1\" \/>\n<link rel=\"canonical\" href=\"https:\/\/www.baca.ca\/en\/exhibitions\/land-back\/art-mur\/\" \/>\n<meta property=\"og:locale\" content=\"en_US\" \/>\n<meta property=\"og:type\" content=\"article\" \/>\n<meta property=\"og:title\" content=\"Art M\u00fbr | La Biennale d\u2019art contemporain autochtone\" \/>\n<meta property=\"og:description\" content=\"[vc_row][vc_column width=&#8221;1\/2&#8243;][vc_column_text uncode_shortcode_id=&#8221;601448&#8243;]May 7 \u2013 June 18, 2022 Opening: Saturday, May 7, 2022 from 3:00 to 5:00 p.m. Land Back: [&hellip;]\" \/>\n<meta property=\"og:url\" content=\"https:\/\/www.baca.ca\/en\/exhibitions\/land-back\/art-mur\/\" \/>\n<meta property=\"og:site_name\" content=\"La Biennale d\u2019art contemporain autochtone\" \/>\n<meta property=\"article:publisher\" content=\"https:\/\/www.facebook.com\/bacabiennale\/\" \/>\n<meta property=\"article:modified_time\" content=\"2023-12-21T20:35:02+00:00\" \/>\n<meta property=\"og:image\" content=\"https:\/\/www.baca.ca\/wp-content\/uploads\/2022\/03\/Jeremy-Dennis_Nothing-Happened-Here-2_2016_16.5-x-26.7-inches-WEB.jpg\" \/>\n\t<meta property=\"og:image:width\" content=\"1900\" \/>\n\t<meta property=\"og:image:height\" content=\"1267\" \/>\n\t<meta property=\"og:image:type\" content=\"image\/jpeg\" \/>\n<meta name=\"twitter:card\" content=\"summary_large_image\" \/>\n<meta name=\"twitter:label1\" content=\"Est. reading time\" \/>\n\t<meta name=\"twitter:data1\" content=\"5 minutes\" \/>\n<script type=\"application\/ld+json\" class=\"yoast-schema-graph\">{\"@context\":\"https:\\\/\\\/schema.org\",\"@graph\":[{\"@type\":\"WebPage\",\"@id\":\"https:\\\/\\\/www.baca.ca\\\/en\\\/exhibitions\\\/land-back\\\/art-mur\\\/\",\"url\":\"https:\\\/\\\/www.baca.ca\\\/en\\\/exhibitions\\\/land-back\\\/art-mur\\\/\",\"name\":\"Art M\u00fbr | La Biennale d\u2019art contemporain autochtone\",\"isPartOf\":{\"@id\":\"https:\\\/\\\/www.baca.ca\\\/en\\\/#website\"},\"primaryImageOfPage\":{\"@id\":\"https:\\\/\\\/www.baca.ca\\\/en\\\/exhibitions\\\/land-back\\\/art-mur\\\/#primaryimage\"},\"image\":{\"@id\":\"https:\\\/\\\/www.baca.ca\\\/en\\\/exhibitions\\\/land-back\\\/art-mur\\\/#primaryimage\"},\"thumbnailUrl\":\"https:\\\/\\\/www.baca.ca\\\/wp-content\\\/uploads\\\/2022\\\/03\\\/Jeremy-Dennis_Nothing-Happened-Here-2_2016_16.5-x-26.7-inches-WEB.jpg\",\"datePublished\":\"2022-03-26T13:00:26+00:00\",\"dateModified\":\"2023-12-21T20:35:02+00:00\",\"breadcrumb\":{\"@id\":\"https:\\\/\\\/www.baca.ca\\\/en\\\/exhibitions\\\/land-back\\\/art-mur\\\/#breadcrumb\"},\"inLanguage\":\"en-US\",\"potentialAction\":[{\"@type\":\"ReadAction\",\"target\":[\"https:\\\/\\\/www.baca.ca\\\/en\\\/exhibitions\\\/land-back\\\/art-mur\\\/\"]}]},{\"@type\":\"ImageObject\",\"inLanguage\":\"en-US\",\"@id\":\"https:\\\/\\\/www.baca.ca\\\/en\\\/exhibitions\\\/land-back\\\/art-mur\\\/#primaryimage\",\"url\":\"https:\\\/\\\/www.baca.ca\\\/wp-content\\\/uploads\\\/2022\\\/03\\\/Jeremy-Dennis_Nothing-Happened-Here-2_2016_16.5-x-26.7-inches-WEB.jpg\",\"contentUrl\":\"https:\\\/\\\/www.baca.ca\\\/wp-content\\\/uploads\\\/2022\\\/03\\\/Jeremy-Dennis_Nothing-Happened-Here-2_2016_16.5-x-26.7-inches-WEB.jpg\",\"width\":1900,\"height\":1267},{\"@type\":\"BreadcrumbList\",\"@id\":\"https:\\\/\\\/www.baca.ca\\\/en\\\/exhibitions\\\/land-back\\\/art-mur\\\/#breadcrumb\",\"itemListElement\":[{\"@type\":\"ListItem\",\"position\":1,\"name\":\"Home\",\"item\":\"https:\\\/\\\/www.baca.ca\\\/en\\\/\"},{\"@type\":\"ListItem\",\"position\":2,\"name\":\"Exhibitions\",\"item\":\"https:\\\/\\\/www.baca.ca\\\/en\\\/exhibitions\\\/\"},{\"@type\":\"ListItem\",\"position\":3,\"name\":\"Land Back\",\"item\":\"https:\\\/\\\/www.baca.ca\\\/en\\\/exhibitions\\\/land-back\\\/\"},{\"@type\":\"ListItem\",\"position\":4,\"name\":\"Art M\u00fbr\"}]},{\"@type\":\"WebSite\",\"@id\":\"https:\\\/\\\/www.baca.ca\\\/en\\\/#website\",\"url\":\"https:\\\/\\\/www.baca.ca\\\/en\\\/\",\"name\":\"La Biennale d\u2019art contemporain autochtone\",\"description\":\"Contemporary Native Art Biennial (BACA)\",\"publisher\":{\"@id\":\"https:\\\/\\\/www.baca.ca\\\/en\\\/#organization\"},\"potentialAction\":[{\"@type\":\"SearchAction\",\"target\":{\"@type\":\"EntryPoint\",\"urlTemplate\":\"https:\\\/\\\/www.baca.ca\\\/en\\\/?s={search_term_string}\"},\"query-input\":{\"@type\":\"PropertyValueSpecification\",\"valueRequired\":true,\"valueName\":\"search_term_string\"}}],\"inLanguage\":\"en-US\"},{\"@type\":\"Organization\",\"@id\":\"https:\\\/\\\/www.baca.ca\\\/en\\\/#organization\",\"name\":\"BACA\",\"url\":\"https:\\\/\\\/www.baca.ca\\\/en\\\/\",\"logo\":{\"@type\":\"ImageObject\",\"inLanguage\":\"en-US\",\"@id\":\"https:\\\/\\\/www.baca.ca\\\/en\\\/#\\\/schema\\\/logo\\\/image\\\/\",\"url\":\"https:\\\/\\\/www.baca.ca\\\/wp-content\\\/uploads\\\/2018\\\/03\\\/BACA.png\",\"contentUrl\":\"https:\\\/\\\/www.baca.ca\\\/wp-content\\\/uploads\\\/2018\\\/03\\\/BACA.png\",\"width\":220,\"height\":50,\"caption\":\"BACA\"},\"image\":{\"@id\":\"https:\\\/\\\/www.baca.ca\\\/en\\\/#\\\/schema\\\/logo\\\/image\\\/\"},\"sameAs\":[\"https:\\\/\\\/www.facebook.com\\\/bacabiennale\\\/\",\"https:\\\/\\\/www.instagram.com\\\/bacabiennale\",\"https:\\\/\\\/bsky.app\\\/profile\\\/bacabiennale.bsky.social\"]}]}<\/script>\n<!-- \/ Yoast SEO plugin. -->","yoast_head_json":{"title":"Art M\u00fbr | La Biennale d\u2019art contemporain autochtone","robots":{"index":"index","follow":"follow","max-snippet":"max-snippet:-1","max-image-preview":"max-image-preview:large","max-video-preview":"max-video-preview:-1"},"canonical":"https:\/\/www.baca.ca\/en\/exhibitions\/land-back\/art-mur\/","og_locale":"en_US","og_type":"article","og_title":"Art M\u00fbr | La Biennale d\u2019art contemporain autochtone","og_description":"[vc_row][vc_column width=&#8221;1\/2&#8243;][vc_column_text uncode_shortcode_id=&#8221;601448&#8243;]May 7 \u2013 June 18, 2022 Opening: Saturday, May 7, 2022 from 3:00 to 5:00 p.m. Land Back: [&hellip;]","og_url":"https:\/\/www.baca.ca\/en\/exhibitions\/land-back\/art-mur\/","og_site_name":"La Biennale d\u2019art contemporain autochtone","article_publisher":"https:\/\/www.facebook.com\/bacabiennale\/","article_modified_time":"2023-12-21T20:35:02+00:00","og_image":[{"width":1900,"height":1267,"url":"https:\/\/www.baca.ca\/wp-content\/uploads\/2022\/03\/Jeremy-Dennis_Nothing-Happened-Here-2_2016_16.5-x-26.7-inches-WEB.jpg","type":"image\/jpeg"}],"twitter_card":"summary_large_image","twitter_misc":{"Est. reading time":"5 minutes"},"schema":{"@context":"https:\/\/schema.org","@graph":[{"@type":"WebPage","@id":"https:\/\/www.baca.ca\/en\/exhibitions\/land-back\/art-mur\/","url":"https:\/\/www.baca.ca\/en\/exhibitions\/land-back\/art-mur\/","name":"Art M\u00fbr | La Biennale d\u2019art contemporain autochtone","isPartOf":{"@id":"https:\/\/www.baca.ca\/en\/#website"},"primaryImageOfPage":{"@id":"https:\/\/www.baca.ca\/en\/exhibitions\/land-back\/art-mur\/#primaryimage"},"image":{"@id":"https:\/\/www.baca.ca\/en\/exhibitions\/land-back\/art-mur\/#primaryimage"},"thumbnailUrl":"https:\/\/www.baca.ca\/wp-content\/uploads\/2022\/03\/Jeremy-Dennis_Nothing-Happened-Here-2_2016_16.5-x-26.7-inches-WEB.jpg","datePublished":"2022-03-26T13:00:26+00:00","dateModified":"2023-12-21T20:35:02+00:00","breadcrumb":{"@id":"https:\/\/www.baca.ca\/en\/exhibitions\/land-back\/art-mur\/#breadcrumb"},"inLanguage":"en-US","potentialAction":[{"@type":"ReadAction","target":["https:\/\/www.baca.ca\/en\/exhibitions\/land-back\/art-mur\/"]}]},{"@type":"ImageObject","inLanguage":"en-US","@id":"https:\/\/www.baca.ca\/en\/exhibitions\/land-back\/art-mur\/#primaryimage","url":"https:\/\/www.baca.ca\/wp-content\/uploads\/2022\/03\/Jeremy-Dennis_Nothing-Happened-Here-2_2016_16.5-x-26.7-inches-WEB.jpg","contentUrl":"https:\/\/www.baca.ca\/wp-content\/uploads\/2022\/03\/Jeremy-Dennis_Nothing-Happened-Here-2_2016_16.5-x-26.7-inches-WEB.jpg","width":1900,"height":1267},{"@type":"BreadcrumbList","@id":"https:\/\/www.baca.ca\/en\/exhibitions\/land-back\/art-mur\/#breadcrumb","itemListElement":[{"@type":"ListItem","position":1,"name":"Home","item":"https:\/\/www.baca.ca\/en\/"},{"@type":"ListItem","position":2,"name":"Exhibitions","item":"https:\/\/www.baca.ca\/en\/exhibitions\/"},{"@type":"ListItem","position":3,"name":"Land Back","item":"https:\/\/www.baca.ca\/en\/exhibitions\/land-back\/"},{"@type":"ListItem","position":4,"name":"Art M\u00fbr"}]},{"@type":"WebSite","@id":"https:\/\/www.baca.ca\/en\/#website","url":"https:\/\/www.baca.ca\/en\/","name":"La Biennale d\u2019art contemporain autochtone","description":"Contemporary Native Art Biennial (BACA)","publisher":{"@id":"https:\/\/www.baca.ca\/en\/#organization"},"potentialAction":[{"@type":"SearchAction","target":{"@type":"EntryPoint","urlTemplate":"https:\/\/www.baca.ca\/en\/?s={search_term_string}"},"query-input":{"@type":"PropertyValueSpecification","valueRequired":true,"valueName":"search_term_string"}}],"inLanguage":"en-US"},{"@type":"Organization","@id":"https:\/\/www.baca.ca\/en\/#organization","name":"BACA","url":"https:\/\/www.baca.ca\/en\/","logo":{"@type":"ImageObject","inLanguage":"en-US","@id":"https:\/\/www.baca.ca\/en\/#\/schema\/logo\/image\/","url":"https:\/\/www.baca.ca\/wp-content\/uploads\/2018\/03\/BACA.png","contentUrl":"https:\/\/www.baca.ca\/wp-content\/uploads\/2018\/03\/BACA.png","width":220,"height":50,"caption":"BACA"},"image":{"@id":"https:\/\/www.baca.ca\/en\/#\/schema\/logo\/image\/"},"sameAs":["https:\/\/www.facebook.com\/bacabiennale\/","https:\/\/www.instagram.com\/bacabiennale","https:\/\/bsky.app\/profile\/bacabiennale.bsky.social"]}]}},"_links":{"self":[{"href":"https:\/\/www.baca.ca\/en\/wp-json\/wp\/v2\/pages\/85448","targetHints":{"allow":["GET"]}}],"collection":[{"href":"https:\/\/www.baca.ca\/en\/wp-json\/wp\/v2\/pages"}],"about":[{"href":"https:\/\/www.baca.ca\/en\/wp-json\/wp\/v2\/types\/page"}],"author":[{"embeddable":true,"href":"https:\/\/www.baca.ca\/en\/wp-json\/wp\/v2\/users\/1"}],"replies":[{"embeddable":true,"href":"https:\/\/www.baca.ca\/en\/wp-json\/wp\/v2\/comments?post=85448"}],"version-history":[{"count":0,"href":"https:\/\/www.baca.ca\/en\/wp-json\/wp\/v2\/pages\/85448\/revisions"}],"up":[{"embeddable":true,"href":"https:\/\/www.baca.ca\/en\/wp-json\/wp\/v2\/pages\/86966"}],"wp:featuredmedia":[{"embeddable":true,"href":"https:\/\/www.baca.ca\/en\/wp-json\/wp\/v2\/media\/85342"}],"wp:attachment":[{"href":"https:\/\/www.baca.ca\/en\/wp-json\/wp\/v2\/media?parent=85448"}],"curies":[{"name":"wp","href":"https:\/\/api.w.org\/{rel}","templated":true}]}}