{"id":85442,"date":"2022-03-26T12:57:36","date_gmt":"2022-03-26T12:57:36","guid":{"rendered":"https:\/\/www.baca.ca\/exhibitions\/land-back-galerie-dart-stewart-hall\/"},"modified":"2023-12-21T16:35:43","modified_gmt":"2023-12-21T20:35:43","slug":"galerie-dart-stewart-hall","status":"publish","type":"page","link":"https:\/\/www.baca.ca\/en\/exhibitions\/land-back\/galerie-dart-stewart-hall\/","title":{"rendered":"Galerie d&#8217;art Stewart Hall"},"content":{"rendered":"<div class=\"wpb-content-wrapper\"><p>[vc_row][vc_column width=&#8221;1\/2&#8243;][vc_column_text uncode_shortcode_id=&#8221;173309&#8243;]May 7 \u2013 June 19, 2022<br \/>\nOpening Reception: Sunday, May 8 from 2 p.m. \u2013 5 p.m.<br \/>\n<em>Land Back<\/em>: Carrie Allison, Christi Belcourt, Jeffrey Gibson, Erin Gingrich, Faye Heavyshield, Sky Hopinka, Julia Rose Sutherland, Charlene Vickers, Olivia Whetung<\/p>\n<p>Curator: Michael Patten<br \/>\nContemporary Native Art Biennial (BACA), 6th edition<\/p>\n<p>Galerie d\u2019art Stewart Hall<br \/>\nCentre culturel de Pointe-Claire<br \/>\n176 Lakeshore Dr<br \/>\nPointe-Claire, QC, H9S 4L7<\/p>\n<p>Free shuttle to Pointe-Claire on May 8.<br \/>\nDeparture from Montreal at 1:00 pm from gallery Art M\u00fbr<br \/>\nRSVP BACA<\/p>\n<p>Since time immemorial, indigenous peoples have protected biodiversity in the face of continued human population growth. Since contact with settlers, indigenous communities have been stripped of their ancestral lands; the Land Back movement aims to restore governance and stewardship of the land for a sustainable future.<\/p>\n<p>If Land Back is a call to action, a return of equity to a stolen territory, it is also an opening to some questioning. How can we best protect our biodiversity, our land and our water? The first step would be to return the land to its traditional and legitimate protectors. Returning to indigenous knowledge goes beyond symbolic gestures of recognition or inclusion to significantly change practices and structures.<\/p>\n<p>The Land Back movement is not only about land ownership, it is also about reclaiming a culture and an education that has long been repressed, suppressed and silenced. Many Indigenous skills and knowledge, usually passed down from generation to generation, have unfortunately been lost or forgotten over time. An important part of Indigenous cultures is the connection to nature and the cohabitation with the elements. This applies as much to the symbolism of the natural elements as it does to the ways in which their resources can be used, for agriculture and medicine for example.<\/p>\n<p>Some of the artists presented reappropriate ancestral techniques as an act of perpetuation, homage or resistance. Carrie Alllison uses beadwork to represent medicinal flowers indigenous to northwestern Alberta. Erin Gingrich uses sculpture to represent key elements of her community&#8217;s subsistence practices such as fishing and cranberry picking. While Christi Belcourt is inspired by floral motifs and M\u00e9tis beadwork renderings in her work, replacing the roundness of the beads with paint dots made with a needle head.<\/p>\n<p>As a cornerstone of this exhibition, Jeffrey Gibson presents his video I Was Here (2018), a return to the land as imagined as literal \u2013 a deep rootedness in the land and the nurturing earth. Marking the ground with an anonymous scar, it is through performative gesture that Julia Rose Sutherland has invested the exterior of this gallery; a hole in the landscape as a place of opening.<\/p>\n<p>This fraction of the Biennial is placed as an ode to the privileged link that unites indigenous peoples to this land and to its protection.<\/p>\n<p>We would like to acknowledge that BACA is located on unceded Indigenous lands. The Kanien\u2019keh\u00e1:ka Nation is recognized as the custodians of the lands and waters on which we gather today. Tiohti\u00e1:ke commonly known as Montreal is historically known as a gathering place for many First Nations. Today, it is home to a diverse population of Indigenous and other peoples. We respect the continued connections with the past, present, and future in our ongoing relationships with Indigenous and other peoples within the Montreal community.<\/p>\n<p>The Biennale d\u2019art contemporain autochtone (BACA) thanks the Canada Council for the Arts, the Government of Quebec (Conseil des arts et des lettres du Qu\u00e9bec, Fonds d&#8217;investissement pour le rayonnement de la M\u00e9tropole), Tourisme Montr\u00e9al, the Conseil des arts de Montr\u00e9al, Stewart Hall Art Gallery and its other presenting partners.<\/p>\n<p>BACA 2022 DATES AND VENUES<\/p>\n<div class=\"cxmmr5t8 oygrvhab hcukyx3x c1et5uql o9v6fnle\">Sunday, May 1, 2022, from 2:00 p.m to 4:00 p.m<br \/>\n<em>Land Back<\/em> Opening ceremony<\/div>\n<div class=\"cxmmr5t8 oygrvhab hcukyx3x c1et5uql o9v6fnle\">Place du Canada<br \/>\n1010, rue de la Gaucheti\u00e8re Ouest<br \/>\nTiohti\u00e0:ke \/ Montreal (QC)<\/div>\n<p><a href=\"https:\/\/www.baca.ca\/en\/exhibitions\/land-back\/musee-des-beaux-arts-de-sherbrooke\/\">Sherbrooke Museum of Fine Arts<\/a><br \/>\nApril 28 &#8211; June 26, 2022<br \/>\nOpening: Thursday April 28, 2022 at 5:00 p.m.<br \/>\n241 Rue Dufferin, Sherbrooke, QC<\/p>\n<p><a href=\"https:\/\/www.baca.ca\/en\/exhibitions\/land-back\/maison-des-jesuites-de-sillery\/\">Maison des J\u00e9suites de Sillery<\/a><br \/>\nFrom May 4 to December 11, 2022<br \/>\n2320 Chemin du Foulon, Quebec, QC<\/p>\n<p><a href=\"https:\/\/www.baca.ca\/en\/exhibitions\/land-back\/quai-5160-maison-de-la-culture-de-verdun\/\">Quai 5160 \u2013 Maison de la culture de Verdun<\/a><br \/>\nMay 7 &#8211; July 3, 2022<br \/>\n5160 Bd LaSalle, Verdun, QC<\/p>\n<p><a href=\"https:\/\/www.baca.ca\/en\/exhibitions\/land-back\/art-mur\/\">Art M\u00fbr\u00a0<\/a><br \/>\nMay 7 &#8211; June 18, 2022<br \/>\nOpening: Saturday May 7, 2022 at 3:00 p.m.<br \/>\n5826 St-Hubert, Montreal, QC<\/p>\n<p><a href=\"https:\/\/www.baca.ca\/en\/exhibitions\/land-back\/galerie-dart-stewart-hall\/\">Stewart Hall Art Gallery<\/a><br \/>\nMay 7 &#8211; June 19, 2022<br \/>\nOpening: Sunday May 8, 2022 at 2:00 p.m.<br \/>\n176 Bord-du-Lac, Pointe-Claire, QC<\/p>\n<p><a href=\"https:\/\/www.baca.ca\/en\/exhibitions\/land-back\/la-guilde\/\">La Guilde<\/a><br \/>\nMay 19 &#8211; July 10, 2022<br \/>\nOpening: Thursday May 19, 2022 at 5:00 p.m.<br \/>\n1356 West Sherbrooke st, Montreal, QC<\/p>\n<p><a href=\"https:\/\/www.baca.ca\/en\/exhibitions\/land-back\/musee-mccord\/\">McCord Museum<\/a><br \/>\nJune 2 \u2013 5, 2022 : Film screening<br \/>\nSky Hopinka, In Dreams and Autumn (2021)<br \/>\n690 West Sherbrooke st, Montreal, QC<\/p>\n<p><a href=\"https:\/\/www.baca.ca\/en\/exhibitions\/land-back\/expression\/\">Expression &#8211; Centre d\u2019exposition de Saint-Hyacinthe<\/a><br \/>\nNovember 4 &#8211; December 23, 2022<br \/>\n495 Avenue Saint-Simon, Saint-Hyacinthe, QC<\/p>\n<p>SATELLITE EXHIBITIONS<\/p>\n<p><a href=\"https:\/\/www.baca.ca\/en\/exhibitions\/alexis-gros-louis-onenha-wenwa-superimpositions\/\">She:kon &#8211; BACA Space for Emerging Art<\/a><br \/>\nAlexis Gros-Louis, \u00d6nenha\u2019; Wen\u2019wa\u2019 \/ [Superimpositions]<br \/>\nCurator: Terry Randy Awashish<br \/>\nMay 7 &#8211; June 18, 2022<br \/>\n5826, St-Hubert, Montreal, QC<\/p>\n<p><a href=\"https:\/\/www.baca.ca\/en\/exhibitions\/suzanne-morrissette-translation\/\">daphne art center<\/a><br \/>\nSuzanne Morissette, t<em>ranslations<\/em><br \/>\nMay 7 &#8211; June 18, 2022<br \/>\n5842, St-Hubert, Montreal, QC<\/p>\n<p><a href=\"https:\/\/www.baca.ca\/en\/exhibitions\/renee-condo-sisip-sipu\/\">Laroche\/Joncas<\/a><br \/>\nRen\u00e9e Condo, <em>Sisip-Sipu<\/em><br \/>\nApril 27 &#8211; June 4, 2022<br \/>\n372 Ste-Catherine W, suite 410, Montreal, QC[\/vc_column_text][\/vc_column][vc_column width=&#8221;1\/2&#8243;][vc_gallery el_id=&#8221;gallery-159377&#8243; medias=&#8221;85871,85873,85875,85877,85879,85881,85883,85885,85887,85889,85891,85893,85895,85897,85899,85901,85903,85905,85907,85909,85911,85913,85915,85917,85919,86381,86379,86377,86375,86373,86371,86369,86367,86365,86363,86361,86359,86357,86355,86353,86351,86349,86347,86345,86343,86341,86339,86336,86334,86332,86330&#8243; gutter_size=&#8221;3&#8243; media_items=&#8221;media|lightbox|original&#8221; screen_lg=&#8221;1000&#8243; screen_md=&#8221;600&#8243; screen_sm=&#8221;480&#8243; single_overlay_opacity=&#8221;50&#8243; single_padding=&#8221;2&#8243; lbox_caption=&#8221;yes&#8221; uncode_shortcode_id=&#8221;149875&#8243;][\/vc_column][\/vc_row]<\/p>\n<\/div>","protected":false},"excerpt":{"rendered":"<p>[vc_row][vc_column width=&#8221;1\/2&#8243;][vc_column_text uncode_shortcode_id=&#8221;173309&#8243;]May 7 \u2013 June 19, 2022 Opening Reception: Sunday, May 8 from 2 p.m. \u2013 5 p.m. Land [&hellip;]<\/p>\n","protected":false},"author":1,"featured_media":85354,"parent":86966,"menu_order":0,"comment_status":"closed","ping_status":"closed","template":"","meta":{"footnotes":""},"class_list":["post-85442","page","type-page","status-publish","has-post-thumbnail","hentry"],"yoast_head":"<!-- This site is optimized with the Yoast SEO plugin v27.3 - https:\/\/yoast.com\/product\/yoast-seo-wordpress\/ -->\n<title>Galerie d&#039;art Stewart Hall | La Biennale d\u2019art contemporain autochtone<\/title>\n<meta name=\"robots\" content=\"index, follow, max-snippet:-1, max-image-preview:large, max-video-preview:-1\" \/>\n<link rel=\"canonical\" href=\"https:\/\/www.baca.ca\/en\/exhibitions\/land-back\/galerie-dart-stewart-hall\/\" \/>\n<meta property=\"og:locale\" content=\"en_US\" \/>\n<meta property=\"og:type\" content=\"article\" \/>\n<meta property=\"og:title\" content=\"Galerie d&#039;art Stewart Hall | La Biennale d\u2019art contemporain autochtone\" \/>\n<meta property=\"og:description\" content=\"[vc_row][vc_column width=&#8221;1\/2&#8243;][vc_column_text uncode_shortcode_id=&#8221;173309&#8243;]May 7 \u2013 June 19, 2022 Opening Reception: Sunday, May 8 from 2 p.m. \u2013 5 p.m. Land [&hellip;]\" \/>\n<meta property=\"og:url\" content=\"https:\/\/www.baca.ca\/en\/exhibitions\/land-back\/galerie-dart-stewart-hall\/\" \/>\n<meta property=\"og:site_name\" content=\"La Biennale d\u2019art contemporain autochtone\" \/>\n<meta property=\"article:publisher\" content=\"https:\/\/www.facebook.com\/bacabiennale\/\" \/>\n<meta property=\"article:modified_time\" content=\"2023-12-21T20:35:43+00:00\" \/>\n<meta property=\"og:image\" content=\"https:\/\/www.baca.ca\/wp-content\/uploads\/2022\/03\/Julia-Rose-Sutherland-006-Vigil-The-Land-Remembers-JPG.jpg\" \/>\n\t<meta property=\"og:image:width\" content=\"1536\" \/>\n\t<meta property=\"og:image:height\" content=\"1024\" \/>\n\t<meta property=\"og:image:type\" content=\"image\/jpeg\" \/>\n<meta name=\"twitter:card\" content=\"summary_large_image\" \/>\n<meta name=\"twitter:label1\" content=\"Est. reading time\" \/>\n\t<meta name=\"twitter:data1\" content=\"4 minutes\" \/>\n<script type=\"application\/ld+json\" class=\"yoast-schema-graph\">{\"@context\":\"https:\\\/\\\/schema.org\",\"@graph\":[{\"@type\":\"WebPage\",\"@id\":\"https:\\\/\\\/www.baca.ca\\\/en\\\/exhibitions\\\/land-back\\\/galerie-dart-stewart-hall\\\/\",\"url\":\"https:\\\/\\\/www.baca.ca\\\/en\\\/exhibitions\\\/land-back\\\/galerie-dart-stewart-hall\\\/\",\"name\":\"Galerie d'art Stewart Hall | La Biennale d\u2019art contemporain autochtone\",\"isPartOf\":{\"@id\":\"https:\\\/\\\/www.baca.ca\\\/en\\\/#website\"},\"primaryImageOfPage\":{\"@id\":\"https:\\\/\\\/www.baca.ca\\\/en\\\/exhibitions\\\/land-back\\\/galerie-dart-stewart-hall\\\/#primaryimage\"},\"image\":{\"@id\":\"https:\\\/\\\/www.baca.ca\\\/en\\\/exhibitions\\\/land-back\\\/galerie-dart-stewart-hall\\\/#primaryimage\"},\"thumbnailUrl\":\"https:\\\/\\\/www.baca.ca\\\/wp-content\\\/uploads\\\/2022\\\/03\\\/Julia-Rose-Sutherland-006-Vigil-The-Land-Remembers-JPG.jpg\",\"datePublished\":\"2022-03-26T12:57:36+00:00\",\"dateModified\":\"2023-12-21T20:35:43+00:00\",\"breadcrumb\":{\"@id\":\"https:\\\/\\\/www.baca.ca\\\/en\\\/exhibitions\\\/land-back\\\/galerie-dart-stewart-hall\\\/#breadcrumb\"},\"inLanguage\":\"en-US\",\"potentialAction\":[{\"@type\":\"ReadAction\",\"target\":[\"https:\\\/\\\/www.baca.ca\\\/en\\\/exhibitions\\\/land-back\\\/galerie-dart-stewart-hall\\\/\"]}]},{\"@type\":\"ImageObject\",\"inLanguage\":\"en-US\",\"@id\":\"https:\\\/\\\/www.baca.ca\\\/en\\\/exhibitions\\\/land-back\\\/galerie-dart-stewart-hall\\\/#primaryimage\",\"url\":\"https:\\\/\\\/www.baca.ca\\\/wp-content\\\/uploads\\\/2022\\\/03\\\/Julia-Rose-Sutherland-006-Vigil-The-Land-Remembers-JPG.jpg\",\"contentUrl\":\"https:\\\/\\\/www.baca.ca\\\/wp-content\\\/uploads\\\/2022\\\/03\\\/Julia-Rose-Sutherland-006-Vigil-The-Land-Remembers-JPG.jpg\",\"width\":1536,\"height\":1024},{\"@type\":\"BreadcrumbList\",\"@id\":\"https:\\\/\\\/www.baca.ca\\\/en\\\/exhibitions\\\/land-back\\\/galerie-dart-stewart-hall\\\/#breadcrumb\",\"itemListElement\":[{\"@type\":\"ListItem\",\"position\":1,\"name\":\"Home\",\"item\":\"https:\\\/\\\/www.baca.ca\\\/en\\\/\"},{\"@type\":\"ListItem\",\"position\":2,\"name\":\"Exhibitions\",\"item\":\"https:\\\/\\\/www.baca.ca\\\/en\\\/exhibitions\\\/\"},{\"@type\":\"ListItem\",\"position\":3,\"name\":\"Land Back\",\"item\":\"https:\\\/\\\/www.baca.ca\\\/en\\\/exhibitions\\\/land-back\\\/\"},{\"@type\":\"ListItem\",\"position\":4,\"name\":\"Galerie d&rsquo;art Stewart Hall\"}]},{\"@type\":\"WebSite\",\"@id\":\"https:\\\/\\\/www.baca.ca\\\/en\\\/#website\",\"url\":\"https:\\\/\\\/www.baca.ca\\\/en\\\/\",\"name\":\"La Biennale d\u2019art contemporain autochtone\",\"description\":\"Contemporary Native Art Biennial (BACA)\",\"publisher\":{\"@id\":\"https:\\\/\\\/www.baca.ca\\\/en\\\/#organization\"},\"potentialAction\":[{\"@type\":\"SearchAction\",\"target\":{\"@type\":\"EntryPoint\",\"urlTemplate\":\"https:\\\/\\\/www.baca.ca\\\/en\\\/?s={search_term_string}\"},\"query-input\":{\"@type\":\"PropertyValueSpecification\",\"valueRequired\":true,\"valueName\":\"search_term_string\"}}],\"inLanguage\":\"en-US\"},{\"@type\":\"Organization\",\"@id\":\"https:\\\/\\\/www.baca.ca\\\/en\\\/#organization\",\"name\":\"BACA\",\"url\":\"https:\\\/\\\/www.baca.ca\\\/en\\\/\",\"logo\":{\"@type\":\"ImageObject\",\"inLanguage\":\"en-US\",\"@id\":\"https:\\\/\\\/www.baca.ca\\\/en\\\/#\\\/schema\\\/logo\\\/image\\\/\",\"url\":\"https:\\\/\\\/www.baca.ca\\\/wp-content\\\/uploads\\\/2018\\\/03\\\/BACA.png\",\"contentUrl\":\"https:\\\/\\\/www.baca.ca\\\/wp-content\\\/uploads\\\/2018\\\/03\\\/BACA.png\",\"width\":220,\"height\":50,\"caption\":\"BACA\"},\"image\":{\"@id\":\"https:\\\/\\\/www.baca.ca\\\/en\\\/#\\\/schema\\\/logo\\\/image\\\/\"},\"sameAs\":[\"https:\\\/\\\/www.facebook.com\\\/bacabiennale\\\/\",\"https:\\\/\\\/www.instagram.com\\\/bacabiennale\",\"https:\\\/\\\/bsky.app\\\/profile\\\/bacabiennale.bsky.social\"]}]}<\/script>\n<!-- \/ Yoast SEO plugin. -->","yoast_head_json":{"title":"Galerie d'art Stewart Hall | La Biennale d\u2019art contemporain autochtone","robots":{"index":"index","follow":"follow","max-snippet":"max-snippet:-1","max-image-preview":"max-image-preview:large","max-video-preview":"max-video-preview:-1"},"canonical":"https:\/\/www.baca.ca\/en\/exhibitions\/land-back\/galerie-dart-stewart-hall\/","og_locale":"en_US","og_type":"article","og_title":"Galerie d'art Stewart Hall | La Biennale d\u2019art contemporain autochtone","og_description":"[vc_row][vc_column width=&#8221;1\/2&#8243;][vc_column_text uncode_shortcode_id=&#8221;173309&#8243;]May 7 \u2013 June 19, 2022 Opening Reception: Sunday, May 8 from 2 p.m. \u2013 5 p.m. Land [&hellip;]","og_url":"https:\/\/www.baca.ca\/en\/exhibitions\/land-back\/galerie-dart-stewart-hall\/","og_site_name":"La Biennale d\u2019art contemporain autochtone","article_publisher":"https:\/\/www.facebook.com\/bacabiennale\/","article_modified_time":"2023-12-21T20:35:43+00:00","og_image":[{"width":1536,"height":1024,"url":"https:\/\/www.baca.ca\/wp-content\/uploads\/2022\/03\/Julia-Rose-Sutherland-006-Vigil-The-Land-Remembers-JPG.jpg","type":"image\/jpeg"}],"twitter_card":"summary_large_image","twitter_misc":{"Est. reading time":"4 minutes"},"schema":{"@context":"https:\/\/schema.org","@graph":[{"@type":"WebPage","@id":"https:\/\/www.baca.ca\/en\/exhibitions\/land-back\/galerie-dart-stewart-hall\/","url":"https:\/\/www.baca.ca\/en\/exhibitions\/land-back\/galerie-dart-stewart-hall\/","name":"Galerie d'art Stewart Hall | La Biennale d\u2019art contemporain autochtone","isPartOf":{"@id":"https:\/\/www.baca.ca\/en\/#website"},"primaryImageOfPage":{"@id":"https:\/\/www.baca.ca\/en\/exhibitions\/land-back\/galerie-dart-stewart-hall\/#primaryimage"},"image":{"@id":"https:\/\/www.baca.ca\/en\/exhibitions\/land-back\/galerie-dart-stewart-hall\/#primaryimage"},"thumbnailUrl":"https:\/\/www.baca.ca\/wp-content\/uploads\/2022\/03\/Julia-Rose-Sutherland-006-Vigil-The-Land-Remembers-JPG.jpg","datePublished":"2022-03-26T12:57:36+00:00","dateModified":"2023-12-21T20:35:43+00:00","breadcrumb":{"@id":"https:\/\/www.baca.ca\/en\/exhibitions\/land-back\/galerie-dart-stewart-hall\/#breadcrumb"},"inLanguage":"en-US","potentialAction":[{"@type":"ReadAction","target":["https:\/\/www.baca.ca\/en\/exhibitions\/land-back\/galerie-dart-stewart-hall\/"]}]},{"@type":"ImageObject","inLanguage":"en-US","@id":"https:\/\/www.baca.ca\/en\/exhibitions\/land-back\/galerie-dart-stewart-hall\/#primaryimage","url":"https:\/\/www.baca.ca\/wp-content\/uploads\/2022\/03\/Julia-Rose-Sutherland-006-Vigil-The-Land-Remembers-JPG.jpg","contentUrl":"https:\/\/www.baca.ca\/wp-content\/uploads\/2022\/03\/Julia-Rose-Sutherland-006-Vigil-The-Land-Remembers-JPG.jpg","width":1536,"height":1024},{"@type":"BreadcrumbList","@id":"https:\/\/www.baca.ca\/en\/exhibitions\/land-back\/galerie-dart-stewart-hall\/#breadcrumb","itemListElement":[{"@type":"ListItem","position":1,"name":"Home","item":"https:\/\/www.baca.ca\/en\/"},{"@type":"ListItem","position":2,"name":"Exhibitions","item":"https:\/\/www.baca.ca\/en\/exhibitions\/"},{"@type":"ListItem","position":3,"name":"Land Back","item":"https:\/\/www.baca.ca\/en\/exhibitions\/land-back\/"},{"@type":"ListItem","position":4,"name":"Galerie d&rsquo;art Stewart Hall"}]},{"@type":"WebSite","@id":"https:\/\/www.baca.ca\/en\/#website","url":"https:\/\/www.baca.ca\/en\/","name":"La Biennale d\u2019art contemporain autochtone","description":"Contemporary Native Art Biennial (BACA)","publisher":{"@id":"https:\/\/www.baca.ca\/en\/#organization"},"potentialAction":[{"@type":"SearchAction","target":{"@type":"EntryPoint","urlTemplate":"https:\/\/www.baca.ca\/en\/?s={search_term_string}"},"query-input":{"@type":"PropertyValueSpecification","valueRequired":true,"valueName":"search_term_string"}}],"inLanguage":"en-US"},{"@type":"Organization","@id":"https:\/\/www.baca.ca\/en\/#organization","name":"BACA","url":"https:\/\/www.baca.ca\/en\/","logo":{"@type":"ImageObject","inLanguage":"en-US","@id":"https:\/\/www.baca.ca\/en\/#\/schema\/logo\/image\/","url":"https:\/\/www.baca.ca\/wp-content\/uploads\/2018\/03\/BACA.png","contentUrl":"https:\/\/www.baca.ca\/wp-content\/uploads\/2018\/03\/BACA.png","width":220,"height":50,"caption":"BACA"},"image":{"@id":"https:\/\/www.baca.ca\/en\/#\/schema\/logo\/image\/"},"sameAs":["https:\/\/www.facebook.com\/bacabiennale\/","https:\/\/www.instagram.com\/bacabiennale","https:\/\/bsky.app\/profile\/bacabiennale.bsky.social"]}]}},"_links":{"self":[{"href":"https:\/\/www.baca.ca\/en\/wp-json\/wp\/v2\/pages\/85442","targetHints":{"allow":["GET"]}}],"collection":[{"href":"https:\/\/www.baca.ca\/en\/wp-json\/wp\/v2\/pages"}],"about":[{"href":"https:\/\/www.baca.ca\/en\/wp-json\/wp\/v2\/types\/page"}],"author":[{"embeddable":true,"href":"https:\/\/www.baca.ca\/en\/wp-json\/wp\/v2\/users\/1"}],"replies":[{"embeddable":true,"href":"https:\/\/www.baca.ca\/en\/wp-json\/wp\/v2\/comments?post=85442"}],"version-history":[{"count":0,"href":"https:\/\/www.baca.ca\/en\/wp-json\/wp\/v2\/pages\/85442\/revisions"}],"up":[{"embeddable":true,"href":"https:\/\/www.baca.ca\/en\/wp-json\/wp\/v2\/pages\/86966"}],"wp:featuredmedia":[{"embeddable":true,"href":"https:\/\/www.baca.ca\/en\/wp-json\/wp\/v2\/media\/85354"}],"wp:attachment":[{"href":"https:\/\/www.baca.ca\/en\/wp-json\/wp\/v2\/media?parent=85442"}],"curies":[{"name":"wp","href":"https:\/\/api.w.org\/{rel}","templated":true}]}}