{"id":85436,"date":"2022-03-26T12:54:50","date_gmt":"2022-03-26T12:54:50","guid":{"rendered":"https:\/\/www.baca.ca\/exhibitions\/land-back-quai-5160-maison-de-la-culture-de-verdun\/"},"modified":"2023-12-21T16:37:34","modified_gmt":"2023-12-21T20:37:34","slug":"quai-5160-maison-de-la-culture-de-verdun","status":"publish","type":"page","link":"https:\/\/www.baca.ca\/en\/exhibitions\/land-back\/quai-5160-maison-de-la-culture-de-verdun\/","title":{"rendered":"Quai 5160 \u2013 Maison de la culture de Verdun"},"content":{"rendered":"<div class=\"wpb-content-wrapper\"><p>[vc_row][vc_column width=&#8221;1\/2&#8243;][vc_column_text uncode_shortcode_id=&#8221;829067&#8243;]May 7 &#8211; July 3, 2022<br \/>\n<em>Land Back<\/em>: Susan Blight, Quinn Hopkins, Devin Ronneberg &amp; Kite, Casey Koyczan, Beric Manywounds, Michael Namingha, Lawrence Paul Yuxweluptun &amp; Paisley Smith, Chandra Melting Tallow<\/p>\n<p>Curator: Michael Patten<br \/>\nContemporary Native Art Biennial (BACA), 6th edition<\/p>\n<p>Quai 5160 \u2013 Maison de la culture de Verdun<br \/>\n5160 Bd LaSalle, Verdun, QC H4H 1N8<\/p>\n<p>Since time immemorial, Indigenous peoples have preserved biodiversity in the face of continued human population growth. Shortly after the time of first contact with Europeans, Indigenous communities were stripped of their ancestral lands; the Land Back movement aims to restore governance and stewardship of the territory for a sustainable future.<\/p>\n<p>If Land Back is a call to action, a return of equity to a stolen territory, it also allows for some questioning. How can we best protect biodiversity, land and water? The first step would be to return the land to its traditional and legitimate protectors. The revalorization of Indigenous knowledge goes beyond symbolic gestures of recognition or inclusion; it aims to significantly change practices and structures.<\/p>\n<p>In science fiction, as in the contemporary world, Indigenous communities are often excluded from the narrative. Usually associated with the past, Indigenous perspectives are rarely solicited in relation to the future world. Against this backdrop, many artists from the worlds of film, literature and visual arts have turned to Indigenous futurism: a concept theorized by Anishinabe professor Dr. Grace Dillon in her book Walking the Clouds: An Anthology of Indigenous Science Fiction (2003). Indigenous futurism is a multi-disciplinary artistic and cultural movement that aims to bring Indigenous insights to conversations about apocalypse, the supernatural, technology and more. As part of this movement, BACA wished to present a grouping of works and artists that address these themes through multiple mediums.<\/p>\n<p>This exhibition, through a strong proposal of video works, brings together the works of artists Beric Manywounds, Casey Koyczan, Kite and Devin Ronneberg. A marked dialogue is established between Manywounds and Koyczan&#8217;s projections on the theme of spirituality in a mystical and marvelous aesthetic, while Kite and Ronneberg\u2019s Fever Dream addresses the question of the supernatural in the Indigenous and non-Indigenous world allied to the fear of the end of the world.<\/p>\n<p>These works are combined with virtual and augmented realities by the duo Lawrence Paul Yuxweluptun and Paisley Smith, and Quinn Hopkins; both pieces are deeply rooted in stories and creatures from Indigenous legends.<\/p>\n<p>In a more material approach, Chandra Melting Tallow presents their installations Blood Count and IIKAAKIMAT in a discourse on the metaphysical and dream world. Susan Blight, also through the installation process, initiates a conversation about the silence of the general public and government authorities in the face of the crises facing Indigenous peoples. To do so, she uses a bearberry plant \u2013 a medicinal plant linked to Anishinaabe knowledge \u2013 as a vehicle. This echoes artist Michael Namingha\u2019s Altered Landscape \u2013 abstract geometric and photographic compositions of aerial landscapes in the Four Corners region \u2013 which addresses the environmental impact of the oil industry.<\/p>\n<p>We hope that this platform will further reflect on Indigenous perspectives in futuristic issues.<\/p>\n<p>We would like to acknowledge that BACA is located on unceded Indigenous lands. The Kanien\u2019keh\u00e1:ka Nation is recognized as the custodians of the lands and waters on which we gather today. Tiohti\u00e1:ke commonly known as Montreal is historically known as a gathering place for many First Nations. Today, it is home to a diverse population of Indigenous and other peoples. We respect the continued connections with the past, present, and future in our ongoing relationships with Indigenous and other peoples within the Montreal community.<\/p>\n<p>We recognize that BACA is taking place on unceded Indigenous lands, and that the Kanien\u2019keh\u00e1:ka Nation is the caretaker of the lands and waters on which we gather today. Tiohti\u00e1:ke (Montreal) is historically known as a gathering place for many First Nations. Today, it is home to a varied population of Indigenous and other peoples. BACA acknowledges the continued relations with the past, present, and future in their current relationships with Indigenous and other peoples within the Montreal community.<\/p>\n<p>The Biennale d\u2019art contemporain autochtone (BACA) thanks the Canada Council for the Arts, the Government of Qu\u00e9bec (Conseil des arts et des lettres du Qu\u00e9bec, Fonds d\u2019investissement pour le rayonnement de la M\u00e9tropole), Tourisme Montr\u00e9al, the Conseil des arts de Montr\u00e9al, Quai 5160 \u2013 Maison de la culture de Verdun and its other presenting partners.<\/p>\n<p>BACA 2022 DATES AND VENUES<\/p>\n<div class=\"cxmmr5t8 oygrvhab hcukyx3x c1et5uql o9v6fnle\">Sunday, May 1, 2022, from 2:00 p.m to 4:00 p.m<br \/>\n<em>Land Back<\/em> Opening ceremony<\/div>\n<div class=\"cxmmr5t8 oygrvhab hcukyx3x c1et5uql o9v6fnle\">Place du Canada<br \/>\n1010, rue de la Gaucheti\u00e8re Ouest<br \/>\nTiohti\u00e0:ke \/ Montreal (QC)<\/div>\n<p><a href=\"https:\/\/www.baca.ca\/en\/exhibitions\/land-back\/musee-des-beaux-arts-de-sherbrooke\/\">Sherbrooke Museum of Fine Arts<\/a><br \/>\nApril 28 &#8211; June 26, 2022<br \/>\nOpening: Thursday April 28, 2022 at 5:00 p.m.<br \/>\n241 Rue Dufferin, Sherbrooke, QC<\/p>\n<p><a href=\"https:\/\/www.baca.ca\/en\/exhibitions\/land-back\/maison-des-jesuites-de-sillery\/\">Maison des J\u00e9suites de Sillery<\/a><br \/>\nFrom May 4 to December 11, 2022<br \/>\n2320 Chemin du Foulon, Quebec, QC<\/p>\n<p><a href=\"https:\/\/www.baca.ca\/en\/exhibitions\/land-back\/quai-5160-maison-de-la-culture-de-verdun\/\">Quai 5160 \u2013 Maison de la culture de Verdun<\/a><br \/>\nMay 7 &#8211; July 3, 2022<br \/>\n5160 Bd LaSalle, Verdun, QC<\/p>\n<p><a href=\"https:\/\/www.baca.ca\/en\/exhibitions\/land-back\/art-mur\/\">Art M\u00fbr\u00a0<\/a><br \/>\nMay 7 &#8211; June 18, 2022<br \/>\nOpening: Saturday May 7, 2022 at 3:00 p.m.<br \/>\n5826 St-Hubert, Montreal, QC<\/p>\n<p><a href=\"https:\/\/www.baca.ca\/en\/exhibitions\/land-back\/galerie-dart-stewart-hall\/\">Stewart Hall Art Gallery<\/a><br \/>\nMay 7 &#8211; June 19, 2022<br \/>\nOpening: Sunday May 8, 2022 at 2:00 p.m.<br \/>\n176 Bord-du-Lac, Pointe-Claire, QC<\/p>\n<p><a href=\"https:\/\/www.baca.ca\/en\/exhibitions\/land-back\/la-guilde\/\">La Guilde<\/a><br \/>\nMay 19 &#8211; July 10, 2022<br \/>\nOpening: Thursday May 19, 2022 at 5:00 p.m.<br \/>\n1356 West Sherbrooke st, Montreal, QC<\/p>\n<p><a href=\"https:\/\/www.baca.ca\/en\/exhibitions\/land-back\/musee-mccord\/\">McCord Museum<\/a><br \/>\nJune 2 \u2013 5, 2022 : Film screening<br \/>\nSky Hopinka, In Dreams and Autumn (2021)<br \/>\n690 West Sherbrooke st, Montreal, QC<\/p>\n<p><a href=\"https:\/\/www.baca.ca\/en\/exhibitions\/land-back\/expression\/\">Expression &#8211; Centre d\u2019exposition de Saint-Hyacinthe<\/a><br \/>\nNovember 4 &#8211; December 23, 2022<br \/>\n495 Avenue Saint-Simon, Saint-Hyacinthe, QC<\/p>\n<p>SATELLITE EXHIBITIONS<\/p>\n<p><a href=\"https:\/\/www.baca.ca\/en\/exhibitions\/alexis-gros-louis-onenha-wenwa-superimpositions\/\">She:kon &#8211; BACA Space for Emerging Art<\/a><br \/>\nAlexis Gros-Louis, \u00d6nenha\u2019; Wen\u2019wa\u2019 \/ [Superimpositions]<br \/>\nCurator: Terry Randy Awashish<br \/>\nMay 7 &#8211; June 18, 2022<br \/>\n5826, St-Hubert, Montreal, QC<\/p>\n<p><a href=\"https:\/\/www.baca.ca\/en\/exhibitions\/suzanne-morrissette-translation\/\">daphne art center<\/a><br \/>\nSuzanne Morissette, t<em>ranslations<\/em><br \/>\nMay 7 &#8211; June 18, 2022<br \/>\n5842, St-Hubert, Montreal, QC<\/p>\n<p><a href=\"https:\/\/www.baca.ca\/en\/exhibitions\/renee-condo-sisip-sipu\/\">Laroche\/Joncas<\/a><br \/>\nRen\u00e9e Condo, <em>Sisip-Sipu<\/em><br \/>\nApril 27 &#8211; June 4, 2022<br \/>\n372 Ste-Catherine W, suite 410, Montreal, QC[\/vc_column_text][\/vc_column][vc_column width=&#8221;1\/2&#8243;][vc_gallery el_id=&#8221;gallery-179185&#8243; medias=&#8221;85775,85777,85779,85781,85783,85785,85787,85789,85791,85793,85795,85797,85799,85801,85803,85805,85807,85809,85811,85813,86253,86251,86249,86247,86245,86243,86241,86223,86225,86207,86205,86227,86209,86211,86229,86231,86213,86215,86233,86235,86217,86219,86237,86239,86221&#8243; gutter_size=&#8221;3&#8243; media_items=&#8221;media|lightbox|original&#8221; screen_lg=&#8221;1000&#8243; screen_md=&#8221;600&#8243; screen_sm=&#8221;480&#8243; single_overlay_opacity=&#8221;50&#8243; single_padding=&#8221;2&#8243; lbox_caption=&#8221;yes&#8221; uncode_shortcode_id=&#8221;535148&#8243;][\/vc_column][\/vc_row]<\/p>\n<\/div>","protected":false},"excerpt":{"rendered":"<p>[vc_row][vc_column width=&#8221;1\/2&#8243;][vc_column_text uncode_shortcode_id=&#8221;829067&#8243;]May 7 &#8211; July 3, 2022 Land Back: Susan Blight, Quinn Hopkins, Devin Ronneberg &amp; Kite, Casey Koyczan, [&hellip;]<\/p>\n","protected":false},"author":1,"featured_media":0,"parent":86966,"menu_order":0,"comment_status":"closed","ping_status":"closed","template":"","meta":{"footnotes":""},"class_list":["post-85436","page","type-page","status-publish","hentry"],"yoast_head":"<!-- This site is optimized with the Yoast SEO plugin v27.5 - https:\/\/yoast.com\/product\/yoast-seo-wordpress\/ -->\n<title>Quai 5160 \u2013 Maison de la culture de Verdun | La Biennale d\u2019art contemporain autochtone<\/title>\n<meta name=\"robots\" content=\"index, follow, max-snippet:-1, max-image-preview:large, max-video-preview:-1\" \/>\n<link rel=\"canonical\" href=\"https:\/\/www.baca.ca\/en\/exhibitions\/land-back\/quai-5160-maison-de-la-culture-de-verdun\/\" \/>\n<meta property=\"og:locale\" content=\"en_US\" \/>\n<meta property=\"og:type\" content=\"article\" \/>\n<meta property=\"og:title\" content=\"Quai 5160 \u2013 Maison de la culture de Verdun | La Biennale d\u2019art contemporain autochtone\" \/>\n<meta property=\"og:description\" content=\"[vc_row][vc_column width=&#8221;1\/2&#8243;][vc_column_text uncode_shortcode_id=&#8221;829067&#8243;]May 7 &#8211; July 3, 2022 Land Back: Susan Blight, Quinn Hopkins, Devin Ronneberg &amp; Kite, Casey Koyczan, [&hellip;]\" \/>\n<meta property=\"og:url\" content=\"https:\/\/www.baca.ca\/en\/exhibitions\/land-back\/quai-5160-maison-de-la-culture-de-verdun\/\" \/>\n<meta property=\"og:site_name\" content=\"La Biennale d\u2019art contemporain autochtone\" \/>\n<meta property=\"article:publisher\" content=\"https:\/\/www.facebook.com\/bacabiennale\/\" \/>\n<meta property=\"article:modified_time\" content=\"2023-12-21T20:37:34+00:00\" \/>\n<meta name=\"twitter:card\" content=\"summary_large_image\" \/>\n<meta name=\"twitter:label1\" content=\"Est. reading time\" \/>\n\t<meta name=\"twitter:data1\" content=\"5 minutes\" \/>\n<script type=\"application\/ld+json\" class=\"yoast-schema-graph\">{\"@context\":\"https:\\\/\\\/schema.org\",\"@graph\":[{\"@type\":\"WebPage\",\"@id\":\"https:\\\/\\\/www.baca.ca\\\/en\\\/exhibitions\\\/land-back\\\/quai-5160-maison-de-la-culture-de-verdun\\\/\",\"url\":\"https:\\\/\\\/www.baca.ca\\\/en\\\/exhibitions\\\/land-back\\\/quai-5160-maison-de-la-culture-de-verdun\\\/\",\"name\":\"Quai 5160 \u2013 Maison de la culture de Verdun | La Biennale d\u2019art contemporain autochtone\",\"isPartOf\":{\"@id\":\"https:\\\/\\\/www.baca.ca\\\/en\\\/#website\"},\"datePublished\":\"2022-03-26T12:54:50+00:00\",\"dateModified\":\"2023-12-21T20:37:34+00:00\",\"breadcrumb\":{\"@id\":\"https:\\\/\\\/www.baca.ca\\\/en\\\/exhibitions\\\/land-back\\\/quai-5160-maison-de-la-culture-de-verdun\\\/#breadcrumb\"},\"inLanguage\":\"en-US\",\"potentialAction\":[{\"@type\":\"ReadAction\",\"target\":[\"https:\\\/\\\/www.baca.ca\\\/en\\\/exhibitions\\\/land-back\\\/quai-5160-maison-de-la-culture-de-verdun\\\/\"]}]},{\"@type\":\"BreadcrumbList\",\"@id\":\"https:\\\/\\\/www.baca.ca\\\/en\\\/exhibitions\\\/land-back\\\/quai-5160-maison-de-la-culture-de-verdun\\\/#breadcrumb\",\"itemListElement\":[{\"@type\":\"ListItem\",\"position\":1,\"name\":\"Home\",\"item\":\"https:\\\/\\\/www.baca.ca\\\/en\\\/\"},{\"@type\":\"ListItem\",\"position\":2,\"name\":\"Exhibitions\",\"item\":\"https:\\\/\\\/www.baca.ca\\\/en\\\/exhibitions\\\/\"},{\"@type\":\"ListItem\",\"position\":3,\"name\":\"Land Back\",\"item\":\"https:\\\/\\\/www.baca.ca\\\/en\\\/exhibitions\\\/land-back\\\/\"},{\"@type\":\"ListItem\",\"position\":4,\"name\":\"Quai 5160 \u2013 Maison de la culture de Verdun\"}]},{\"@type\":\"WebSite\",\"@id\":\"https:\\\/\\\/www.baca.ca\\\/en\\\/#website\",\"url\":\"https:\\\/\\\/www.baca.ca\\\/en\\\/\",\"name\":\"La Biennale d\u2019art contemporain autochtone\",\"description\":\"Contemporary Native Art Biennial (BACA)\",\"publisher\":{\"@id\":\"https:\\\/\\\/www.baca.ca\\\/en\\\/#organization\"},\"potentialAction\":[{\"@type\":\"SearchAction\",\"target\":{\"@type\":\"EntryPoint\",\"urlTemplate\":\"https:\\\/\\\/www.baca.ca\\\/en\\\/?s={search_term_string}\"},\"query-input\":{\"@type\":\"PropertyValueSpecification\",\"valueRequired\":true,\"valueName\":\"search_term_string\"}}],\"inLanguage\":\"en-US\"},{\"@type\":\"Organization\",\"@id\":\"https:\\\/\\\/www.baca.ca\\\/en\\\/#organization\",\"name\":\"BACA\",\"url\":\"https:\\\/\\\/www.baca.ca\\\/en\\\/\",\"logo\":{\"@type\":\"ImageObject\",\"inLanguage\":\"en-US\",\"@id\":\"https:\\\/\\\/www.baca.ca\\\/en\\\/#\\\/schema\\\/logo\\\/image\\\/\",\"url\":\"https:\\\/\\\/www.baca.ca\\\/wp-content\\\/uploads\\\/2018\\\/03\\\/BACA.png\",\"contentUrl\":\"https:\\\/\\\/www.baca.ca\\\/wp-content\\\/uploads\\\/2018\\\/03\\\/BACA.png\",\"width\":220,\"height\":50,\"caption\":\"BACA\"},\"image\":{\"@id\":\"https:\\\/\\\/www.baca.ca\\\/en\\\/#\\\/schema\\\/logo\\\/image\\\/\"},\"sameAs\":[\"https:\\\/\\\/www.facebook.com\\\/bacabiennale\\\/\",\"https:\\\/\\\/www.instagram.com\\\/bacabiennale\",\"https:\\\/\\\/bsky.app\\\/profile\\\/bacabiennale.bsky.social\"]}]}<\/script>\n<!-- \/ Yoast SEO plugin. -->","yoast_head_json":{"title":"Quai 5160 \u2013 Maison de la culture de Verdun | La Biennale d\u2019art contemporain autochtone","robots":{"index":"index","follow":"follow","max-snippet":"max-snippet:-1","max-image-preview":"max-image-preview:large","max-video-preview":"max-video-preview:-1"},"canonical":"https:\/\/www.baca.ca\/en\/exhibitions\/land-back\/quai-5160-maison-de-la-culture-de-verdun\/","og_locale":"en_US","og_type":"article","og_title":"Quai 5160 \u2013 Maison de la culture de Verdun | La Biennale d\u2019art contemporain autochtone","og_description":"[vc_row][vc_column width=&#8221;1\/2&#8243;][vc_column_text uncode_shortcode_id=&#8221;829067&#8243;]May 7 &#8211; July 3, 2022 Land Back: Susan Blight, Quinn Hopkins, Devin Ronneberg &amp; Kite, Casey Koyczan, [&hellip;]","og_url":"https:\/\/www.baca.ca\/en\/exhibitions\/land-back\/quai-5160-maison-de-la-culture-de-verdun\/","og_site_name":"La Biennale d\u2019art contemporain autochtone","article_publisher":"https:\/\/www.facebook.com\/bacabiennale\/","article_modified_time":"2023-12-21T20:37:34+00:00","twitter_card":"summary_large_image","twitter_misc":{"Est. reading time":"5 minutes"},"schema":{"@context":"https:\/\/schema.org","@graph":[{"@type":"WebPage","@id":"https:\/\/www.baca.ca\/en\/exhibitions\/land-back\/quai-5160-maison-de-la-culture-de-verdun\/","url":"https:\/\/www.baca.ca\/en\/exhibitions\/land-back\/quai-5160-maison-de-la-culture-de-verdun\/","name":"Quai 5160 \u2013 Maison de la culture de Verdun | La Biennale d\u2019art contemporain autochtone","isPartOf":{"@id":"https:\/\/www.baca.ca\/en\/#website"},"datePublished":"2022-03-26T12:54:50+00:00","dateModified":"2023-12-21T20:37:34+00:00","breadcrumb":{"@id":"https:\/\/www.baca.ca\/en\/exhibitions\/land-back\/quai-5160-maison-de-la-culture-de-verdun\/#breadcrumb"},"inLanguage":"en-US","potentialAction":[{"@type":"ReadAction","target":["https:\/\/www.baca.ca\/en\/exhibitions\/land-back\/quai-5160-maison-de-la-culture-de-verdun\/"]}]},{"@type":"BreadcrumbList","@id":"https:\/\/www.baca.ca\/en\/exhibitions\/land-back\/quai-5160-maison-de-la-culture-de-verdun\/#breadcrumb","itemListElement":[{"@type":"ListItem","position":1,"name":"Home","item":"https:\/\/www.baca.ca\/en\/"},{"@type":"ListItem","position":2,"name":"Exhibitions","item":"https:\/\/www.baca.ca\/en\/exhibitions\/"},{"@type":"ListItem","position":3,"name":"Land Back","item":"https:\/\/www.baca.ca\/en\/exhibitions\/land-back\/"},{"@type":"ListItem","position":4,"name":"Quai 5160 \u2013 Maison de la culture de Verdun"}]},{"@type":"WebSite","@id":"https:\/\/www.baca.ca\/en\/#website","url":"https:\/\/www.baca.ca\/en\/","name":"La Biennale d\u2019art contemporain autochtone","description":"Contemporary Native Art Biennial (BACA)","publisher":{"@id":"https:\/\/www.baca.ca\/en\/#organization"},"potentialAction":[{"@type":"SearchAction","target":{"@type":"EntryPoint","urlTemplate":"https:\/\/www.baca.ca\/en\/?s={search_term_string}"},"query-input":{"@type":"PropertyValueSpecification","valueRequired":true,"valueName":"search_term_string"}}],"inLanguage":"en-US"},{"@type":"Organization","@id":"https:\/\/www.baca.ca\/en\/#organization","name":"BACA","url":"https:\/\/www.baca.ca\/en\/","logo":{"@type":"ImageObject","inLanguage":"en-US","@id":"https:\/\/www.baca.ca\/en\/#\/schema\/logo\/image\/","url":"https:\/\/www.baca.ca\/wp-content\/uploads\/2018\/03\/BACA.png","contentUrl":"https:\/\/www.baca.ca\/wp-content\/uploads\/2018\/03\/BACA.png","width":220,"height":50,"caption":"BACA"},"image":{"@id":"https:\/\/www.baca.ca\/en\/#\/schema\/logo\/image\/"},"sameAs":["https:\/\/www.facebook.com\/bacabiennale\/","https:\/\/www.instagram.com\/bacabiennale","https:\/\/bsky.app\/profile\/bacabiennale.bsky.social"]}]}},"_links":{"self":[{"href":"https:\/\/www.baca.ca\/en\/wp-json\/wp\/v2\/pages\/85436","targetHints":{"allow":["GET"]}}],"collection":[{"href":"https:\/\/www.baca.ca\/en\/wp-json\/wp\/v2\/pages"}],"about":[{"href":"https:\/\/www.baca.ca\/en\/wp-json\/wp\/v2\/types\/page"}],"author":[{"embeddable":true,"href":"https:\/\/www.baca.ca\/en\/wp-json\/wp\/v2\/users\/1"}],"replies":[{"embeddable":true,"href":"https:\/\/www.baca.ca\/en\/wp-json\/wp\/v2\/comments?post=85436"}],"version-history":[{"count":0,"href":"https:\/\/www.baca.ca\/en\/wp-json\/wp\/v2\/pages\/85436\/revisions"}],"up":[{"embeddable":true,"href":"https:\/\/www.baca.ca\/en\/wp-json\/wp\/v2\/pages\/86966"}],"wp:attachment":[{"href":"https:\/\/www.baca.ca\/en\/wp-json\/wp\/v2\/media?parent=85436"}],"curies":[{"name":"wp","href":"https:\/\/api.w.org\/{rel}","templated":true}]}}