{"id":85424,"date":"2022-03-26T12:47:52","date_gmt":"2022-03-26T12:47:52","guid":{"rendered":"https:\/\/www.baca.ca\/exhibitions\/land-back-musee-des-beaux-arts-de-sherbrooke\/"},"modified":"2023-12-21T16:36:25","modified_gmt":"2023-12-21T20:36:25","slug":"musee-des-beaux-arts-de-sherbrooke","status":"publish","type":"page","link":"https:\/\/www.baca.ca\/en\/exhibitions\/land-back\/musee-des-beaux-arts-de-sherbrooke\/","title":{"rendered":"Mus\u00e9e des beaux-arts de Sherbrooke"},"content":{"rendered":"<div class=\"wpb-content-wrapper\"><p>[vc_row][vc_column width=&#8221;1\/2&#8243;][vc_column_text uncode_shortcode_id=&#8221;105733&#8243;]April 28 &#8211; June 26, 2022<br \/>\nOpening reception: Thursday, April 28 2022 from 6 to 8 pm<br \/>\n<em>Land Back<\/em>: Levi Amidlak, Makusi Q. Angutigirk, Shuvigar Eelee, Elijassiapik, Tootaluk Etchuk, Maureen Gruben, Tutuyea Ikidluak, Nuveeya Ipellie, Mattuisi Iyaituk, Olajuk Kigutikardjuk, Ooloopie Killiktee, Jkai Lucassi, Barry Pottle, Camille Seaman, Lizzie Sheeg, Katherine Takpannie, Eva Aliktiluk Talooki, Therese P. Tugumiar.<\/p>\n<p>Curator: Michael Patten<br \/>\nContemporary Native Art Biennial (BACA), 6th edition<\/p>\n<p>Mus\u00e9e des beaux-arts de Sherbrooke<br \/>\n241 Dufferin Street<br \/>\nSherbrooke, QC, J1H 4M3<\/p>\n<p>Free shuttle to Sherbrooke on April 28.<br \/>\nDeparture from Montreal at 2:30 pm from gallery Art M\u00fbr<br \/>\nRSVP BACA<\/p>\n<p>Since time immemorial, Indigenous peoples have preserved biodiversity in the face of continued human population growth. Shortly after the time of first contact with Europeans, Indigenous communities were stripped of their ancestral lands; the Land Back movement aims to restore governance and stewardship of the territory for a sustainable future.<\/p>\n<p>If Land Back is a call to action, a return of equity to a stolen territory, it also allows for some questioning. How can we best protect biodiversity, land and water? The first step would be to return the land to its traditional and legitimate protectors. The revalorization of Indigenous knowledge goes beyond symbolic gestures of recognition or inclusion; it aims to significantly change practices and structures.<\/p>\n<p>The Far North is a place that was greatly affected by colonialism. Heavily wounded by difficult geopolitics and the exponential growth of a capitalist Western world, the North suffers. Through poetic acts, artist Maureen Gruben attempts to heal this scar. Deeply rooted in the gesture of memory and nostalgia, she traces an iconography specific to Inuvialuit communities through the mediums of photography and film. A landscape in perpetual disfiguration, the North is the first witness of the pressing climatic crisis. The ice melting is a phenomenon widely documented by the photographer Camille Seaman, who proposes images, as sublime as they are melancholic, of icebergs drifting. Using the same strategies as for her portraits, the artist attempts to translate the similarity between humans and nature, while making the latter an agentic subject.<\/p>\n<p>For Inuit communities, natural forces are often explained by a rich cosmology, which is part of their identity and transmitted knowledge. In her photographic series Sedna \u14f4\u14d0\u14c7, artist Katherine Takpannie explores the figure of Sedna: the goddess of the sea and the mother of all marine mammals. While her aesthetic is particularly colorful and fantastic, the soapstone sculptures in the collection of the Sherbrooke Museum of Fine Arts offer a more classical and sober reading of Inuit myths and legends.<\/p>\n<p>It is on a more politically charged note that Barry Pottle approaches the Inuit condition. In an assumed archival gesture, he photographs old &#8220;Eskimo Identification Tags&#8221;. They are remnants of a program founded by the Canadian government in 1940, which aimed to regularize and &#8220;simplify&#8221; the naming of Inuit, who had only first names at the time. Above all, they remind us of a gesture that is heavily charged, both by its interference and by its quality of erasure.<\/p>\n<p>We hope, through this exhibition, to open a window on the beauty and enchantment of the Great North while initiating a reflection on its past and present issues.<\/p>\n<p>We recognize that BACA is taking place on unceded Indigenous lands, and that the Kanien\u2019keh\u00e1:ka Nation is the caretaker of the lands and waters on which we gather today. Tiohti\u00e1:ke (Montreal) is historically known as a gathering place for many First Nations. Today, it is home to a varied population of Indigenous and other peoples. BACA acknowledges the continued relations with the past, present, and future in their current relationships with Indigenous and other peoples within the Montreal community.<\/p>\n<p>The Biennale d\u2019art contemporain autochtone (BACA) thanks the Canada Council for the Arts, the Government of Qu\u00e9bec (Conseil des arts et des lettres du Qu\u00e9bec, Fonds d&#8217;investissement pour le rayonnement de la M\u00e9tropole), Tourisme Montr\u00e9al, the Conseil des arts de Montr\u00e9al, the Sherbrooke Museum of Fine Arts and its other presenting partners.<\/p>\n<p>BACA 2022 DATES AND VENUES<\/p>\n<p>Sunday, May 1, 2022, from 2:00 p.m to 4:00 p.m<br \/>\nLand Back Opening ceremony<br \/>\nPlace du Canada<br \/>\n1010, rue de la Gaucheti\u00e8re Ouest<br \/>\nTiohti\u00e0:ke \/ Montreal (QC)<\/p>\n<p><a href=\"https:\/\/www.baca.ca\/en\/exhibitions\/land-back\/musee-des-beaux-arts-de-sherbrooke\/\">Sherbrooke Museum of Fine Arts<\/a><br \/>\nApril 28 &#8211; June 26, 2022<br \/>\nOpening: Thursday April 28, 2022 at 5:00 p.m.<br \/>\n241 Rue Dufferin, Sherbrooke, QC<\/p>\n<p><a href=\"https:\/\/www.baca.ca\/en\/exhibitions\/land-back\/maison-des-jesuites-de-sillery\/\">Maison des J\u00e9suites de Sillery<\/a><br \/>\nFrom May 4 to December 11, 2022<br \/>\n2320 Chemin du Foulon, Quebec, QC<\/p>\n<p><a href=\"https:\/\/www.baca.ca\/en\/exhibitions\/land-back\/quai-5160-maison-de-la-culture-de-verdun\/\">Quai 5160 \u2013 Maison de la culture de Verdun<\/a><br \/>\nMay 7 &#8211; July 3, 2022<br \/>\n5160 Bd LaSalle, Verdun, QC<\/p>\n<p><a href=\"https:\/\/www.baca.ca\/en\/exhibitions\/land-back\/art-mur\/\">Art M\u00fbr\u00a0<\/a><br \/>\nMay 7 &#8211; June 18, 2022<br \/>\nOpening: Saturday May 7, 2022 at 3:00 p.m.<br \/>\n5826 St-Hubert, Montreal, QC<\/p>\n<p><a href=\"https:\/\/www.baca.ca\/en\/exhibitions\/land-back\/galerie-dart-stewart-hall\/\">Stewart Hall Art Gallery<\/a><br \/>\nMay 7 &#8211; June 19, 2022<br \/>\nOpening: Sunday May 8, 2022 at 2:00 p.m.<br \/>\n176 Bord-du-Lac, Pointe-Claire, QC<\/p>\n<p><a href=\"https:\/\/www.baca.ca\/en\/exhibitions\/land-back\/la-guilde\/\">La Guilde<\/a><br \/>\nMay 19 &#8211; July 10, 2022<br \/>\nOpening: Thursday May 19, 2022 at 5:00 p.m.<br \/>\n1356 West Sherbrooke st, Montreal, QC<\/p>\n<p><a href=\"https:\/\/www.baca.ca\/en\/exhibitions\/land-back\/musee-mccord\/\">McCord Museum<\/a><br \/>\nJune 2 \u2013 5, 2022 : Film screening<br \/>\nSky Hopinka, In Dreams and Autumn (2021)<br \/>\n690 West Sherbrooke st, Montreal, QC<\/p>\n<p><a href=\"https:\/\/www.baca.ca\/en\/exhibitions\/land-back\/expression\/\">Expression &#8211; Centre d\u2019exposition de Saint-Hyacinthe<\/a><br \/>\nNovember 4 &#8211; December 23, 2022<br \/>\n495 Avenue Saint-Simon, Saint-Hyacinthe, QC<\/p>\n<p>SATELLITE EXHIBITIONS<\/p>\n<p><a href=\"https:\/\/www.baca.ca\/en\/exhibitions\/alexis-gros-louis-onenha-wenwa-superimpositions\/\">She:kon &#8211; BACA Space for Emerging Art<\/a><br \/>\nAlexis Gros-Louis, \u00d6nenha\u2019; Wen\u2019wa\u2019 \/ [Superimpositions]<br \/>\nCurator: Terry Randy Awashish<br \/>\nMay 7 &#8211; June 18, 2022<br \/>\n5826, St-Hubert, Montreal, QC<\/p>\n<p><a href=\"https:\/\/www.baca.ca\/en\/exhibitions\/suzanne-morrissette-translation\/\">daphne art center<\/a><br \/>\nSuzanne Morissette, t<em>ranslations<\/em><br \/>\nMay 7 &#8211; June 18, 2022<br \/>\n5842, St-Hubert, Montreal, QC<\/p>\n<p><a href=\"https:\/\/www.baca.ca\/en\/exhibitions\/renee-condo-sisip-sipu\/\">Laroche\/Joncas<\/a><br \/>\nRen\u00e9e Condo, <em>Sisip-Sipu<\/em><br \/>\nApril 27 &#8211; June 4, 2022<br \/>\n372 Ste-Catherine W, suite 410, Montreal, QC[\/vc_column_text][\/vc_column][vc_column width=&#8221;1\/2&#8243;][vc_gallery el_id=&#8221;gallery-107731&#8243; medias=&#8221;85818,85820,85823,85825,85827,85829,85831,85833,85835,85837,85839,85841,85843,85845,85847,85849,85851,85853,85855,85857,85859,85861,85863,85865,85867,86389,86391,86393,86395,86397,86399,86401,86403,86405,86407,86409,86411,86413,86415,86417&#8243; gutter_size=&#8221;3&#8243; media_items=&#8221;media|lightbox|original,description&#8221; screen_lg=&#8221;1000&#8243; screen_md=&#8221;600&#8243; screen_sm=&#8221;480&#8243; single_overlay_opacity=&#8221;50&#8243; single_padding=&#8221;2&#8243; lbox_caption=&#8221;yes&#8221; uncode_shortcode_id=&#8221;515498&#8243;][\/vc_column][\/vc_row]<\/p>\n<\/div>","protected":false},"excerpt":{"rendered":"<p>[vc_row][vc_column width=&#8221;1\/2&#8243;][vc_column_text uncode_shortcode_id=&#8221;105733&#8243;]April 28 &#8211; June 26, 2022 Opening reception: Thursday, April 28 2022 from 6 to 8 pm Land [&hellip;]<\/p>\n","protected":false},"author":1,"featured_media":85306,"parent":86966,"menu_order":0,"comment_status":"closed","ping_status":"closed","template":"","meta":{"footnotes":""},"class_list":["post-85424","page","type-page","status-publish","has-post-thumbnail","hentry"],"yoast_head":"<!-- This site is optimized with the Yoast SEO plugin v27.3 - https:\/\/yoast.com\/product\/yoast-seo-wordpress\/ -->\n<title>Mus\u00e9e des beaux-arts de Sherbrooke | La Biennale d\u2019art contemporain autochtone<\/title>\n<meta name=\"robots\" content=\"index, follow, max-snippet:-1, max-image-preview:large, max-video-preview:-1\" \/>\n<link rel=\"canonical\" href=\"https:\/\/www.baca.ca\/en\/exhibitions\/land-back\/musee-des-beaux-arts-de-sherbrooke\/\" \/>\n<meta property=\"og:locale\" content=\"en_US\" \/>\n<meta property=\"og:type\" content=\"article\" \/>\n<meta property=\"og:title\" content=\"Mus\u00e9e des beaux-arts de Sherbrooke | La Biennale d\u2019art contemporain autochtone\" \/>\n<meta property=\"og:description\" content=\"[vc_row][vc_column width=&#8221;1\/2&#8243;][vc_column_text uncode_shortcode_id=&#8221;105733&#8243;]April 28 &#8211; June 26, 2022 Opening reception: Thursday, April 28 2022 from 6 to 8 pm Land [&hellip;]\" \/>\n<meta property=\"og:url\" content=\"https:\/\/www.baca.ca\/en\/exhibitions\/land-back\/musee-des-beaux-arts-de-sherbrooke\/\" \/>\n<meta property=\"og:site_name\" content=\"La Biennale d\u2019art contemporain autochtone\" \/>\n<meta property=\"article:publisher\" content=\"https:\/\/www.facebook.com\/bacabiennale\/\" \/>\n<meta property=\"article:modified_time\" content=\"2023-12-21T20:36:25+00:00\" \/>\n<meta property=\"og:image\" content=\"https:\/\/www.baca.ca\/wp-content\/uploads\/2022\/03\/Camille-Seaman_RX406186.jpg\" \/>\n\t<meta property=\"og:image:width\" content=\"1536\" \/>\n\t<meta property=\"og:image:height\" content=\"1024\" \/>\n\t<meta property=\"og:image:type\" content=\"image\/jpeg\" \/>\n<meta name=\"twitter:card\" content=\"summary_large_image\" \/>\n<meta name=\"twitter:label1\" content=\"Est. reading time\" \/>\n\t<meta name=\"twitter:data1\" content=\"5 minutes\" \/>\n<script type=\"application\/ld+json\" class=\"yoast-schema-graph\">{\"@context\":\"https:\\\/\\\/schema.org\",\"@graph\":[{\"@type\":\"WebPage\",\"@id\":\"https:\\\/\\\/www.baca.ca\\\/en\\\/exhibitions\\\/land-back\\\/musee-des-beaux-arts-de-sherbrooke\\\/\",\"url\":\"https:\\\/\\\/www.baca.ca\\\/en\\\/exhibitions\\\/land-back\\\/musee-des-beaux-arts-de-sherbrooke\\\/\",\"name\":\"Mus\u00e9e des beaux-arts de Sherbrooke | La Biennale d\u2019art contemporain autochtone\",\"isPartOf\":{\"@id\":\"https:\\\/\\\/www.baca.ca\\\/en\\\/#website\"},\"primaryImageOfPage\":{\"@id\":\"https:\\\/\\\/www.baca.ca\\\/en\\\/exhibitions\\\/land-back\\\/musee-des-beaux-arts-de-sherbrooke\\\/#primaryimage\"},\"image\":{\"@id\":\"https:\\\/\\\/www.baca.ca\\\/en\\\/exhibitions\\\/land-back\\\/musee-des-beaux-arts-de-sherbrooke\\\/#primaryimage\"},\"thumbnailUrl\":\"https:\\\/\\\/www.baca.ca\\\/wp-content\\\/uploads\\\/2022\\\/03\\\/Camille-Seaman_RX406186.jpg\",\"datePublished\":\"2022-03-26T12:47:52+00:00\",\"dateModified\":\"2023-12-21T20:36:25+00:00\",\"breadcrumb\":{\"@id\":\"https:\\\/\\\/www.baca.ca\\\/en\\\/exhibitions\\\/land-back\\\/musee-des-beaux-arts-de-sherbrooke\\\/#breadcrumb\"},\"inLanguage\":\"en-US\",\"potentialAction\":[{\"@type\":\"ReadAction\",\"target\":[\"https:\\\/\\\/www.baca.ca\\\/en\\\/exhibitions\\\/land-back\\\/musee-des-beaux-arts-de-sherbrooke\\\/\"]}]},{\"@type\":\"ImageObject\",\"inLanguage\":\"en-US\",\"@id\":\"https:\\\/\\\/www.baca.ca\\\/en\\\/exhibitions\\\/land-back\\\/musee-des-beaux-arts-de-sherbrooke\\\/#primaryimage\",\"url\":\"https:\\\/\\\/www.baca.ca\\\/wp-content\\\/uploads\\\/2022\\\/03\\\/Camille-Seaman_RX406186.jpg\",\"contentUrl\":\"https:\\\/\\\/www.baca.ca\\\/wp-content\\\/uploads\\\/2022\\\/03\\\/Camille-Seaman_RX406186.jpg\",\"width\":1536,\"height\":1024},{\"@type\":\"BreadcrumbList\",\"@id\":\"https:\\\/\\\/www.baca.ca\\\/en\\\/exhibitions\\\/land-back\\\/musee-des-beaux-arts-de-sherbrooke\\\/#breadcrumb\",\"itemListElement\":[{\"@type\":\"ListItem\",\"position\":1,\"name\":\"Home\",\"item\":\"https:\\\/\\\/www.baca.ca\\\/en\\\/\"},{\"@type\":\"ListItem\",\"position\":2,\"name\":\"Exhibitions\",\"item\":\"https:\\\/\\\/www.baca.ca\\\/en\\\/exhibitions\\\/\"},{\"@type\":\"ListItem\",\"position\":3,\"name\":\"Land Back\",\"item\":\"https:\\\/\\\/www.baca.ca\\\/en\\\/exhibitions\\\/land-back\\\/\"},{\"@type\":\"ListItem\",\"position\":4,\"name\":\"Mus\u00e9e des beaux-arts de Sherbrooke\"}]},{\"@type\":\"WebSite\",\"@id\":\"https:\\\/\\\/www.baca.ca\\\/en\\\/#website\",\"url\":\"https:\\\/\\\/www.baca.ca\\\/en\\\/\",\"name\":\"La Biennale d\u2019art contemporain autochtone\",\"description\":\"Contemporary Native Art Biennial (BACA)\",\"publisher\":{\"@id\":\"https:\\\/\\\/www.baca.ca\\\/en\\\/#organization\"},\"potentialAction\":[{\"@type\":\"SearchAction\",\"target\":{\"@type\":\"EntryPoint\",\"urlTemplate\":\"https:\\\/\\\/www.baca.ca\\\/en\\\/?s={search_term_string}\"},\"query-input\":{\"@type\":\"PropertyValueSpecification\",\"valueRequired\":true,\"valueName\":\"search_term_string\"}}],\"inLanguage\":\"en-US\"},{\"@type\":\"Organization\",\"@id\":\"https:\\\/\\\/www.baca.ca\\\/en\\\/#organization\",\"name\":\"BACA\",\"url\":\"https:\\\/\\\/www.baca.ca\\\/en\\\/\",\"logo\":{\"@type\":\"ImageObject\",\"inLanguage\":\"en-US\",\"@id\":\"https:\\\/\\\/www.baca.ca\\\/en\\\/#\\\/schema\\\/logo\\\/image\\\/\",\"url\":\"https:\\\/\\\/www.baca.ca\\\/wp-content\\\/uploads\\\/2018\\\/03\\\/BACA.png\",\"contentUrl\":\"https:\\\/\\\/www.baca.ca\\\/wp-content\\\/uploads\\\/2018\\\/03\\\/BACA.png\",\"width\":220,\"height\":50,\"caption\":\"BACA\"},\"image\":{\"@id\":\"https:\\\/\\\/www.baca.ca\\\/en\\\/#\\\/schema\\\/logo\\\/image\\\/\"},\"sameAs\":[\"https:\\\/\\\/www.facebook.com\\\/bacabiennale\\\/\",\"https:\\\/\\\/www.instagram.com\\\/bacabiennale\",\"https:\\\/\\\/bsky.app\\\/profile\\\/bacabiennale.bsky.social\"]}]}<\/script>\n<!-- \/ Yoast SEO plugin. -->","yoast_head_json":{"title":"Mus\u00e9e des beaux-arts de Sherbrooke | La Biennale d\u2019art contemporain autochtone","robots":{"index":"index","follow":"follow","max-snippet":"max-snippet:-1","max-image-preview":"max-image-preview:large","max-video-preview":"max-video-preview:-1"},"canonical":"https:\/\/www.baca.ca\/en\/exhibitions\/land-back\/musee-des-beaux-arts-de-sherbrooke\/","og_locale":"en_US","og_type":"article","og_title":"Mus\u00e9e des beaux-arts de Sherbrooke | La Biennale d\u2019art contemporain autochtone","og_description":"[vc_row][vc_column width=&#8221;1\/2&#8243;][vc_column_text uncode_shortcode_id=&#8221;105733&#8243;]April 28 &#8211; June 26, 2022 Opening reception: Thursday, April 28 2022 from 6 to 8 pm Land [&hellip;]","og_url":"https:\/\/www.baca.ca\/en\/exhibitions\/land-back\/musee-des-beaux-arts-de-sherbrooke\/","og_site_name":"La Biennale d\u2019art contemporain autochtone","article_publisher":"https:\/\/www.facebook.com\/bacabiennale\/","article_modified_time":"2023-12-21T20:36:25+00:00","og_image":[{"width":1536,"height":1024,"url":"https:\/\/www.baca.ca\/wp-content\/uploads\/2022\/03\/Camille-Seaman_RX406186.jpg","type":"image\/jpeg"}],"twitter_card":"summary_large_image","twitter_misc":{"Est. reading time":"5 minutes"},"schema":{"@context":"https:\/\/schema.org","@graph":[{"@type":"WebPage","@id":"https:\/\/www.baca.ca\/en\/exhibitions\/land-back\/musee-des-beaux-arts-de-sherbrooke\/","url":"https:\/\/www.baca.ca\/en\/exhibitions\/land-back\/musee-des-beaux-arts-de-sherbrooke\/","name":"Mus\u00e9e des beaux-arts de Sherbrooke | La Biennale d\u2019art contemporain autochtone","isPartOf":{"@id":"https:\/\/www.baca.ca\/en\/#website"},"primaryImageOfPage":{"@id":"https:\/\/www.baca.ca\/en\/exhibitions\/land-back\/musee-des-beaux-arts-de-sherbrooke\/#primaryimage"},"image":{"@id":"https:\/\/www.baca.ca\/en\/exhibitions\/land-back\/musee-des-beaux-arts-de-sherbrooke\/#primaryimage"},"thumbnailUrl":"https:\/\/www.baca.ca\/wp-content\/uploads\/2022\/03\/Camille-Seaman_RX406186.jpg","datePublished":"2022-03-26T12:47:52+00:00","dateModified":"2023-12-21T20:36:25+00:00","breadcrumb":{"@id":"https:\/\/www.baca.ca\/en\/exhibitions\/land-back\/musee-des-beaux-arts-de-sherbrooke\/#breadcrumb"},"inLanguage":"en-US","potentialAction":[{"@type":"ReadAction","target":["https:\/\/www.baca.ca\/en\/exhibitions\/land-back\/musee-des-beaux-arts-de-sherbrooke\/"]}]},{"@type":"ImageObject","inLanguage":"en-US","@id":"https:\/\/www.baca.ca\/en\/exhibitions\/land-back\/musee-des-beaux-arts-de-sherbrooke\/#primaryimage","url":"https:\/\/www.baca.ca\/wp-content\/uploads\/2022\/03\/Camille-Seaman_RX406186.jpg","contentUrl":"https:\/\/www.baca.ca\/wp-content\/uploads\/2022\/03\/Camille-Seaman_RX406186.jpg","width":1536,"height":1024},{"@type":"BreadcrumbList","@id":"https:\/\/www.baca.ca\/en\/exhibitions\/land-back\/musee-des-beaux-arts-de-sherbrooke\/#breadcrumb","itemListElement":[{"@type":"ListItem","position":1,"name":"Home","item":"https:\/\/www.baca.ca\/en\/"},{"@type":"ListItem","position":2,"name":"Exhibitions","item":"https:\/\/www.baca.ca\/en\/exhibitions\/"},{"@type":"ListItem","position":3,"name":"Land Back","item":"https:\/\/www.baca.ca\/en\/exhibitions\/land-back\/"},{"@type":"ListItem","position":4,"name":"Mus\u00e9e des beaux-arts de Sherbrooke"}]},{"@type":"WebSite","@id":"https:\/\/www.baca.ca\/en\/#website","url":"https:\/\/www.baca.ca\/en\/","name":"La Biennale d\u2019art contemporain autochtone","description":"Contemporary Native Art Biennial (BACA)","publisher":{"@id":"https:\/\/www.baca.ca\/en\/#organization"},"potentialAction":[{"@type":"SearchAction","target":{"@type":"EntryPoint","urlTemplate":"https:\/\/www.baca.ca\/en\/?s={search_term_string}"},"query-input":{"@type":"PropertyValueSpecification","valueRequired":true,"valueName":"search_term_string"}}],"inLanguage":"en-US"},{"@type":"Organization","@id":"https:\/\/www.baca.ca\/en\/#organization","name":"BACA","url":"https:\/\/www.baca.ca\/en\/","logo":{"@type":"ImageObject","inLanguage":"en-US","@id":"https:\/\/www.baca.ca\/en\/#\/schema\/logo\/image\/","url":"https:\/\/www.baca.ca\/wp-content\/uploads\/2018\/03\/BACA.png","contentUrl":"https:\/\/www.baca.ca\/wp-content\/uploads\/2018\/03\/BACA.png","width":220,"height":50,"caption":"BACA"},"image":{"@id":"https:\/\/www.baca.ca\/en\/#\/schema\/logo\/image\/"},"sameAs":["https:\/\/www.facebook.com\/bacabiennale\/","https:\/\/www.instagram.com\/bacabiennale","https:\/\/bsky.app\/profile\/bacabiennale.bsky.social"]}]}},"_links":{"self":[{"href":"https:\/\/www.baca.ca\/en\/wp-json\/wp\/v2\/pages\/85424","targetHints":{"allow":["GET"]}}],"collection":[{"href":"https:\/\/www.baca.ca\/en\/wp-json\/wp\/v2\/pages"}],"about":[{"href":"https:\/\/www.baca.ca\/en\/wp-json\/wp\/v2\/types\/page"}],"author":[{"embeddable":true,"href":"https:\/\/www.baca.ca\/en\/wp-json\/wp\/v2\/users\/1"}],"replies":[{"embeddable":true,"href":"https:\/\/www.baca.ca\/en\/wp-json\/wp\/v2\/comments?post=85424"}],"version-history":[{"count":0,"href":"https:\/\/www.baca.ca\/en\/wp-json\/wp\/v2\/pages\/85424\/revisions"}],"up":[{"embeddable":true,"href":"https:\/\/www.baca.ca\/en\/wp-json\/wp\/v2\/pages\/86966"}],"wp:featuredmedia":[{"embeddable":true,"href":"https:\/\/www.baca.ca\/en\/wp-json\/wp\/v2\/media\/85306"}],"wp:attachment":[{"href":"https:\/\/www.baca.ca\/en\/wp-json\/wp\/v2\/media?parent=85424"}],"curies":[{"name":"wp","href":"https:\/\/api.w.org\/{rel}","templated":true}]}}