{"id":85035,"date":"2021-08-10T15:03:27","date_gmt":"2021-08-10T15:03:27","guid":{"rendered":"https:\/\/www.baca.ca\/kashatstenhsera\/"},"modified":"2024-01-23T15:19:04","modified_gmt":"2024-01-23T19:19:04","slug":"kashatstenhsera","status":"publish","type":"page","link":"https:\/\/www.baca.ca\/en\/galerie-shekon\/kashatstenhsera\/","title":{"rendered":"Kyle Williams: Ka\u2019shatst\u00e9nhsera"},"content":{"rendered":"<div class=\"wpb-content-wrapper\"><p>[vc_row][vc_column width=&#8221;1\/2&#8243;][vc_column_text uncode_shortcode_id=&#8221;148628&#8243;]August 14 &#8211; September 25, 2021<br \/>\nKyle Williams: Ka\u2019shatst\u00e9nhsera<br \/>\nCurator: MC Snow<\/p>\n<p>She:kon Gallery (BACA project space)<br \/>\n5826, St-Hubert<br \/>\nTio\u2019tia:ke (Montr\u00e9al), QC<\/p>\n<p>We invite you on August 14 at 2:00 p.m. for the launch of the Ka\u2019shatst\u00e9nhsera exhibition in the presence of the artist and the curator.<\/p>\n<p>The inauguration of this new program will be with a solo exhibition by Kyle Williams, artist from Kahnawake. The artist will present a few series of his work in portraiture and landscape, accompanied by MC Snow who is carrying out their first mandate as an exhibition curator.<\/p>\n<p>\u201cKyle paints giant concrete structures that occupy the environment: towers, viaducts and bridges, all icons that obscure and cast their shadows over much of Mohawk territory. But instead of the gray gloom one might expect, the artist&#8217;s interpretation of these gigantic and menacing structures reveals rugged beauty. As if cement and metal scaffolding had a soul, Williams found a way to express it. The proud ironworkers, bridge builders and hardworking families of Kanienk\u00e9\u2019h\u00e0:ka eagerly await Williams to immortalize our city on canvas; me too.\u2019\u2019 MC Snow<\/p>\n<p>Kyle Kaient\u00f3:ton Williams is a young Kanien&#8217;keh\u00e1:ka artist from the Mohawk territory of Kahnaw\u00e0:ke. Multidisciplinary artist, his most common practice is drawing and more recently painting. Its cityscapes often represent gigantic structures that rival the natural landscape, such as bridges, reinforced concrete mega-structures and skyscrapers. These are spaces that have a strange resonance for the artist, between the destruction of the landscape and the pride of the ironworkers of the community. He holds an Arts Studies degree from Dawson College (2014) and undertook a major in painting at Concordia University.<\/p>\n<p>MC Snow is a Kanien&#8217;keh\u00e1:ka artist from the Mohawk territory of Kahnaw\u00e0:ke. Their main practice is sculpture and installation. MC holds a Bachelor of Fine Arts from the University of Ottawa (1987). Their works have been presented in individual and group exhibitions in Quebec and in the United States: in his community, through the network of Maisons de la culture de la Ville de Montreal and at the Biennial of Contemporary Native Art. The Ka\u2019shatst\u00e9nhsera exhibition is his first experience as a curator.<\/p>\n<p>Galerie She:kon, which means &#8220;hello&#8221; in Kanien&#8217;k\u00e9h\u00e0, focuses on showcasing solo exhibitions by up-and-coming Indigenous artists. This initiative aims to uncover fresh talent and provide an opportunity for those interested in curating their first exhibition.<\/p>\n<p>Acknowledgements<\/p>\n<p>La Biennale d\u2019art contemporain autochtone \/ The Contemporary Native Art Biennial (BACA) would like to thank the Conseil des arts et des lettres du Qu\u00e9bec (CALQ) for their financial support.[\/vc_column_text][\/vc_column][vc_column width=&#8221;1\/2&#8243;][vc_single_image media=&#8221;85016&#8243; media_lightbox=&#8221;yes&#8221; media_width_percent=&#8221;100&#8243; uncode_shortcode_id=&#8221;105751&#8243;][\/vc_column][\/vc_row]<\/p>\n<\/div>","protected":false},"excerpt":{"rendered":"<p>[vc_row][vc_column width=&#8221;1\/2&#8243;][vc_column_text uncode_shortcode_id=&#8221;148628&#8243;]August 14 &#8211; September 25, 2021 Kyle Williams: Ka\u2019shatst\u00e9nhsera Curator: MC Snow She:kon Gallery (BACA project space) 5826, [&hellip;]<\/p>\n","protected":false},"author":1,"featured_media":0,"parent":86609,"menu_order":0,"comment_status":"closed","ping_status":"closed","template":"","meta":{"footnotes":""},"class_list":["post-85035","page","type-page","status-publish","hentry"],"yoast_head":"<!-- This site is optimized with the Yoast SEO plugin v27.5 - https:\/\/yoast.com\/product\/yoast-seo-wordpress\/ -->\n<title>Kyle Williams: Ka\u2019shatst\u00e9nhsera | La Biennale d\u2019art contemporain autochtone<\/title>\n<meta name=\"robots\" content=\"index, follow, max-snippet:-1, max-image-preview:large, max-video-preview:-1\" \/>\n<link rel=\"canonical\" href=\"https:\/\/www.baca.ca\/en\/galerie-shekon\/kashatstenhsera\/\" \/>\n<meta property=\"og:locale\" content=\"en_US\" \/>\n<meta property=\"og:type\" content=\"article\" \/>\n<meta property=\"og:title\" content=\"Kyle Williams: Ka\u2019shatst\u00e9nhsera | La Biennale d\u2019art contemporain autochtone\" \/>\n<meta property=\"og:description\" content=\"[vc_row][vc_column width=&#8221;1\/2&#8243;][vc_column_text uncode_shortcode_id=&#8221;148628&#8243;]August 14 &#8211; September 25, 2021 Kyle Williams: Ka\u2019shatst\u00e9nhsera Curator: MC Snow She:kon Gallery (BACA project space) 5826, [&hellip;]\" \/>\n<meta property=\"og:url\" content=\"https:\/\/www.baca.ca\/en\/galerie-shekon\/kashatstenhsera\/\" \/>\n<meta property=\"og:site_name\" content=\"La Biennale d\u2019art contemporain autochtone\" \/>\n<meta property=\"article:publisher\" content=\"https:\/\/www.facebook.com\/bacabiennale\/\" \/>\n<meta property=\"article:modified_time\" content=\"2024-01-23T19:19:04+00:00\" \/>\n<meta name=\"twitter:card\" content=\"summary_large_image\" \/>\n<meta name=\"twitter:label1\" content=\"Est. reading time\" \/>\n\t<meta name=\"twitter:data1\" content=\"2 minutes\" \/>\n<script type=\"application\/ld+json\" class=\"yoast-schema-graph\">{\"@context\":\"https:\\\/\\\/schema.org\",\"@graph\":[{\"@type\":\"WebPage\",\"@id\":\"https:\\\/\\\/www.baca.ca\\\/en\\\/galerie-shekon\\\/kashatstenhsera\\\/\",\"url\":\"https:\\\/\\\/www.baca.ca\\\/en\\\/galerie-shekon\\\/kashatstenhsera\\\/\",\"name\":\"Kyle Williams: Ka\u2019shatst\u00e9nhsera | La Biennale d\u2019art contemporain autochtone\",\"isPartOf\":{\"@id\":\"https:\\\/\\\/www.baca.ca\\\/en\\\/#website\"},\"datePublished\":\"2021-08-10T15:03:27+00:00\",\"dateModified\":\"2024-01-23T19:19:04+00:00\",\"breadcrumb\":{\"@id\":\"https:\\\/\\\/www.baca.ca\\\/en\\\/galerie-shekon\\\/kashatstenhsera\\\/#breadcrumb\"},\"inLanguage\":\"en-US\",\"potentialAction\":[{\"@type\":\"ReadAction\",\"target\":[\"https:\\\/\\\/www.baca.ca\\\/en\\\/galerie-shekon\\\/kashatstenhsera\\\/\"]}]},{\"@type\":\"BreadcrumbList\",\"@id\":\"https:\\\/\\\/www.baca.ca\\\/en\\\/galerie-shekon\\\/kashatstenhsera\\\/#breadcrumb\",\"itemListElement\":[{\"@type\":\"ListItem\",\"position\":1,\"name\":\"Home\",\"item\":\"https:\\\/\\\/www.baca.ca\\\/en\\\/\"},{\"@type\":\"ListItem\",\"position\":2,\"name\":\"Galerie Sh\u00e9:kon\",\"item\":\"https:\\\/\\\/www.baca.ca\\\/en\\\/galerie-shekon\\\/\"},{\"@type\":\"ListItem\",\"position\":3,\"name\":\"Kyle Williams: Ka\u2019shatst\u00e9nhsera\"}]},{\"@type\":\"WebSite\",\"@id\":\"https:\\\/\\\/www.baca.ca\\\/en\\\/#website\",\"url\":\"https:\\\/\\\/www.baca.ca\\\/en\\\/\",\"name\":\"La Biennale d\u2019art contemporain autochtone\",\"description\":\"Contemporary Native Art Biennial (BACA)\",\"publisher\":{\"@id\":\"https:\\\/\\\/www.baca.ca\\\/en\\\/#organization\"},\"potentialAction\":[{\"@type\":\"SearchAction\",\"target\":{\"@type\":\"EntryPoint\",\"urlTemplate\":\"https:\\\/\\\/www.baca.ca\\\/en\\\/?s={search_term_string}\"},\"query-input\":{\"@type\":\"PropertyValueSpecification\",\"valueRequired\":true,\"valueName\":\"search_term_string\"}}],\"inLanguage\":\"en-US\"},{\"@type\":\"Organization\",\"@id\":\"https:\\\/\\\/www.baca.ca\\\/en\\\/#organization\",\"name\":\"BACA\",\"url\":\"https:\\\/\\\/www.baca.ca\\\/en\\\/\",\"logo\":{\"@type\":\"ImageObject\",\"inLanguage\":\"en-US\",\"@id\":\"https:\\\/\\\/www.baca.ca\\\/en\\\/#\\\/schema\\\/logo\\\/image\\\/\",\"url\":\"https:\\\/\\\/www.baca.ca\\\/wp-content\\\/uploads\\\/2018\\\/03\\\/BACA.png\",\"contentUrl\":\"https:\\\/\\\/www.baca.ca\\\/wp-content\\\/uploads\\\/2018\\\/03\\\/BACA.png\",\"width\":220,\"height\":50,\"caption\":\"BACA\"},\"image\":{\"@id\":\"https:\\\/\\\/www.baca.ca\\\/en\\\/#\\\/schema\\\/logo\\\/image\\\/\"},\"sameAs\":[\"https:\\\/\\\/www.facebook.com\\\/bacabiennale\\\/\",\"https:\\\/\\\/www.instagram.com\\\/bacabiennale\",\"https:\\\/\\\/bsky.app\\\/profile\\\/bacabiennale.bsky.social\"]}]}<\/script>\n<!-- \/ Yoast SEO plugin. -->","yoast_head_json":{"title":"Kyle Williams: Ka\u2019shatst\u00e9nhsera | La Biennale d\u2019art contemporain autochtone","robots":{"index":"index","follow":"follow","max-snippet":"max-snippet:-1","max-image-preview":"max-image-preview:large","max-video-preview":"max-video-preview:-1"},"canonical":"https:\/\/www.baca.ca\/en\/galerie-shekon\/kashatstenhsera\/","og_locale":"en_US","og_type":"article","og_title":"Kyle Williams: Ka\u2019shatst\u00e9nhsera | La Biennale d\u2019art contemporain autochtone","og_description":"[vc_row][vc_column width=&#8221;1\/2&#8243;][vc_column_text uncode_shortcode_id=&#8221;148628&#8243;]August 14 &#8211; September 25, 2021 Kyle Williams: Ka\u2019shatst\u00e9nhsera Curator: MC Snow She:kon Gallery (BACA project space) 5826, [&hellip;]","og_url":"https:\/\/www.baca.ca\/en\/galerie-shekon\/kashatstenhsera\/","og_site_name":"La Biennale d\u2019art contemporain autochtone","article_publisher":"https:\/\/www.facebook.com\/bacabiennale\/","article_modified_time":"2024-01-23T19:19:04+00:00","twitter_card":"summary_large_image","twitter_misc":{"Est. reading time":"2 minutes"},"schema":{"@context":"https:\/\/schema.org","@graph":[{"@type":"WebPage","@id":"https:\/\/www.baca.ca\/en\/galerie-shekon\/kashatstenhsera\/","url":"https:\/\/www.baca.ca\/en\/galerie-shekon\/kashatstenhsera\/","name":"Kyle Williams: Ka\u2019shatst\u00e9nhsera | La Biennale d\u2019art contemporain autochtone","isPartOf":{"@id":"https:\/\/www.baca.ca\/en\/#website"},"datePublished":"2021-08-10T15:03:27+00:00","dateModified":"2024-01-23T19:19:04+00:00","breadcrumb":{"@id":"https:\/\/www.baca.ca\/en\/galerie-shekon\/kashatstenhsera\/#breadcrumb"},"inLanguage":"en-US","potentialAction":[{"@type":"ReadAction","target":["https:\/\/www.baca.ca\/en\/galerie-shekon\/kashatstenhsera\/"]}]},{"@type":"BreadcrumbList","@id":"https:\/\/www.baca.ca\/en\/galerie-shekon\/kashatstenhsera\/#breadcrumb","itemListElement":[{"@type":"ListItem","position":1,"name":"Home","item":"https:\/\/www.baca.ca\/en\/"},{"@type":"ListItem","position":2,"name":"Galerie Sh\u00e9:kon","item":"https:\/\/www.baca.ca\/en\/galerie-shekon\/"},{"@type":"ListItem","position":3,"name":"Kyle Williams: Ka\u2019shatst\u00e9nhsera"}]},{"@type":"WebSite","@id":"https:\/\/www.baca.ca\/en\/#website","url":"https:\/\/www.baca.ca\/en\/","name":"La Biennale d\u2019art contemporain autochtone","description":"Contemporary Native Art Biennial (BACA)","publisher":{"@id":"https:\/\/www.baca.ca\/en\/#organization"},"potentialAction":[{"@type":"SearchAction","target":{"@type":"EntryPoint","urlTemplate":"https:\/\/www.baca.ca\/en\/?s={search_term_string}"},"query-input":{"@type":"PropertyValueSpecification","valueRequired":true,"valueName":"search_term_string"}}],"inLanguage":"en-US"},{"@type":"Organization","@id":"https:\/\/www.baca.ca\/en\/#organization","name":"BACA","url":"https:\/\/www.baca.ca\/en\/","logo":{"@type":"ImageObject","inLanguage":"en-US","@id":"https:\/\/www.baca.ca\/en\/#\/schema\/logo\/image\/","url":"https:\/\/www.baca.ca\/wp-content\/uploads\/2018\/03\/BACA.png","contentUrl":"https:\/\/www.baca.ca\/wp-content\/uploads\/2018\/03\/BACA.png","width":220,"height":50,"caption":"BACA"},"image":{"@id":"https:\/\/www.baca.ca\/en\/#\/schema\/logo\/image\/"},"sameAs":["https:\/\/www.facebook.com\/bacabiennale\/","https:\/\/www.instagram.com\/bacabiennale","https:\/\/bsky.app\/profile\/bacabiennale.bsky.social"]}]}},"_links":{"self":[{"href":"https:\/\/www.baca.ca\/en\/wp-json\/wp\/v2\/pages\/85035","targetHints":{"allow":["GET"]}}],"collection":[{"href":"https:\/\/www.baca.ca\/en\/wp-json\/wp\/v2\/pages"}],"about":[{"href":"https:\/\/www.baca.ca\/en\/wp-json\/wp\/v2\/types\/page"}],"author":[{"embeddable":true,"href":"https:\/\/www.baca.ca\/en\/wp-json\/wp\/v2\/users\/1"}],"replies":[{"embeddable":true,"href":"https:\/\/www.baca.ca\/en\/wp-json\/wp\/v2\/comments?post=85035"}],"version-history":[{"count":0,"href":"https:\/\/www.baca.ca\/en\/wp-json\/wp\/v2\/pages\/85035\/revisions"}],"up":[{"embeddable":true,"href":"https:\/\/www.baca.ca\/en\/wp-json\/wp\/v2\/pages\/86609"}],"wp:attachment":[{"href":"https:\/\/www.baca.ca\/en\/wp-json\/wp\/v2\/media?parent=85035"}],"curies":[{"name":"wp","href":"https:\/\/api.w.org\/{rel}","templated":true}]}}