{"id":76420,"date":"2018-04-12T15:36:42","date_gmt":"2018-04-12T15:36:42","guid":{"rendered":"https:\/\/www.baca.ca\/?page_id=76420"},"modified":"2018-07-26T14:46:10","modified_gmt":"2018-07-26T14:46:10","slug":"2018-theme","status":"publish","type":"page","link":"https:\/\/www.baca.ca\/en\/2018-theme\/","title":{"rendered":"2018 Theme"},"content":{"rendered":"<div class=\"wpb-content-wrapper\"><p>[vc_row][vc_column width=&#8221;1\/1&#8243;][vc_single_image media=&#8221;75874&#8243; media_lightbox=&#8221;yes&#8221; media_width_percent=&#8221;100&#8243; lbox_caption=&#8221;yes&#8221;][vc_column_text]Contemporary Native Art Biennial (BACA) \u2013 4th edition<br \/>\n<em>n\u00edchiwamiskw\u00e9m | nimidet | ma soeur | my sister<\/em><br \/>\nGuest curators: Niki Little and Becca Taylor<\/p>\n<p>The fourth edition of the Contemporary Native Art Biennial opens shortly with four exhibitions and a rich program of events that includes performances, roundtables and screenings. Over two months, Montreal and Sherbrooke will present the best of recent contemporary Indigenous art. The guest co-curators, Niki Little (Winnipeg\/winnipi, MB) and Becca Taylor (Edmonton\/amiskwaciw\u00e2skahikan, AB) have brought together forty-five artists from across America for this edition entirely dedicated to women. The exhibition <em>n\u00edchiwamiskw\u00e9m | nimidet | ma s\u0153ur | my sister<\/em> will explore multiple relationships that relate to the concept of sisterhood, whether these be intergenerational or through friendship, based on blood or solidarity, born of adversity, struggle and joy.<\/p>\n<p>Spread between four venues, the Biennial will be hosted by the Stewart Hall Art Gallery in Pointe-Claire, Art M\u00fbr, La Guilde and the Sherbrooke Museum of Fine Arts. The McCord Museum will host an evening dedicated to screening Indigenous films as well as a round table.<\/p>\n<p>The program of this fourth edition \u2013 rich in events \u2013 will reveal the diverse perspectives that Indigenous female, queer and two-spirit artists hold. Their practices employ a variety of strategies from appropriation to transgression. They reinvent their identities, activating traditional methods of making and disrupting stereotypes. From sculpture to video, installation, engraving, textile and sound art and political postering, a wide range of mediums will be used to evoke, share and illuminate the many narratives that shape the identity of Indigenous women.<\/p>\n<p>Translation in Mohawk by Hilda Nicholas<\/p>\n<p>Tho \u2018onth\u00f3nhnhete ki we\u2019n\u00e9hston sha\u2019teionkwatsk\u00e1:hon ne iakwatat\u00e9:ken, ne ne konn\u00f3n:kwe iotii\u00f3te ne kanakerahser\u00e1:kon nia\u2019t\u00e9:kon kont\u00ed:rek\u2019s aonterihwaht\u00e9n:ti. Ne ia\u2019tiakwanonht\u00f3nnionhwe oh nikakar\u00f3:ten\u2019s kontihthar\u00e1hkwahkwe\u2019 tsi n\u00f3n:we tekontatkenhskwe\u2019. Ne iakhii\u00e8n:tere\u2019s ne ioti\u2019shatstenhserow\u00e1:nen\u2019s konn\u00f3n:kwe  sk\u00e1tne teionkwat\u00f3nton, ioti\u2019nikonhrow\u00e1:nen\u2019s. Tsi ionkwatenro\u2019ser\u00f3n:ni tionkw\u00e1:wis ne ion\u2019w\u00e9:sen tsi na\u2019teiakwater\u00f3nnion, t\u00e1non \u2018onkwanakerahserakk\u00f3nhson ne iakwatat\u00e9:ken ionkwahiahrahst\u00e9n:ni tsi na\u2019teionter\u00f3nnion tsi teionkwaienaw\u00e1:kon t\u00e1non tsi iakwatia\u2019tar\u00f3:rok\u2019s. Tho ki n\u00ed:ioht tsi iakwatk\u00e1hthos tsi teionkwaiewnaw\u00e1:kon ne 40 nih\u00e1:ti ratir\u00e1hstha, akwe tekonttih\u00e1nion tsi nihotiio\u2019tenhser\u00f3:ten\u2019s.<\/p>\n<p>Tewat\u00e1teken, sha\u2019teionkw\u00e1:wen tsi na\u2019tetew\u00e1teron ne \u00ed:I t\u00e1non n\u00ed:se\u2019 tionkweht\u00e1hkwen sk\u00e1tne tewai\u00e0:tare ne onkwanakerahserak\u00f3nhson ne n\u00ed:i t\u00e1non \u00ed:se\u2019.<\/p>\n<p>Tiatat\u00e9:ken<\/p>\n<p>Iakwawennakw\u00e9:kon tsi wa\u2019tkwanonhwer\u00e1:ton sewakw\u00e9:konne sewar\u00e1hstha ne sewaio\u2019t\u00e9nhsera, sewawenna\u2019sh\u00f3n:\u2019a,t\u00e1non sewanonhtonni\u00f3htshera wahskwai\u00e9:nawa\u2019se tsi n\u00ed:ioht tsi eniakw\u00e9:nenste\u2019 t\u00e1non tsi \u2018onthi\u00e1:ton, sewakw\u00e9:kon wa\u2019kwai\u00e8n:tere\u2019ne k\u00e9n:thon sewai\u00e0:tare.<br \/>\n[\/vc_column_text][\/vc_column][\/vc_row]<\/p>\n<\/div>","protected":false},"excerpt":{"rendered":"<p>[vc_row][vc_column width=&#8221;1\/1&#8243;][vc_single_image media=&#8221;75874&#8243; media_lightbox=&#8221;yes&#8221; media_width_percent=&#8221;100&#8243; lbox_caption=&#8221;yes&#8221;][vc_column_text]Contemporary Native Art Biennial (BACA) \u2013 4th edition n\u00edchiwamiskw\u00e9m | nimidet | ma soeur | [&hellip;]<\/p>\n","protected":false},"author":1,"featured_media":0,"parent":0,"menu_order":0,"comment_status":"closed","ping_status":"closed","template":"","meta":{"footnotes":""},"class_list":["post-76420","page","type-page","status-publish","hentry"],"yoast_head":"<!-- This site is optimized with the Yoast SEO plugin v27.3 - https:\/\/yoast.com\/product\/yoast-seo-wordpress\/ -->\n<title>2018 Theme | La Biennale d\u2019art contemporain autochtone<\/title>\n<meta name=\"robots\" content=\"index, follow, max-snippet:-1, max-image-preview:large, max-video-preview:-1\" \/>\n<link rel=\"canonical\" href=\"https:\/\/www.baca.ca\/en\/2018-theme\/\" \/>\n<meta property=\"og:locale\" content=\"en_US\" \/>\n<meta property=\"og:type\" content=\"article\" \/>\n<meta property=\"og:title\" content=\"2018 Theme | La Biennale d\u2019art contemporain autochtone\" \/>\n<meta property=\"og:description\" content=\"[vc_row][vc_column width=&#8221;1\/1&#8243;][vc_single_image media=&#8221;75874&#8243; media_lightbox=&#8221;yes&#8221; media_width_percent=&#8221;100&#8243; lbox_caption=&#8221;yes&#8221;][vc_column_text]Contemporary Native Art Biennial (BACA) \u2013 4th edition n\u00edchiwamiskw\u00e9m | nimidet | ma soeur | [&hellip;]\" \/>\n<meta property=\"og:url\" content=\"https:\/\/www.baca.ca\/en\/2018-theme\/\" \/>\n<meta property=\"og:site_name\" content=\"La Biennale d\u2019art contemporain autochtone\" \/>\n<meta property=\"article:publisher\" content=\"https:\/\/www.facebook.com\/bacabiennale\/\" \/>\n<meta property=\"article:modified_time\" content=\"2018-07-26T14:46:10+00:00\" \/>\n<meta name=\"twitter:card\" content=\"summary_large_image\" \/>\n<meta name=\"twitter:label1\" content=\"Est. reading time\" \/>\n\t<meta name=\"twitter:data1\" content=\"3 minutes\" \/>\n<script type=\"application\/ld+json\" class=\"yoast-schema-graph\">{\"@context\":\"https:\\\/\\\/schema.org\",\"@graph\":[{\"@type\":\"WebPage\",\"@id\":\"https:\\\/\\\/www.baca.ca\\\/en\\\/2018-theme\\\/\",\"url\":\"https:\\\/\\\/www.baca.ca\\\/en\\\/2018-theme\\\/\",\"name\":\"2018 Theme | La Biennale d\u2019art contemporain autochtone\",\"isPartOf\":{\"@id\":\"https:\\\/\\\/www.baca.ca\\\/en\\\/#website\"},\"datePublished\":\"2018-04-12T15:36:42+00:00\",\"dateModified\":\"2018-07-26T14:46:10+00:00\",\"breadcrumb\":{\"@id\":\"https:\\\/\\\/www.baca.ca\\\/en\\\/2018-theme\\\/#breadcrumb\"},\"inLanguage\":\"en-US\",\"potentialAction\":[{\"@type\":\"ReadAction\",\"target\":[\"https:\\\/\\\/www.baca.ca\\\/en\\\/2018-theme\\\/\"]}]},{\"@type\":\"BreadcrumbList\",\"@id\":\"https:\\\/\\\/www.baca.ca\\\/en\\\/2018-theme\\\/#breadcrumb\",\"itemListElement\":[{\"@type\":\"ListItem\",\"position\":1,\"name\":\"Home\",\"item\":\"https:\\\/\\\/www.baca.ca\\\/en\\\/\"},{\"@type\":\"ListItem\",\"position\":2,\"name\":\"2018 Theme\"}]},{\"@type\":\"WebSite\",\"@id\":\"https:\\\/\\\/www.baca.ca\\\/en\\\/#website\",\"url\":\"https:\\\/\\\/www.baca.ca\\\/en\\\/\",\"name\":\"La Biennale d\u2019art contemporain autochtone\",\"description\":\"Contemporary Native Art Biennial (BACA)\",\"publisher\":{\"@id\":\"https:\\\/\\\/www.baca.ca\\\/en\\\/#organization\"},\"potentialAction\":[{\"@type\":\"SearchAction\",\"target\":{\"@type\":\"EntryPoint\",\"urlTemplate\":\"https:\\\/\\\/www.baca.ca\\\/en\\\/?s={search_term_string}\"},\"query-input\":{\"@type\":\"PropertyValueSpecification\",\"valueRequired\":true,\"valueName\":\"search_term_string\"}}],\"inLanguage\":\"en-US\"},{\"@type\":\"Organization\",\"@id\":\"https:\\\/\\\/www.baca.ca\\\/en\\\/#organization\",\"name\":\"BACA\",\"url\":\"https:\\\/\\\/www.baca.ca\\\/en\\\/\",\"logo\":{\"@type\":\"ImageObject\",\"inLanguage\":\"en-US\",\"@id\":\"https:\\\/\\\/www.baca.ca\\\/en\\\/#\\\/schema\\\/logo\\\/image\\\/\",\"url\":\"https:\\\/\\\/www.baca.ca\\\/wp-content\\\/uploads\\\/2018\\\/03\\\/BACA.png\",\"contentUrl\":\"https:\\\/\\\/www.baca.ca\\\/wp-content\\\/uploads\\\/2018\\\/03\\\/BACA.png\",\"width\":220,\"height\":50,\"caption\":\"BACA\"},\"image\":{\"@id\":\"https:\\\/\\\/www.baca.ca\\\/en\\\/#\\\/schema\\\/logo\\\/image\\\/\"},\"sameAs\":[\"https:\\\/\\\/www.facebook.com\\\/bacabiennale\\\/\",\"https:\\\/\\\/www.instagram.com\\\/bacabiennale\",\"https:\\\/\\\/bsky.app\\\/profile\\\/bacabiennale.bsky.social\"]}]}<\/script>\n<!-- \/ Yoast SEO plugin. -->","yoast_head_json":{"title":"2018 Theme | La Biennale d\u2019art contemporain autochtone","robots":{"index":"index","follow":"follow","max-snippet":"max-snippet:-1","max-image-preview":"max-image-preview:large","max-video-preview":"max-video-preview:-1"},"canonical":"https:\/\/www.baca.ca\/en\/2018-theme\/","og_locale":"en_US","og_type":"article","og_title":"2018 Theme | La Biennale d\u2019art contemporain autochtone","og_description":"[vc_row][vc_column width=&#8221;1\/1&#8243;][vc_single_image media=&#8221;75874&#8243; media_lightbox=&#8221;yes&#8221; media_width_percent=&#8221;100&#8243; lbox_caption=&#8221;yes&#8221;][vc_column_text]Contemporary Native Art Biennial (BACA) \u2013 4th edition n\u00edchiwamiskw\u00e9m | nimidet | ma soeur | [&hellip;]","og_url":"https:\/\/www.baca.ca\/en\/2018-theme\/","og_site_name":"La Biennale d\u2019art contemporain autochtone","article_publisher":"https:\/\/www.facebook.com\/bacabiennale\/","article_modified_time":"2018-07-26T14:46:10+00:00","twitter_card":"summary_large_image","twitter_misc":{"Est. reading time":"3 minutes"},"schema":{"@context":"https:\/\/schema.org","@graph":[{"@type":"WebPage","@id":"https:\/\/www.baca.ca\/en\/2018-theme\/","url":"https:\/\/www.baca.ca\/en\/2018-theme\/","name":"2018 Theme | La Biennale d\u2019art contemporain autochtone","isPartOf":{"@id":"https:\/\/www.baca.ca\/en\/#website"},"datePublished":"2018-04-12T15:36:42+00:00","dateModified":"2018-07-26T14:46:10+00:00","breadcrumb":{"@id":"https:\/\/www.baca.ca\/en\/2018-theme\/#breadcrumb"},"inLanguage":"en-US","potentialAction":[{"@type":"ReadAction","target":["https:\/\/www.baca.ca\/en\/2018-theme\/"]}]},{"@type":"BreadcrumbList","@id":"https:\/\/www.baca.ca\/en\/2018-theme\/#breadcrumb","itemListElement":[{"@type":"ListItem","position":1,"name":"Home","item":"https:\/\/www.baca.ca\/en\/"},{"@type":"ListItem","position":2,"name":"2018 Theme"}]},{"@type":"WebSite","@id":"https:\/\/www.baca.ca\/en\/#website","url":"https:\/\/www.baca.ca\/en\/","name":"La Biennale d\u2019art contemporain autochtone","description":"Contemporary Native Art Biennial (BACA)","publisher":{"@id":"https:\/\/www.baca.ca\/en\/#organization"},"potentialAction":[{"@type":"SearchAction","target":{"@type":"EntryPoint","urlTemplate":"https:\/\/www.baca.ca\/en\/?s={search_term_string}"},"query-input":{"@type":"PropertyValueSpecification","valueRequired":true,"valueName":"search_term_string"}}],"inLanguage":"en-US"},{"@type":"Organization","@id":"https:\/\/www.baca.ca\/en\/#organization","name":"BACA","url":"https:\/\/www.baca.ca\/en\/","logo":{"@type":"ImageObject","inLanguage":"en-US","@id":"https:\/\/www.baca.ca\/en\/#\/schema\/logo\/image\/","url":"https:\/\/www.baca.ca\/wp-content\/uploads\/2018\/03\/BACA.png","contentUrl":"https:\/\/www.baca.ca\/wp-content\/uploads\/2018\/03\/BACA.png","width":220,"height":50,"caption":"BACA"},"image":{"@id":"https:\/\/www.baca.ca\/en\/#\/schema\/logo\/image\/"},"sameAs":["https:\/\/www.facebook.com\/bacabiennale\/","https:\/\/www.instagram.com\/bacabiennale","https:\/\/bsky.app\/profile\/bacabiennale.bsky.social"]}]}},"_links":{"self":[{"href":"https:\/\/www.baca.ca\/en\/wp-json\/wp\/v2\/pages\/76420","targetHints":{"allow":["GET"]}}],"collection":[{"href":"https:\/\/www.baca.ca\/en\/wp-json\/wp\/v2\/pages"}],"about":[{"href":"https:\/\/www.baca.ca\/en\/wp-json\/wp\/v2\/types\/page"}],"author":[{"embeddable":true,"href":"https:\/\/www.baca.ca\/en\/wp-json\/wp\/v2\/users\/1"}],"replies":[{"embeddable":true,"href":"https:\/\/www.baca.ca\/en\/wp-json\/wp\/v2\/comments?post=76420"}],"version-history":[{"count":0,"href":"https:\/\/www.baca.ca\/en\/wp-json\/wp\/v2\/pages\/76420\/revisions"}],"wp:attachment":[{"href":"https:\/\/www.baca.ca\/en\/wp-json\/wp\/v2\/media?parent=76420"}],"curies":[{"name":"wp","href":"https:\/\/api.w.org\/{rel}","templated":true}]}}