{"id":74353,"date":"2018-03-29T19:06:49","date_gmt":"2018-03-29T19:06:49","guid":{"rendered":"https:\/\/www.baca.ca\/exhibitions\/culture-shift-musee-mccord\/"},"modified":"2018-03-31T12:47:48","modified_gmt":"2018-03-31T12:47:48","slug":"culture-shift-musee-mccord","status":"publish","type":"page","link":"https:\/\/www.baca.ca\/en\/exhibitions\/culture-shift-musee-mccord\/","title":{"rendered":"Culture Shift : McCord Museum"},"content":{"rendered":"<div class=\"wpb-content-wrapper\"><p>[vc_row][vc_column width=&#8221;1\/2&#8243;][vc_column_text]April 30 \u2013 May 23, 2016 and May 26 \u2013 June 8, 2016<br \/>\nSarah Sense (Chitimacha, Choctaw), Her Story, Our Legacy, 2015<br \/>\nGuest curator: Michael Patten<br \/>\nAtrium artwork<br \/>\nMcCord Museum<br \/>\n690 Sherbrooke St W<br \/>\nMontreal (QC)<\/p>\n<p>April 30 \u2013 June 18, 2016<br \/>\nCaroline Monnet (Algonquin), Concrete, 2016<br \/>\nGuest curator: Michael Patten<br \/>\nOutdoor sculpture<br \/>\nMcCord Museum<br \/>\n690 Sherbrooke St W<br \/>\nMontreal (QC)<\/p>\n<p>Saturday, May 14, 2016, 1-5 p.m.<br \/>\nVideo screening (on loop)<br \/>\nSteven Yazzie (Navajo), Knowing You, Santa Fe, 5 min. 57 s<br \/>\nGuest curator: Michael Patten<br \/>\nJ.A. Bombardier Theatre<br \/>\nMcCord Museum<br \/>\n690 Sherbrooke St W<br \/>\nMontreal (QC)<\/p>\n<p>PANEL DISCUSSIONS<\/p>\n<p>Saturday, May 21 from 2-4 p.m.<br \/>\nLe statut de l\u2019objet dans l\u2019art autochtone presented by Espace art actuel (In French) with Jean-Philippe Uzel, St\u00e9fan St-Laurent, Eruoma Awashish (Atikamekw), Sylvie Par\u00e9 (Huron-Wendat)<br \/>\nJ.A. Bombardier Theatre<\/p>\n<p>Wednesday June 8, at 6 p.m.<br \/>\nLe r\u00f4le des artistes dans la repr\u00e9sentation cin\u00e9matographique des cultures autochtones avec Alanis Obomsawin (Abenaki), Nadine St-Louis (M\u00e9tis), et Michelle Van Beusekom<br \/>\nJ.A. Bombardier Theatre<\/p>\n<p>Special screening of the short films from the NFB Souvenir Collection<br \/>\nJ.A. Bombardier Theatre<br \/>\nMcCord Museum<br \/>\n690 Sherbrooke St W<br \/>\nMontreal (QC)<\/p>\n<p>Text by Suzanne Sauvage<br \/>\nPresident and Chief Executive Officer<\/p>\n<p>The McCord Museum is delighted to take part in the third edition of the Contemporary Native Art Biennial organized by the gallery Art M\u00fbr under the theme Culture Shift \u2013 Une r\u00e9volution culturelle. With its mission of celebrating Montreal\u2019s past and present, its history and communities, and its major collection of First Peoples objects, the Museum is an ideal partner for this event.<\/p>\n<p>The representation of the culture and history of First Peoples has always been at the heart of the McCord Museum\u2019s mission. The permanent exhibition Wearing our Identity \u2013 The First Peoples Collection attests to this commitment. The exhibition invites visitors to discover the heritage of First Peoples and reflect on the importance of dress in expressing identity. Contemporary Aboriginal works, selected by artist and curator Nadia Myre, are incorporated into the exhibition and renewed twice a year.<br \/>\nRecent works emerging from our Artist-in-Residence program, including Kent Monkman\u2019s Welcome to the Studio: An Allegory for Artistic Reflection and Transformation and Nadia Myre\u2019s installation Decolonial Gestures or Doing it Wrong? Refaire le chemin., express the artists\u2019 desire to represent their history, current realities and struggles. At the same time, they deliver a personal, discursive and hypothetical interpretation of our collections.<\/p>\n<p>In collaboration with Michael Patten, guest curator for the Biennial, the McCord Museum selected works that evoke in a unique way and in various forms (video, painting, sculpture, etc.) this \u201ccultural revolution.\u201d By questioning tradition, they echo the artistic, social and identity issues of the past and present facing Aboriginal communities across the continent. The Museum is therefore pleased to present the work of Canadian artist Caroline Monnet and incorporate into the Biennial the exhibition of its Artist-in-Residence Nadia Myre. The occasion also provides an exceptional opportunity to discover the talent of American artists Steven Yazzie and Sarah Sense.<\/p>\n<p>The McCord Museum would like to thank Michael Patten, Rh\u00e9al Olivier Lanthier and Fran\u00e7ois St-Jacques of Art M\u00fbr for this partnership as well as the National Film Board of Canada, for their collaboration on a special screening of the short films from the Souvenir Collection, followed by a panel discussion.[\/vc_column_text][\/vc_column][vc_column width=&#8221;1\/2&#8243;][vc_gallery el_id=&#8221;gallery-314159&#8243; medias=&#8221;74599,74601,74603,74605,74607,74609,74611&#8243; gutter_size=&#8221;3&#8243; screen_lg=&#8221;1000&#8243; screen_md=&#8221;600&#8243; screen_sm=&#8221;480&#8243; single_overlay_opacity=&#8221;50&#8243; single_padding=&#8221;2&#8243; lbox_caption=&#8221;yes&#8221;][\/vc_column][\/vc_row]<\/p>\n<\/div>","protected":false},"excerpt":{"rendered":"<p>[vc_row][vc_column width=&#8221;1\/2&#8243;][vc_column_text]April 30 \u2013 May 23, 2016 and May 26 \u2013 June 8, 2016 Sarah Sense (Chitimacha, Choctaw), Her Story, [&hellip;]<\/p>\n","protected":false},"author":1,"featured_media":0,"parent":73669,"menu_order":0,"comment_status":"closed","ping_status":"closed","template":"","meta":{"footnotes":""},"class_list":["post-74353","page","type-page","status-publish","hentry"],"yoast_head":"<!-- This site is optimized with the Yoast SEO plugin v27.3 - https:\/\/yoast.com\/product\/yoast-seo-wordpress\/ -->\n<title>Culture Shift : McCord Museum | La Biennale d\u2019art contemporain autochtone<\/title>\n<meta name=\"robots\" content=\"index, follow, max-snippet:-1, max-image-preview:large, max-video-preview:-1\" \/>\n<link rel=\"canonical\" href=\"https:\/\/www.baca.ca\/en\/exhibitions\/culture-shift-musee-mccord\/\" \/>\n<meta property=\"og:locale\" content=\"en_US\" \/>\n<meta property=\"og:type\" content=\"article\" \/>\n<meta property=\"og:title\" content=\"Culture Shift : McCord Museum | La Biennale d\u2019art contemporain autochtone\" \/>\n<meta property=\"og:description\" content=\"[vc_row][vc_column width=&#8221;1\/2&#8243;][vc_column_text]April 30 \u2013 May 23, 2016 and May 26 \u2013 June 8, 2016 Sarah Sense (Chitimacha, Choctaw), Her Story, [&hellip;]\" \/>\n<meta property=\"og:url\" content=\"https:\/\/www.baca.ca\/en\/exhibitions\/culture-shift-musee-mccord\/\" \/>\n<meta property=\"og:site_name\" content=\"La Biennale d\u2019art contemporain autochtone\" \/>\n<meta property=\"article:publisher\" content=\"https:\/\/www.facebook.com\/bacabiennale\/\" \/>\n<meta property=\"article:modified_time\" content=\"2018-03-31T12:47:48+00:00\" \/>\n<meta name=\"twitter:card\" content=\"summary_large_image\" \/>\n<meta name=\"twitter:label1\" content=\"Est. reading time\" \/>\n\t<meta name=\"twitter:data1\" content=\"3 minutes\" \/>\n<script type=\"application\/ld+json\" class=\"yoast-schema-graph\">{\"@context\":\"https:\\\/\\\/schema.org\",\"@graph\":[{\"@type\":\"WebPage\",\"@id\":\"https:\\\/\\\/www.baca.ca\\\/en\\\/exhibitions\\\/culture-shift-musee-mccord\\\/\",\"url\":\"https:\\\/\\\/www.baca.ca\\\/en\\\/exhibitions\\\/culture-shift-musee-mccord\\\/\",\"name\":\"Culture Shift : McCord Museum | La Biennale d\u2019art contemporain autochtone\",\"isPartOf\":{\"@id\":\"https:\\\/\\\/www.baca.ca\\\/en\\\/#website\"},\"datePublished\":\"2018-03-29T19:06:49+00:00\",\"dateModified\":\"2018-03-31T12:47:48+00:00\",\"breadcrumb\":{\"@id\":\"https:\\\/\\\/www.baca.ca\\\/en\\\/exhibitions\\\/culture-shift-musee-mccord\\\/#breadcrumb\"},\"inLanguage\":\"en-US\",\"potentialAction\":[{\"@type\":\"ReadAction\",\"target\":[\"https:\\\/\\\/www.baca.ca\\\/en\\\/exhibitions\\\/culture-shift-musee-mccord\\\/\"]}]},{\"@type\":\"BreadcrumbList\",\"@id\":\"https:\\\/\\\/www.baca.ca\\\/en\\\/exhibitions\\\/culture-shift-musee-mccord\\\/#breadcrumb\",\"itemListElement\":[{\"@type\":\"ListItem\",\"position\":1,\"name\":\"Home\",\"item\":\"https:\\\/\\\/www.baca.ca\\\/en\\\/\"},{\"@type\":\"ListItem\",\"position\":2,\"name\":\"Exhibitions\",\"item\":\"https:\\\/\\\/www.baca.ca\\\/en\\\/exhibitions\\\/\"},{\"@type\":\"ListItem\",\"position\":3,\"name\":\"Culture Shift : McCord Museum\"}]},{\"@type\":\"WebSite\",\"@id\":\"https:\\\/\\\/www.baca.ca\\\/en\\\/#website\",\"url\":\"https:\\\/\\\/www.baca.ca\\\/en\\\/\",\"name\":\"La Biennale d\u2019art contemporain autochtone\",\"description\":\"Contemporary Native Art Biennial (BACA)\",\"publisher\":{\"@id\":\"https:\\\/\\\/www.baca.ca\\\/en\\\/#organization\"},\"potentialAction\":[{\"@type\":\"SearchAction\",\"target\":{\"@type\":\"EntryPoint\",\"urlTemplate\":\"https:\\\/\\\/www.baca.ca\\\/en\\\/?s={search_term_string}\"},\"query-input\":{\"@type\":\"PropertyValueSpecification\",\"valueRequired\":true,\"valueName\":\"search_term_string\"}}],\"inLanguage\":\"en-US\"},{\"@type\":\"Organization\",\"@id\":\"https:\\\/\\\/www.baca.ca\\\/en\\\/#organization\",\"name\":\"BACA\",\"url\":\"https:\\\/\\\/www.baca.ca\\\/en\\\/\",\"logo\":{\"@type\":\"ImageObject\",\"inLanguage\":\"en-US\",\"@id\":\"https:\\\/\\\/www.baca.ca\\\/en\\\/#\\\/schema\\\/logo\\\/image\\\/\",\"url\":\"https:\\\/\\\/www.baca.ca\\\/wp-content\\\/uploads\\\/2018\\\/03\\\/BACA.png\",\"contentUrl\":\"https:\\\/\\\/www.baca.ca\\\/wp-content\\\/uploads\\\/2018\\\/03\\\/BACA.png\",\"width\":220,\"height\":50,\"caption\":\"BACA\"},\"image\":{\"@id\":\"https:\\\/\\\/www.baca.ca\\\/en\\\/#\\\/schema\\\/logo\\\/image\\\/\"},\"sameAs\":[\"https:\\\/\\\/www.facebook.com\\\/bacabiennale\\\/\",\"https:\\\/\\\/www.instagram.com\\\/bacabiennale\",\"https:\\\/\\\/bsky.app\\\/profile\\\/bacabiennale.bsky.social\"]}]}<\/script>\n<!-- \/ Yoast SEO plugin. -->","yoast_head_json":{"title":"Culture Shift : McCord Museum | La Biennale d\u2019art contemporain autochtone","robots":{"index":"index","follow":"follow","max-snippet":"max-snippet:-1","max-image-preview":"max-image-preview:large","max-video-preview":"max-video-preview:-1"},"canonical":"https:\/\/www.baca.ca\/en\/exhibitions\/culture-shift-musee-mccord\/","og_locale":"en_US","og_type":"article","og_title":"Culture Shift : McCord Museum | La Biennale d\u2019art contemporain autochtone","og_description":"[vc_row][vc_column width=&#8221;1\/2&#8243;][vc_column_text]April 30 \u2013 May 23, 2016 and May 26 \u2013 June 8, 2016 Sarah Sense (Chitimacha, Choctaw), Her Story, [&hellip;]","og_url":"https:\/\/www.baca.ca\/en\/exhibitions\/culture-shift-musee-mccord\/","og_site_name":"La Biennale d\u2019art contemporain autochtone","article_publisher":"https:\/\/www.facebook.com\/bacabiennale\/","article_modified_time":"2018-03-31T12:47:48+00:00","twitter_card":"summary_large_image","twitter_misc":{"Est. reading time":"3 minutes"},"schema":{"@context":"https:\/\/schema.org","@graph":[{"@type":"WebPage","@id":"https:\/\/www.baca.ca\/en\/exhibitions\/culture-shift-musee-mccord\/","url":"https:\/\/www.baca.ca\/en\/exhibitions\/culture-shift-musee-mccord\/","name":"Culture Shift : McCord Museum | La Biennale d\u2019art contemporain autochtone","isPartOf":{"@id":"https:\/\/www.baca.ca\/en\/#website"},"datePublished":"2018-03-29T19:06:49+00:00","dateModified":"2018-03-31T12:47:48+00:00","breadcrumb":{"@id":"https:\/\/www.baca.ca\/en\/exhibitions\/culture-shift-musee-mccord\/#breadcrumb"},"inLanguage":"en-US","potentialAction":[{"@type":"ReadAction","target":["https:\/\/www.baca.ca\/en\/exhibitions\/culture-shift-musee-mccord\/"]}]},{"@type":"BreadcrumbList","@id":"https:\/\/www.baca.ca\/en\/exhibitions\/culture-shift-musee-mccord\/#breadcrumb","itemListElement":[{"@type":"ListItem","position":1,"name":"Home","item":"https:\/\/www.baca.ca\/en\/"},{"@type":"ListItem","position":2,"name":"Exhibitions","item":"https:\/\/www.baca.ca\/en\/exhibitions\/"},{"@type":"ListItem","position":3,"name":"Culture Shift : McCord Museum"}]},{"@type":"WebSite","@id":"https:\/\/www.baca.ca\/en\/#website","url":"https:\/\/www.baca.ca\/en\/","name":"La Biennale d\u2019art contemporain autochtone","description":"Contemporary Native Art Biennial (BACA)","publisher":{"@id":"https:\/\/www.baca.ca\/en\/#organization"},"potentialAction":[{"@type":"SearchAction","target":{"@type":"EntryPoint","urlTemplate":"https:\/\/www.baca.ca\/en\/?s={search_term_string}"},"query-input":{"@type":"PropertyValueSpecification","valueRequired":true,"valueName":"search_term_string"}}],"inLanguage":"en-US"},{"@type":"Organization","@id":"https:\/\/www.baca.ca\/en\/#organization","name":"BACA","url":"https:\/\/www.baca.ca\/en\/","logo":{"@type":"ImageObject","inLanguage":"en-US","@id":"https:\/\/www.baca.ca\/en\/#\/schema\/logo\/image\/","url":"https:\/\/www.baca.ca\/wp-content\/uploads\/2018\/03\/BACA.png","contentUrl":"https:\/\/www.baca.ca\/wp-content\/uploads\/2018\/03\/BACA.png","width":220,"height":50,"caption":"BACA"},"image":{"@id":"https:\/\/www.baca.ca\/en\/#\/schema\/logo\/image\/"},"sameAs":["https:\/\/www.facebook.com\/bacabiennale\/","https:\/\/www.instagram.com\/bacabiennale","https:\/\/bsky.app\/profile\/bacabiennale.bsky.social"]}]}},"_links":{"self":[{"href":"https:\/\/www.baca.ca\/en\/wp-json\/wp\/v2\/pages\/74353","targetHints":{"allow":["GET"]}}],"collection":[{"href":"https:\/\/www.baca.ca\/en\/wp-json\/wp\/v2\/pages"}],"about":[{"href":"https:\/\/www.baca.ca\/en\/wp-json\/wp\/v2\/types\/page"}],"author":[{"embeddable":true,"href":"https:\/\/www.baca.ca\/en\/wp-json\/wp\/v2\/users\/1"}],"replies":[{"embeddable":true,"href":"https:\/\/www.baca.ca\/en\/wp-json\/wp\/v2\/comments?post=74353"}],"version-history":[{"count":0,"href":"https:\/\/www.baca.ca\/en\/wp-json\/wp\/v2\/pages\/74353\/revisions"}],"up":[{"embeddable":true,"href":"https:\/\/www.baca.ca\/en\/wp-json\/wp\/v2\/pages\/73669"}],"wp:attachment":[{"href":"https:\/\/www.baca.ca\/en\/wp-json\/wp\/v2\/media?parent=74353"}],"curies":[{"name":"wp","href":"https:\/\/api.w.org\/{rel}","templated":true}]}}